
{"id":514,"date":"2014-11-18T09:31:20","date_gmt":"2014-11-18T09:31:20","guid":{"rendered":"http:\/\/demo.oceanthemes.net\/ananke\/?page_id=514"},"modified":"2021-06-01T14:58:14","modified_gmt":"2021-06-01T11:58:14","slug":"piknik-tip-kaliplar","status":"publish","type":"page","link":"https:\/\/nesilplastik.com.tr\/tr\/piknik-tip-kaliplar\/","title":{"rendered":"Piknik Tip Kal\u0131plar"},"content":{"rendered":"<section class=\"wpb-content-wrapper\"><p>[vc_row][vc_column][\/vc_column][\/vc_row][vc_row][vc_column][\/vc_column][\/vc_row][vc_row][vc_column][\/vc_column][\/vc_row][vc_row][vc_column][\/vc_column][\/vc_row][vc_row][vc_column][\/vc_column][\/vc_row][vc_row][vc_column][\/vc_column][\/vc_row][vc_row][vc_column width=&#8221;1\/2&#8243;][vc_single_image image=&#8221;2451&#8243; img_size=&#8221;full&#8221;][\/vc_column][vc_column width=&#8221;1\/2&#8243;][vc_column_text]Piknik Tip Peynir Kal\u0131plar\u0131[\/vc_column_text][\/vc_column][\/vc_row][vc_row][vc_column width=&#8221;1\/4&#8243;][vc_column_text]<a href=\"https:\/\/nesilplastik.com.tr\/tr\/piknik-tip-kaliplar\/250-gr-piknik-tip-peynir-kaliplari-hava-bosluklu\/\" target=\"_blank\" rel=\"noopener noreferrer\"><img loading=\"lazy\" decoding=\"async\" class=\"alignnone wp-image-2129\" src=\"http:\/\/nesilplastik.com.tr\/tr\/wp-content\/uploads\/2017\/08\/250_gr_picnic_type_mold_with_air_space.png\" alt=\"\" width=\"180\" height=\"180\" \/><\/a><\/p>\n<p><a href=\"https:\/\/nesilplastik.com.tr\/tr\/piknik-tip-kaliplar\/250-gr-piknik-tip-peynir-kaliplari-hava-bosluklu\/\">Piknik Tip Peynir Kal\u0131b\u0131 (Hava Bo\u015fluklu) 250gr. <\/a>[\/vc_column_text][\/vc_column][vc_column width=&#8221;1\/4&#8243;][vc_column_text]<a href=\"https:\/\/nesilplastik.com.tr\/tr\/piknik-tip-kaliplar\/piknik-tip-peynir-kaliplari-125-250gr-hava-bosluksuz\/\" target=\"_blank\" rel=\"noopener noreferrer\"><img loading=\"lazy\" decoding=\"async\" class=\"alignnone wp-image-2133\" src=\"http:\/\/nesilplastik.com.tr\/tr\/wp-content\/uploads\/2017\/08\/250_gr_picnic_type_mold_without_air_space.png\" alt=\"\" width=\"180\" height=\"180\" \/><\/a><\/p>\n<p><a href=\"https:\/\/nesilplastik.com.tr\/tr\/piknik-tip-kaliplar\/piknik-tip-peynir-kaliplari-125-250gr-hava-bosluksuz\/\" target=\"_blank\" rel=\"noopener noreferrer\">Piknik Tip Peynir Kal\u0131b\u0131 (Hava Bo\u015fluksuz) 125 &#8211; 250gr.<\/a>[\/vc_column_text][\/vc_column][vc_column width=&#8221;1\/4&#8243;][vc_column_text]<a href=\"https:\/\/nesilplastik.com.tr\/tr\/piknik-tip-kaliplar\/350-400-gr-gram-piknik-tip-peynir-kaliplari-hava-bosluklu\/\" target=\"_blank\" rel=\"noopener noreferrer\"><img loading=\"lazy\" decoding=\"async\" class=\"alignnone wp-image-2135\" src=\"http:\/\/nesilplastik.com.tr\/tr\/wp-content\/uploads\/2017\/08\/400_gr_picnic_type_mold_with_air_space.png\" alt=\"\" width=\"180\" height=\"180\" \/><\/a><\/p>\n<p><a href=\"https:\/\/nesilplastik.com.tr\/tr\/piknik-tip-kaliplar\/350-400-gr-gram-piknik-tip-peynir-kaliplari-hava-bosluklu\/\">Piknik Tip Peynir Kal\u0131b\u0131 (Hava Bo\u015fluklu) 350 &#8211; 400gr.<\/a>[\/vc_column_text][\/vc_column][vc_column width=&#8221;1\/4&#8243;][vc_column_text]<a href=\"https:\/\/nesilplastik.com.tr\/tr\/piknik-tip-kaliplar\/piknik-tip-peynir-kaliplari-300-400gr-hava-bosluksuz\/\" target=\"_blank\" rel=\"noopener noreferrer\"><img loading=\"lazy\" decoding=\"async\" class=\"alignnone wp-image-2136\" src=\"http:\/\/nesilplastik.com.tr\/tr\/wp-content\/uploads\/2017\/08\/400_gr_picnic_type_mold_without_air_space.png\" alt=\"\" width=\"180\" height=\"180\" \/><\/a><\/p>\n<p><a href=\"https:\/\/nesilplastik.com.tr\/tr\/piknik-tip-kaliplar\/piknik-tip-peynir-kaliplari-300-400gr-hava-bosluksuz\/\" target=\"_blank\" rel=\"noopener noreferrer\">Piknik Tip Peynir Kal\u0131b\u0131 (Hava Bo\u015fluksuz) 300-400gr.<\/a>[\/vc_column_text][\/vc_column][\/vc_row][vc_row][vc_column width=&#8221;1\/4&#8243;][vc_column_text]<a href=\"https:\/\/nesilplastik.com.tr\/tr\/piknik-tip-kaliplar\/500-gr-gram-piknik-tip-peynir-kaliplari-hava-bosluklu\/\" target=\"_blank\" rel=\"noopener noreferrer\"><img loading=\"lazy\" decoding=\"async\" class=\"alignnone wp-image-2141\" src=\"http:\/\/nesilplastik.com.tr\/tr\/wp-content\/uploads\/2017\/08\/500_gr_picnic_type_mold_with_air_space.png\" alt=\"\" width=\"180\" height=\"180\" \/><\/a><\/p>\n<p><a href=\"https:\/\/nesilplastik.com.tr\/tr\/piknik-tip-kaliplar\/500-gr-gram-piknik-tip-peynir-kaliplari-hava-bosluklu\/\">Piknik Tip Peynir Kal\u0131b\u0131 (Hava Bo\u015fluklu) 500gr.<\/a>[\/vc_column_text][\/vc_column][vc_column width=&#8221;1\/4&#8243;][vc_column_text]<a href=\"https:\/\/nesilplastik.com.tr\/tr\/piknik-tip-kaliplar\/piknik-tip-peynir-kaliplari-500gr-hava-bosluksuz\/\" target=\"_blank\" rel=\"noopener noreferrer\"><img loading=\"lazy\" decoding=\"async\" class=\"alignnone wp-image-2142\" src=\"http:\/\/nesilplastik.com.tr\/tr\/wp-content\/uploads\/2017\/08\/500_gr_picnic_type_mold_without_air_space.png\" alt=\"\" width=\"180\" height=\"180\" \/><\/a><\/p>\n<p><a href=\"https:\/\/nesilplastik.com.tr\/tr\/piknik-tip-kaliplar\/piknik-tip-peynir-kaliplari-500gr-hava-bosluksuz\/\" target=\"_blank\" rel=\"noopener noreferrer\">Piknik Tip Peynir Kal\u0131b\u0131 (Hava Bo\u015fluksuz) 500gr.<\/a>[\/vc_column_text][\/vc_column][vc_column width=&#8221;1\/4&#8243;][vc_column_text]<a href=\"https:\/\/nesilplastik.com.tr\/tr\/piknik-tip-kaliplar\/700-750-gr-gram-piknik-tip-peynir-kaliplari-hava-bosluklu\/\" target=\"_blank\" rel=\"noopener noreferrer\"><img loading=\"lazy\" decoding=\"async\" class=\"alignnone wp-image-2145\" src=\"http:\/\/nesilplastik.com.tr\/tr\/wp-content\/uploads\/2017\/08\/750_gr_picnic_type_mold_with_air_space_flg_alt.png\" alt=\"\" width=\"180\" height=\"180\" \/><\/a><\/p>\n<p><a href=\"https:\/\/nesilplastik.com.tr\/tr\/piknik-tip-kaliplar\/700-750-gr-gram-piknik-tip-peynir-kaliplari-hava-bosluklu\/\">Piknik Tip Peynir Kal\u0131b\u0131 (Hava Bo\u015fluklu) 750 &#8211; 1000 gr.<\/a>[\/vc_column_text][\/vc_column][vc_column width=&#8221;1\/4&#8243;][vc_column_text]<a href=\"https:\/\/nesilplastik.com.tr\/tr\/piknik-tip-kaliplar\/piknik-tip-peynir-kaliplari-750gr-hava-bosluksuz\/\" target=\"_blank\" rel=\"noopener noreferrer\"><img loading=\"lazy\" decoding=\"async\" class=\"alignnone wp-image-2145\" src=\"http:\/\/nesilplastik.com.tr\/tr\/wp-content\/uploads\/2017\/08\/750_gr_picnic_type_mold_without_air_space.png\" alt=\"\" width=\"180\" height=\"180\" \/><\/a><\/p>\n<p><a href=\"https:\/\/nesilplastik.com.tr\/tr\/piknik-tip-kaliplar\/piknik-tip-peynir-kaliplari-750gr-hava-bosluksuz\/\">Piknik Tip Peynir Kal\u0131b\u0131 (Hava Bo\u015fluksuz) 750gr.<\/a>[\/vc_column_text][\/vc_column][\/vc_row]<\/p>\n<\/section>","protected":false},"excerpt":{"rendered":"<p>[vc_row][vc_column][\/vc_column][\/vc_row][vc_row][vc_column][\/vc_column][\/vc_row][vc_row][vc_column][\/vc_column][\/vc_row][vc_row][vc_column][\/vc_column][\/vc_row][vc_row][vc_column][\/vc_column][\/vc_row][vc_row][vc_column][\/vc_column][\/vc_row][vc_row][vc_column width=&#8221;1\/2&#8243;][vc_single_image image=&#8221;2451&#8243; img_size=&#8221;full&#8221;][\/vc_column][vc_column width=&#8221;1\/2&#8243;][vc_column_text]Piknik Tip Peynir Kal\u0131plar\u0131[\/vc_column_text][\/vc_column][\/vc_row][vc_row][vc_column width=&#8221;1\/4&#8243;][vc_column_text] Piknik Tip Peynir Kal\u0131b\u0131 (Hava Bo\u015fluklu) 250gr. [\/vc_column_text][\/vc_column][vc_column width=&#8221;1\/4&#8243;][vc_column_text] Piknik Tip Peynir Kal\u0131b\u0131 (Hava Bo\u015fluksuz) 125 &#8211; 250gr.[\/vc_column_text][\/vc_column][vc_column width=&#8221;1\/4&#8243;][vc_column_text] Piknik Tip Peynir Kal\u0131b\u0131 (Hava Bo\u015fluklu) 350 &#8211; 400gr.[\/vc_column_text][\/vc_column][vc_column width=&#8221;1\/4&#8243;][vc_column_text] Piknik Tip Peynir Kal\u0131b\u0131 (Hava Bo\u015fluksuz) 300-400gr.[\/vc_column_text][\/vc_column][\/vc_row][vc_row][vc_column width=&#8221;1\/4&#8243;][vc_column_text] Piknik Tip Peynir Kal\u0131b\u0131 (Hava Bo\u015fluklu) 500gr.[\/vc_column_text][\/vc_column][vc_column width=&#8221;1\/4&#8243;][vc_column_text] Piknik [&hellip;]<\/p>\n","protected":false},"author":2,"featured_media":0,"parent":0,"menu_order":0,"comment_status":"open","ping_status":"open","template":"page-templates\/template-canvas.php","meta":{"footnotes":""},"class_list":["post-514","page","type-page","status-publish","hentry"],"_links":{"self":[{"href":"https:\/\/nesilplastik.com.tr\/tr\/wp-json\/wp\/v2\/pages\/514","targetHints":{"allow":["GET"]}}],"collection":[{"href":"https:\/\/nesilplastik.com.tr\/tr\/wp-json\/wp\/v2\/pages"}],"about":[{"href":"https:\/\/nesilplastik.com.tr\/tr\/wp-json\/wp\/v2\/types\/page"}],"author":[{"embeddable":true,"href":"https:\/\/nesilplastik.com.tr\/tr\/wp-json\/wp\/v2\/users\/2"}],"replies":[{"embeddable":true,"href":"https:\/\/nesilplastik.com.tr\/tr\/wp-json\/wp\/v2\/comments?post=514"}],"version-history":[{"count":1,"href":"https:\/\/nesilplastik.com.tr\/tr\/wp-json\/wp\/v2\/pages\/514\/revisions"}],"predecessor-version":[{"id":4182,"href":"https:\/\/nesilplastik.com.tr\/tr\/wp-json\/wp\/v2\/pages\/514\/revisions\/4182"}],"wp:attachment":[{"href":"https:\/\/nesilplastik.com.tr\/tr\/wp-json\/wp\/v2\/media?parent=514"}],"curies":[{"name":"wp","href":"https:\/\/api.w.org\/{rel}","templated":true}]}}