
{"id":475,"date":"2014-11-18T04:16:08","date_gmt":"2014-11-18T04:16:08","guid":{"rendered":"http:\/\/demo.oceanthemes.net\/ananke\/?page_id=475"},"modified":"2021-06-02T11:55:18","modified_gmt":"2021-06-02T08:55:18","slug":"blok-model-kaliplar","status":"publish","type":"page","link":"https:\/\/nesilplastik.com.tr\/tr\/blok-model-kaliplar\/","title":{"rendered":"Blok Model Kal\u0131plar"},"content":{"rendered":"<section class=\"wpb-content-wrapper\"><p>[vc_row][vc_column][\/vc_column][\/vc_row][vc_row][vc_column][\/vc_column][\/vc_row][vc_row][vc_column][\/vc_column][\/vc_row][vc_row][vc_column][\/vc_column][\/vc_row][vc_row][vc_column][\/vc_column][\/vc_row][vc_row][vc_column][\/vc_column][\/vc_row][vc_row][vc_column width=&#8221;1\/2&#8243;][vc_column_text]<img loading=\"lazy\" decoding=\"async\" class=\"alignnone size-full wp-image-2176\" src=\"http:\/\/www.nesilplastik.com.tr\/tr\/wp-content\/uploads\/2014\/11\/block_type_cheese_molds.jpg\" alt=\"\" width=\"480\" height=\"270\" \/>[\/vc_column_text][\/vc_column][vc_column width=&#8221;1\/2&#8243;][vc_column_text]Blok Model Peynir Kal\u0131plar\u0131[\/vc_column_text][\/vc_column][\/vc_row][vc_row][vc_column width=&#8221;1\/4&#8243;][vc_column_text]<a href=\"https:\/\/nesilplastik.com.tr\/tr\/blok-model-kaliplar\/blok-tip-peynir-kaliplari-250-2000-gr\/\" target=\"_blank\" rel=\"noopener noreferrer\"><img loading=\"lazy\" decoding=\"async\" class=\"alignnone wp-image-2178\" src=\"http:\/\/nesilplastik.com.tr\/tr\/wp-content\/uploads\/2017\/08\/250_gr_block_type_cheese_mold_with_air_space.png\" alt=\"\" width=\"180\" height=\"180\" \/><\/a><\/p>\n<p><a href=\"https:\/\/nesilplastik.com.tr\/tr\/blok-model-kaliplar\/blok-tip-peynir-kaliplari-250-2000-gr\/\">Blok Tip Peynir Kal\u0131b\u0131 (Hava Bo\u015fluklu) 250-2000gr.<\/a>[\/vc_column_text][\/vc_column][vc_column width=&#8221;1\/4&#8243;][vc_column_text]<a href=\"https:\/\/nesilplastik.com.tr\/tr\/blok-model-kaliplar\/blok-tip-peynir-kaliplari-200-750-gr-hava-bosluksuz\/\" target=\"_blank\" rel=\"noopener noreferrer\"><img loading=\"lazy\" decoding=\"async\" class=\"alignnone wp-image-2179\" src=\"http:\/\/nesilplastik.com.tr\/tr\/wp-content\/uploads\/2017\/08\/250_gr_block_type_cheese_mold_without_air_space.png\" alt=\"\" width=\"180\" height=\"180\" \/><\/a><\/p>\n<p><a href=\"https:\/\/nesilplastik.com.tr\/tr\/blok-model-kaliplar\/blok-tip-peynir-kaliplari-200-750-gr-hava-bosluksuz\/\">Blok Tip Peynir Kal\u0131b\u0131 (Hava Bo\u015fluksuz) 250-750gr.<\/a>[\/vc_column_text][\/vc_column][vc_column width=&#8221;1\/4&#8243;][vc_column_text]<a href=\"https:\/\/nesilplastik.com.tr\/tr\/blok-model-kaliplar\/blok-tip-peynir-kaliplari-1000-6000gr\/\" target=\"_blank\" rel=\"noopener noreferrer\"><img loading=\"lazy\" decoding=\"async\" class=\"alignnone wp-image-2182\" src=\"http:\/\/nesilplastik.com.tr\/tr\/wp-content\/uploads\/2017\/08\/400_gr_block_type_cheese_mold_with_air_space.png\" alt=\"\" width=\"180\" height=\"180\" \/><\/a><\/p>\n<p><a href=\"https:\/\/nesilplastik.com.tr\/tr\/blok-model-kaliplar\/blok-tip-peynir-kaliplari-1000-6000gr\/\">Blok Tip Peynir Kal\u0131b\u0131 (Hava Bo\u015fluksuz) 1000-6000gr.<\/a>[\/vc_column_text][\/vc_column][vc_column width=&#8221;1\/4&#8243;][\/vc_column][\/vc_row]<\/p>\n<\/section>","protected":false},"excerpt":{"rendered":"<p>[vc_row][vc_column][\/vc_column][\/vc_row][vc_row][vc_column][\/vc_column][\/vc_row][vc_row][vc_column][\/vc_column][\/vc_row][vc_row][vc_column][\/vc_column][\/vc_row][vc_row][vc_column][\/vc_column][\/vc_row][vc_row][vc_column][\/vc_column][\/vc_row][vc_row][vc_column width=&#8221;1\/2&#8243;][vc_column_text][\/vc_column_text][\/vc_column][vc_column width=&#8221;1\/2&#8243;][vc_column_text]Blok Model Peynir Kal\u0131plar\u0131[\/vc_column_text][\/vc_column][\/vc_row][vc_row][vc_column width=&#8221;1\/4&#8243;][vc_column_text] Blok Tip Peynir Kal\u0131b\u0131 (Hava Bo\u015fluklu) 250-2000gr.[\/vc_column_text][\/vc_column][vc_column width=&#8221;1\/4&#8243;][vc_column_text] Blok Tip Peynir Kal\u0131b\u0131 (Hava Bo\u015fluksuz) 250-750gr.[\/vc_column_text][\/vc_column][vc_column width=&#8221;1\/4&#8243;][vc_column_text] Blok Tip Peynir Kal\u0131b\u0131 (Hava Bo\u015fluksuz) 1000-6000gr.[\/vc_column_text][\/vc_column][vc_column width=&#8221;1\/4&#8243;][\/vc_column][\/vc_row]<\/p>\n","protected":false},"author":2,"featured_media":0,"parent":0,"menu_order":0,"comment_status":"open","ping_status":"open","template":"page-templates\/template-canvas.php","meta":{"footnotes":""},"class_list":["post-475","page","type-page","status-publish","hentry"],"_links":{"self":[{"href":"https:\/\/nesilplastik.com.tr\/tr\/wp-json\/wp\/v2\/pages\/475","targetHints":{"allow":["GET"]}}],"collection":[{"href":"https:\/\/nesilplastik.com.tr\/tr\/wp-json\/wp\/v2\/pages"}],"about":[{"href":"https:\/\/nesilplastik.com.tr\/tr\/wp-json\/wp\/v2\/types\/page"}],"author":[{"embeddable":true,"href":"https:\/\/nesilplastik.com.tr\/tr\/wp-json\/wp\/v2\/users\/2"}],"replies":[{"embeddable":true,"href":"https:\/\/nesilplastik.com.tr\/tr\/wp-json\/wp\/v2\/comments?post=475"}],"version-history":[{"count":0,"href":"https:\/\/nesilplastik.com.tr\/tr\/wp-json\/wp\/v2\/pages\/475\/revisions"}],"wp:attachment":[{"href":"https:\/\/nesilplastik.com.tr\/tr\/wp-json\/wp\/v2\/media?parent=475"}],"curies":[{"name":"wp","href":"https:\/\/api.w.org\/{rel}","templated":true}]}}