
{"id":4111,"date":"2022-02-10T12:24:47","date_gmt":"2022-02-10T09:24:47","guid":{"rendered":"https:\/\/nesilplastik.com.tr\/tr\/?page_id=4111"},"modified":"2022-02-10T12:34:43","modified_gmt":"2022-02-10T09:34:43","slug":"keci-peyniri-coklu-kalibi","status":"publish","type":"page","link":"https:\/\/nesilplastik.com.tr\/tr\/coklu-kaliplar\/keci-peyniri-coklu-kalibi\/","title":{"rendered":"Ke\u00e7i Peyniri \u00c7oklu Kal\u0131b\u0131"},"content":{"rendered":"<section class=\"wpb-content-wrapper\"><p>[vc_row][vc_column][\/vc_column][\/vc_row][vc_row][vc_column][\/vc_column][\/vc_row][vc_row][vc_column][\/vc_column][\/vc_row][vc_row][vc_column][\/vc_column][\/vc_row][vc_row][vc_column][\/vc_column][\/vc_row][vc_row][vc_column][\/vc_column][\/vc_row][vc_row][vc_column width=&#8221;1\/3&#8243;][vc_column_text]<img loading=\"lazy\" decoding=\"async\" class=\"alignnone wp-image-4117\" src=\"https:\/\/nesilplastik.com.tr\/tr\/wp-content\/uploads\/2022\/02\/Keci-Peyniri-Coklu-Kalibi-77x80-1.png\" alt=\"\" width=\"501\" height=\"300\" srcset=\"https:\/\/nesilplastik.com.tr\/tr\/wp-content\/uploads\/2022\/02\/Keci-Peyniri-Coklu-Kalibi-77x80-1.png 952w, https:\/\/nesilplastik.com.tr\/tr\/wp-content\/uploads\/2022\/02\/Keci-Peyniri-Coklu-Kalibi-77x80-1-768x459.png 768w\" sizes=\"auto, (max-width: 501px) 100vw, 501px\" \/>[\/vc_column_text][\/vc_column][vc_column width=&#8221;1\/3&#8243;][vc_column_text]<img loading=\"lazy\" decoding=\"async\" class=\"alignnone wp-image-4114\" src=\"https:\/\/nesilplastik.com.tr\/tr\/wp-content\/uploads\/2022\/02\/Keci-Peyniri-Coklu-Kalibi-77x50-1.png\" alt=\"\" width=\"501\" height=\"300\" srcset=\"https:\/\/nesilplastik.com.tr\/tr\/wp-content\/uploads\/2022\/02\/Keci-Peyniri-Coklu-Kalibi-77x50-1.png 952w, https:\/\/nesilplastik.com.tr\/tr\/wp-content\/uploads\/2022\/02\/Keci-Peyniri-Coklu-Kalibi-77x50-1-768x459.png 768w\" sizes=\"auto, (max-width: 501px) 100vw, 501px\" \/>[\/vc_column_text][\/vc_column][vc_column width=&#8221;1\/3&#8243;][vc_column_text]Ke\u00e7i Peyniri \u00c7oklu Kal\u0131plar\u0131<br \/>\nKendinden Merkezlemeli Kal\u0131p Tipleri[\/vc_column_text][\/vc_column][\/vc_row][vc_row][vc_column][vc_tta_tabs][vc_tta_section title=&#8221;Tablo&#8221; tab_id=&#8221;tablo&#8221;][vc_column_text]<\/p>\n<table width=\"343\">\n<tbody>\n<tr>\n<td width=\"101\"><strong><span style=\"color: #ff0000;\">KOD<\/span><\/strong><\/td>\n<td width=\"95\"><strong><span style=\"color: #ff0000;\">GRAMAJ<\/span><\/strong><\/td>\n<td width=\"64\"><strong><span style=\"color: #ff0000;\">EBAT<\/span><\/strong><\/td>\n<td width=\"83\"><strong><span style=\"color: #ff0000;\">H\u0130ZALAMA<\/span><\/strong><\/td>\n<\/tr>\n<tr>\n<td>MKKP01<\/td>\n<td><\/td>\n<td>\u00a077&#215;80<\/td>\n<td><\/td>\n<\/tr>\n<tr>\n<td>MKKP02<\/td>\n<td><\/td>\n<td>77&#215;50<\/td>\n<td><\/td>\n<\/tr>\n<\/tbody>\n<\/table>\n<p>[\/vc_column_text][\/vc_tta_section][vc_tta_section title=&#8221;Resim&#8221; tab_id=&#8221;resim&#8221;][\/vc_tta_section][\/vc_tta_tabs][\/vc_column][\/vc_row]<\/p>\n<\/section>","protected":false},"excerpt":{"rendered":"<p>[vc_row][vc_column][\/vc_column][\/vc_row][vc_row][vc_column][\/vc_column][\/vc_row][vc_row][vc_column][\/vc_column][\/vc_row][vc_row][vc_column][\/vc_column][\/vc_row][vc_row][vc_column][\/vc_column][\/vc_row][vc_row][vc_column][\/vc_column][\/vc_row][vc_row][vc_column width=&#8221;1\/3&#8243;][vc_column_text][\/vc_column_text][\/vc_column][vc_column width=&#8221;1\/3&#8243;][vc_column_text][\/vc_column_text][\/vc_column][vc_column width=&#8221;1\/3&#8243;][vc_column_text]Ke\u00e7i Peyniri \u00c7oklu Kal\u0131plar\u0131 Kendinden Merkezlemeli Kal\u0131p Tipleri[\/vc_column_text][\/vc_column][\/vc_row][vc_row][vc_column][vc_tta_tabs][vc_tta_section title=&#8221;Tablo&#8221; tab_id=&#8221;tablo&#8221;][vc_column_text] KOD GRAMAJ EBAT H\u0130ZALAMA MKKP01 \u00a077&#215;80 MKKP02 77&#215;50 [\/vc_column_text][\/vc_tta_section][vc_tta_section title=&#8221;Resim&#8221; tab_id=&#8221;resim&#8221;][\/vc_tta_section][\/vc_tta_tabs][\/vc_column][\/vc_row]<\/p>\n","protected":false},"author":2,"featured_media":0,"parent":2263,"menu_order":0,"comment_status":"closed","ping_status":"closed","template":"page-templates\/template-canvas.php","meta":{"footnotes":""},"class_list":["post-4111","page","type-page","status-publish","hentry"],"_links":{"self":[{"href":"https:\/\/nesilplastik.com.tr\/tr\/wp-json\/wp\/v2\/pages\/4111","targetHints":{"allow":["GET"]}}],"collection":[{"href":"https:\/\/nesilplastik.com.tr\/tr\/wp-json\/wp\/v2\/pages"}],"about":[{"href":"https:\/\/nesilplastik.com.tr\/tr\/wp-json\/wp\/v2\/types\/page"}],"author":[{"embeddable":true,"href":"https:\/\/nesilplastik.com.tr\/tr\/wp-json\/wp\/v2\/users\/2"}],"replies":[{"embeddable":true,"href":"https:\/\/nesilplastik.com.tr\/tr\/wp-json\/wp\/v2\/comments?post=4111"}],"version-history":[{"count":0,"href":"https:\/\/nesilplastik.com.tr\/tr\/wp-json\/wp\/v2\/pages\/4111\/revisions"}],"up":[{"embeddable":true,"href":"https:\/\/nesilplastik.com.tr\/tr\/wp-json\/wp\/v2\/pages\/2263"}],"wp:attachment":[{"href":"https:\/\/nesilplastik.com.tr\/tr\/wp-json\/wp\/v2\/media?parent=4111"}],"curies":[{"name":"wp","href":"https:\/\/api.w.org\/{rel}","templated":true}]}}