
{"id":3894,"date":"2021-06-02T09:42:08","date_gmt":"2021-06-02T06:42:08","guid":{"rendered":"https:\/\/nesilplastik.com.tr\/tr\/?page_id=3894"},"modified":"2021-06-14T14:18:47","modified_gmt":"2021-06-14T11:18:47","slug":"blok-tip-peynir-kaliplari-1000-6000gr","status":"publish","type":"page","link":"https:\/\/nesilplastik.com.tr\/tr\/blok-model-kaliplar\/blok-tip-peynir-kaliplari-1000-6000gr\/","title":{"rendered":"Blok Tip Peynir Kal\u0131plar\u0131 (1000-6000gr)"},"content":{"rendered":"<section class=\"wpb-content-wrapper\"><p>[vc_row][vc_column][\/vc_column][\/vc_row][vc_row][vc_column][\/vc_column][\/vc_row][vc_row][vc_column][\/vc_column][\/vc_row][vc_row][vc_column][\/vc_column][\/vc_row][vc_row][vc_column][\/vc_column][\/vc_row][vc_row][vc_column][\/vc_column][\/vc_row][vc_row][vc_column width=&#8221;1\/3&#8243;][vc_column_text]<img loading=\"lazy\" decoding=\"async\" class=\"alignnone size-full wp-image-3342\" src=\"https:\/\/nesilplastik.com.tr\/tr\/wp-content\/uploads\/2017\/08\/1000_gr_block_type_cheese_mold_with_air_space.png\" alt=\"\" width=\"300\" height=\"300\" srcset=\"https:\/\/nesilplastik.com.tr\/tr\/wp-content\/uploads\/2017\/08\/1000_gr_block_type_cheese_mold_with_air_space.png 300w, https:\/\/nesilplastik.com.tr\/tr\/wp-content\/uploads\/2017\/08\/1000_gr_block_type_cheese_mold_with_air_space-150x150.png 150w, https:\/\/nesilplastik.com.tr\/tr\/wp-content\/uploads\/2017\/08\/1000_gr_block_type_cheese_mold_with_air_space-768x768.png 768w, https:\/\/nesilplastik.com.tr\/tr\/wp-content\/uploads\/2017\/08\/1000_gr_block_type_cheese_mold_with_air_space-1024x1024.png 1024w\" sizes=\"auto, (max-width: 300px) 100vw, 300px\" \/>[\/vc_column_text][\/vc_column][vc_column width=&#8221;1\/3&#8243;][vc_column_text]<img loading=\"lazy\" decoding=\"async\" class=\"alignnone size-full wp-image-3343\" src=\"https:\/\/nesilplastik.com.tr\/tr\/wp-content\/uploads\/2017\/08\/1000_gr_block_type_cheese_mold_without_air_space.png\" alt=\"\" width=\"300\" height=\"300\" srcset=\"https:\/\/nesilplastik.com.tr\/tr\/wp-content\/uploads\/2017\/08\/1000_gr_block_type_cheese_mold_without_air_space.png 300w, https:\/\/nesilplastik.com.tr\/tr\/wp-content\/uploads\/2017\/08\/1000_gr_block_type_cheese_mold_without_air_space-150x150.png 150w, https:\/\/nesilplastik.com.tr\/tr\/wp-content\/uploads\/2017\/08\/1000_gr_block_type_cheese_mold_without_air_space-768x768.png 768w, https:\/\/nesilplastik.com.tr\/tr\/wp-content\/uploads\/2017\/08\/1000_gr_block_type_cheese_mold_without_air_space-1024x1024.png 1024w\" sizes=\"auto, (max-width: 300px) 100vw, 300px\" \/>[\/vc_column_text][\/vc_column][vc_column width=&#8221;1\/3&#8243;][vc_column_text]<\/p>\n<section class=\"wpb_row bg-fixed\">\n<div class=\"container\">\n<div class=\"rows\">\n<div class=\"wpb_column vc_column_container four columns\">\n<div class=\"ak_column-inner \">\n<div class=\"wpb_wrapper \">\n<div class=\"wpb_text_column wpb_content_element \">\n<div class=\"wpb_wrapper\">\n<p>Blok Tip Peynir Kal\u0131plar\u0131 Hava Bo\u015fluksuz (1000-6000gr)<\/p>\n<\/div>\n<\/div>\n<\/div>\n<\/div>\n<\/div>\n<\/div>\n<\/div>\n<\/section>\n<p>[\/vc_column_text][\/vc_column][\/vc_row][vc_row][vc_column width=&#8221;1\/3&#8243;][vc_column_text]<img loading=\"lazy\" decoding=\"async\" class=\"alignnone size-full wp-image-3344\" src=\"https:\/\/nesilplastik.com.tr\/tr\/wp-content\/uploads\/2017\/08\/2000_gr_block_type_cheese_mold_with_air_space.png\" alt=\"\" width=\"300\" height=\"300\" srcset=\"https:\/\/nesilplastik.com.tr\/tr\/wp-content\/uploads\/2017\/08\/2000_gr_block_type_cheese_mold_with_air_space.png 300w, https:\/\/nesilplastik.com.tr\/tr\/wp-content\/uploads\/2017\/08\/2000_gr_block_type_cheese_mold_with_air_space-150x150.png 150w, https:\/\/nesilplastik.com.tr\/tr\/wp-content\/uploads\/2017\/08\/2000_gr_block_type_cheese_mold_with_air_space-768x768.png 768w, https:\/\/nesilplastik.com.tr\/tr\/wp-content\/uploads\/2017\/08\/2000_gr_block_type_cheese_mold_with_air_space-1024x1024.png 1024w\" sizes=\"auto, (max-width: 300px) 100vw, 300px\" \/>[\/vc_column_text][\/vc_column][vc_column width=&#8221;1\/3&#8243;][vc_column_text]<img loading=\"lazy\" decoding=\"async\" class=\"alignnone size-full wp-image-3345\" src=\"https:\/\/nesilplastik.com.tr\/tr\/wp-content\/uploads\/2017\/08\/2000_gr_block_type_cheese_mold_without_air_space.png\" alt=\"\" width=\"300\" height=\"300\" srcset=\"https:\/\/nesilplastik.com.tr\/tr\/wp-content\/uploads\/2017\/08\/2000_gr_block_type_cheese_mold_without_air_space.png 300w, https:\/\/nesilplastik.com.tr\/tr\/wp-content\/uploads\/2017\/08\/2000_gr_block_type_cheese_mold_without_air_space-150x150.png 150w, https:\/\/nesilplastik.com.tr\/tr\/wp-content\/uploads\/2017\/08\/2000_gr_block_type_cheese_mold_without_air_space-768x768.png 768w, https:\/\/nesilplastik.com.tr\/tr\/wp-content\/uploads\/2017\/08\/2000_gr_block_type_cheese_mold_without_air_space-1024x1024.png 1024w\" sizes=\"auto, (max-width: 300px) 100vw, 300px\" \/>[\/vc_column_text][\/vc_column][vc_column width=&#8221;1\/3&#8243;][vc_column_text]<img loading=\"lazy\" decoding=\"async\" class=\"alignnone size-full wp-image-3346\" src=\"https:\/\/nesilplastik.com.tr\/tr\/wp-content\/uploads\/2017\/08\/2500_gr_block_type_cheese_mold_with_air_space.png\" alt=\"\" width=\"300\" height=\"300\" srcset=\"https:\/\/nesilplastik.com.tr\/tr\/wp-content\/uploads\/2017\/08\/2500_gr_block_type_cheese_mold_with_air_space.png 300w, https:\/\/nesilplastik.com.tr\/tr\/wp-content\/uploads\/2017\/08\/2500_gr_block_type_cheese_mold_with_air_space-150x150.png 150w, https:\/\/nesilplastik.com.tr\/tr\/wp-content\/uploads\/2017\/08\/2500_gr_block_type_cheese_mold_with_air_space-768x768.png 768w, https:\/\/nesilplastik.com.tr\/tr\/wp-content\/uploads\/2017\/08\/2500_gr_block_type_cheese_mold_with_air_space-1024x1024.png 1024w\" sizes=\"auto, (max-width: 300px) 100vw, 300px\" \/>[\/vc_column_text][\/vc_column][\/vc_row][vc_row][vc_column width=&#8221;1\/3&#8243;][vc_column_text]<img loading=\"lazy\" decoding=\"async\" class=\"alignnone size-full wp-image-3347\" src=\"https:\/\/nesilplastik.com.tr\/tr\/wp-content\/uploads\/2017\/08\/2500_gr_block_type_cheese_mold_without_air_space.png\" alt=\"\" width=\"300\" height=\"300\" srcset=\"https:\/\/nesilplastik.com.tr\/tr\/wp-content\/uploads\/2017\/08\/2500_gr_block_type_cheese_mold_without_air_space.png 300w, https:\/\/nesilplastik.com.tr\/tr\/wp-content\/uploads\/2017\/08\/2500_gr_block_type_cheese_mold_without_air_space-150x150.png 150w, https:\/\/nesilplastik.com.tr\/tr\/wp-content\/uploads\/2017\/08\/2500_gr_block_type_cheese_mold_without_air_space-768x768.png 768w, https:\/\/nesilplastik.com.tr\/tr\/wp-content\/uploads\/2017\/08\/2500_gr_block_type_cheese_mold_without_air_space-1024x1024.png 1024w\" sizes=\"auto, (max-width: 300px) 100vw, 300px\" \/>[\/vc_column_text][\/vc_column][vc_column width=&#8221;1\/3&#8243;][vc_column_text]<img loading=\"lazy\" decoding=\"async\" class=\"alignnone size-full wp-image-3348\" src=\"https:\/\/nesilplastik.com.tr\/tr\/wp-content\/uploads\/2017\/08\/3000_gr_block_type_cheese_mold_without_air_space.png\" alt=\"\" width=\"300\" height=\"300\" srcset=\"https:\/\/nesilplastik.com.tr\/tr\/wp-content\/uploads\/2017\/08\/3000_gr_block_type_cheese_mold_without_air_space.png 300w, https:\/\/nesilplastik.com.tr\/tr\/wp-content\/uploads\/2017\/08\/3000_gr_block_type_cheese_mold_without_air_space-150x150.png 150w, https:\/\/nesilplastik.com.tr\/tr\/wp-content\/uploads\/2017\/08\/3000_gr_block_type_cheese_mold_without_air_space-768x768.png 768w, https:\/\/nesilplastik.com.tr\/tr\/wp-content\/uploads\/2017\/08\/3000_gr_block_type_cheese_mold_without_air_space-1024x1024.png 1024w\" sizes=\"auto, (max-width: 300px) 100vw, 300px\" \/>[\/vc_column_text][\/vc_column][vc_column width=&#8221;1\/3&#8243;][\/vc_column][\/vc_row][vc_row][vc_column][vc_tta_tabs][vc_tta_section title=&#8221;Table&#8221; tab_id=&#8221;table&#8221;][vc_column_text]<\/p>\n<table width=\"253\">\n<tbody>\n<tr>\n<td width=\"64\"><strong><span style=\"color: #ff0000;\">KOD<\/span><\/strong><\/td>\n<td width=\"93\"><strong><span style=\"color: #ff0000;\">GRAMAJ<\/span><\/strong><\/td>\n<td width=\"96\"><strong><span style=\"color: #ff0000;\">EBAT<\/span><\/strong><\/td>\n<\/tr>\n<tr>\n<td>MKB55<\/td>\n<td>1000 gr.<\/td>\n<td>140X80X80<\/td>\n<\/tr>\n<tr>\n<td>MKB56<\/td>\n<td>1000 gr.<\/td>\n<td>145X85X80<\/td>\n<\/tr>\n<tr>\n<td>MKB57<\/td>\n<td>1000 gr.<\/td>\n<td>145X90X80<\/td>\n<\/tr>\n<tr>\n<td>MKB58<\/td>\n<td>1000 gr.<\/td>\n<td>200X70X70<\/td>\n<\/tr>\n<tr>\n<td>MKB59<\/td>\n<td>1000 gr.<\/td>\n<td>170X80X75<\/td>\n<\/tr>\n<tr>\n<td>MKB60<\/td>\n<td>1000 gr.<\/td>\n<td>160X75X60<\/td>\n<\/tr>\n<tr>\n<td>MKB61<\/td>\n<td>1000 gr.<\/td>\n<td>180X75X80<\/td>\n<\/tr>\n<tr>\n<td>MKB62<\/td>\n<td>1000 gr.<\/td>\n<td>143X74X85<\/td>\n<\/tr>\n<tr>\n<td>MKB63<\/td>\n<td>1000 gr.<\/td>\n<td>142X85X80<\/td>\n<\/tr>\n<tr>\n<td>MKB64<\/td>\n<td>1000 gr.<\/td>\n<td>190X75X70<\/td>\n<\/tr>\n<tr>\n<td>MKB65<\/td>\n<td>1000 gr.<\/td>\n<td>180X90X70<\/td>\n<\/tr>\n<tr>\n<td>MKB66<\/td>\n<td>1000 gr.<\/td>\n<td>195X80X65<\/td>\n<\/tr>\n<tr>\n<td>MKB67<\/td>\n<td>1000 gr.<\/td>\n<td>175X85X70<\/td>\n<\/tr>\n<tr>\n<td>MKB68<\/td>\n<td>1000 gr.<\/td>\n<td>185X80X65<\/td>\n<\/tr>\n<tr>\n<td>MKB69<\/td>\n<td>1000 gr.<\/td>\n<td>160X80X80<\/td>\n<\/tr>\n<tr>\n<td>MKB70<\/td>\n<td>1000 gr.<\/td>\n<td>125X90X100<\/td>\n<\/tr>\n<tr>\n<td>MKB71<\/td>\n<td>1000 gr.<\/td>\n<td>190X80X65<\/td>\n<\/tr>\n<tr>\n<td>MKB72<\/td>\n<td>1000 gr.<\/td>\n<td>150X75X82<\/td>\n<\/tr>\n<tr>\n<td>MKB73<\/td>\n<td>1000 gr.<\/td>\n<td>150X80X80<\/td>\n<\/tr>\n<tr>\n<td>MKB74<\/td>\n<td>1000 gr.<\/td>\n<td>152X80X82<\/td>\n<\/tr>\n<tr>\n<td>MKB75<\/td>\n<td>1000 gr.<\/td>\n<td>155X80X80<\/td>\n<\/tr>\n<tr>\n<td>MKB76<\/td>\n<td>1000 gr.<\/td>\n<td>180X94X70<\/td>\n<\/tr>\n<tr>\n<td>MKB77<\/td>\n<td>1000 gr.<\/td>\n<td>180X91X70<\/td>\n<\/tr>\n<tr>\n<td>MKB78<\/td>\n<td>1000 gr.<\/td>\n<td>180X80X70<\/td>\n<\/tr>\n<tr>\n<td>MKB79<\/td>\n<td>1000 gr.<\/td>\n<td>183X78X65<\/td>\n<\/tr>\n<tr>\n<td>MKB80<\/td>\n<td>1000 gr.<\/td>\n<td>187X80X72<\/td>\n<\/tr>\n<tr>\n<td>MKB81<\/td>\n<td>1000 gr.<\/td>\n<td>185X85X72<\/td>\n<\/tr>\n<tr>\n<td>MKB82<\/td>\n<td>1000 gr.<\/td>\n<td>190X80X70<\/td>\n<\/tr>\n<tr>\n<td>MKB83<\/td>\n<td>1000 gr.<\/td>\n<td>195X85X65<\/td>\n<\/tr>\n<tr>\n<td>MKB84<\/td>\n<td>1000 gr.<\/td>\n<td>190X80X72<\/td>\n<\/tr>\n<tr>\n<td>MKB85<\/td>\n<td>1000 gr.<\/td>\n<td>190X85X65<\/td>\n<\/tr>\n<tr>\n<td>MKB86<\/td>\n<td>1000 gr.<\/td>\n<td>195X80X70<\/td>\n<\/tr>\n<tr>\n<td>MKB87<\/td>\n<td>1000 gr.<\/td>\n<td>195X80X72<\/td>\n<\/tr>\n<tr>\n<td>MKB88<\/td>\n<td>1000 gr.<\/td>\n<td>200X70X70<\/td>\n<\/tr>\n<tr>\n<td>MKB89<\/td>\n<td>1000 gr.<\/td>\n<td>200X70X81<\/td>\n<\/tr>\n<tr>\n<td>MKB90<\/td>\n<td>1000 gr.<\/td>\n<td>200X75X72<\/td>\n<\/tr>\n<tr>\n<td>MKB91<\/td>\n<td>1000 gr.<\/td>\n<td>200X80X72<\/td>\n<\/tr>\n<tr>\n<td>MKB92<\/td>\n<td>1000 gr.<\/td>\n<td>200X85X72<\/td>\n<\/tr>\n<tr>\n<td>MKB93<\/td>\n<td>1000 gr.<\/td>\n<td>200X200X70<\/td>\n<\/tr>\n<tr>\n<td>MKB94<\/td>\n<td>1000 gr.<\/td>\n<td>210X85X65<\/td>\n<\/tr>\n<tr>\n<td>MKB95<\/td>\n<td>1000 gr.<\/td>\n<td>140X85X60<\/td>\n<\/tr>\n<tr>\n<td>MKB96<\/td>\n<td>1000 gr.<\/td>\n<td>186X86X65<\/td>\n<\/tr>\n<tr>\n<td>MKB97<\/td>\n<td>1000 gr.<\/td>\n<td>185X85X65<\/td>\n<\/tr>\n<tr>\n<td>MKB98<\/td>\n<td>1000 gr.<\/td>\n<td>185X75X80<\/td>\n<\/tr>\n<tr>\n<td>MKB99<\/td>\n<td>1000 gr.<\/td>\n<td>180X80X65<\/td>\n<\/tr>\n<tr>\n<td>MKB100<\/td>\n<td>1000 gr.<\/td>\n<td>187X75X75<\/td>\n<\/tr>\n<tr>\n<td>MKB101<\/td>\n<td>1000 gr.<\/td>\n<td>195X85X70<\/td>\n<\/tr>\n<tr>\n<td>MKB102<\/td>\n<td>1000 gr.<\/td>\n<td>195X78X72<\/td>\n<\/tr>\n<tr>\n<td>MKB103<\/td>\n<td>1000 gr.<\/td>\n<td>185X80X70<\/td>\n<\/tr>\n<tr>\n<td>MKB104<\/td>\n<td>1000 gr.<\/td>\n<td>170X100X65<\/td>\n<\/tr>\n<tr>\n<td>MKB105<\/td>\n<td>1000 gr.<\/td>\n<td>210X80X65<\/td>\n<\/tr>\n<tr>\n<td>MKB106<\/td>\n<td>1000 gr.<\/td>\n<td>300X80X40<\/td>\n<\/tr>\n<tr>\n<td>MKB107<\/td>\n<td>1000 gr.<\/td>\n<td>260X75X60<\/td>\n<\/tr>\n<tr>\n<td>MKB108<\/td>\n<td>2000 gr.<\/td>\n<td>280X85X85<\/td>\n<\/tr>\n<tr>\n<td>MKB109<\/td>\n<td>2000 gr.<\/td>\n<td>270X90X95<\/td>\n<\/tr>\n<tr>\n<td>MKB110<\/td>\n<td>2000 gr.<\/td>\n<td>285X80X85<\/td>\n<\/tr>\n<tr>\n<td>MKB111<\/td>\n<td>2000 gr.<\/td>\n<td>290X80X83<\/td>\n<\/tr>\n<tr>\n<td>MKB112<\/td>\n<td>2000 gr.<\/td>\n<td>295X75X85<\/td>\n<\/tr>\n<tr>\n<td>MKB113<\/td>\n<td>2000 gr.<\/td>\n<td>295X75X88<\/td>\n<\/tr>\n<tr>\n<td>MKB114<\/td>\n<td>2000 gr.<\/td>\n<td>295X80X85<\/td>\n<\/tr>\n<tr>\n<td>MKB115<\/td>\n<td>2000 gr.<\/td>\n<td>300X79X79<\/td>\n<\/tr>\n<tr>\n<td>MKB116<\/td>\n<td>2000 gr.<\/td>\n<td>295X85X85<\/td>\n<\/tr>\n<tr>\n<td>MKB117<\/td>\n<td>2000 gr.<\/td>\n<td>300X80X85<\/td>\n<\/tr>\n<tr>\n<td>MKB118<\/td>\n<td>2000 gr.<\/td>\n<td>300X85X85<\/td>\n<\/tr>\n<tr>\n<td>MKB119<\/td>\n<td>2000 gr.<\/td>\n<td>303X95X90<\/td>\n<\/tr>\n<tr>\n<td>MKB120<\/td>\n<td>2000 gr.<\/td>\n<td>303X90X83<\/td>\n<\/tr>\n<tr>\n<td>MKB121<\/td>\n<td>2000 gr.<\/td>\n<td>305X85X85<\/td>\n<\/tr>\n<tr>\n<td>MKB122<\/td>\n<td>2000 gr.<\/td>\n<td>300X82X85<\/td>\n<\/tr>\n<tr>\n<td>MKB123<\/td>\n<td>2000 gr.<\/td>\n<td>300X84X85<\/td>\n<\/tr>\n<tr>\n<td>MKB124<\/td>\n<td>2000 gr.<\/td>\n<td>305X89X83<\/td>\n<\/tr>\n<tr>\n<td>MKB125<\/td>\n<td>2000 gr.<\/td>\n<td>230X125X75<\/td>\n<\/tr>\n<tr>\n<td>MKB126<\/td>\n<td>2000 gr.<\/td>\n<td>295X77X90<\/td>\n<\/tr>\n<tr>\n<td>MKB127<\/td>\n<td>2000 gr.<\/td>\n<td>302X92X65<\/td>\n<\/tr>\n<tr>\n<td>MKB128<\/td>\n<td>2500 gr.<\/td>\n<td>303X90X83<\/td>\n<\/tr>\n<tr>\n<td>MKB129<\/td>\n<td>3000 gr.<\/td>\n<td>300X95X90<\/td>\n<\/tr>\n<tr>\n<td>MKB130<\/td>\n<td>3000 gr.<\/td>\n<td>300X110X85<\/td>\n<\/tr>\n<tr>\n<td>MKB131<\/td>\n<td>6000 gr.<\/td>\n<td>320X140X130<\/td>\n<\/tr>\n<\/tbody>\n<\/table>\n<p>[\/vc_column_text][\/vc_tta_section][vc_tta_section title=&#8221;Images&#8221; tab_id=&#8221;images&#8221;][vc_single_image image=&#8221;2718&#8243; onclick=&#8221;link_image&#8221;][\/vc_tta_section][\/vc_tta_tabs][\/vc_column][\/vc_row]<\/p>\n<\/section>","protected":false},"excerpt":{"rendered":"<p>[vc_row][vc_column][\/vc_column][\/vc_row][vc_row][vc_column][\/vc_column][\/vc_row][vc_row][vc_column][\/vc_column][\/vc_row][vc_row][vc_column][\/vc_column][\/vc_row][vc_row][vc_column][\/vc_column][\/vc_row][vc_row][vc_column][\/vc_column][\/vc_row][vc_row][vc_column width=&#8221;1\/3&#8243;][vc_column_text][\/vc_column_text][\/vc_column][vc_column width=&#8221;1\/3&#8243;][vc_column_text][\/vc_column_text][\/vc_column][vc_column width=&#8221;1\/3&#8243;][vc_column_text] Blok Tip Peynir Kal\u0131plar\u0131 Hava Bo\u015fluksuz (1000-6000gr) [\/vc_column_text][\/vc_column][\/vc_row][vc_row][vc_column width=&#8221;1\/3&#8243;][vc_column_text][\/vc_column_text][\/vc_column][vc_column width=&#8221;1\/3&#8243;][vc_column_text][\/vc_column_text][\/vc_column][vc_column width=&#8221;1\/3&#8243;][vc_column_text][\/vc_column_text][\/vc_column][\/vc_row][vc_row][vc_column width=&#8221;1\/3&#8243;][vc_column_text][\/vc_column_text][\/vc_column][vc_column width=&#8221;1\/3&#8243;][vc_column_text][\/vc_column_text][\/vc_column][vc_column width=&#8221;1\/3&#8243;][\/vc_column][\/vc_row][vc_row][vc_column][vc_tta_tabs][vc_tta_section title=&#8221;Table&#8221; tab_id=&#8221;table&#8221;][vc_column_text] KOD GRAMAJ EBAT MKB55 1000 gr. 140X80X80 MKB56 1000 gr. 145X85X80 MKB57 1000 gr. 145X90X80 MKB58 1000 gr. 200X70X70 MKB59 1000 gr. 170X80X75 MKB60 1000 gr. 160X75X60 MKB61 1000 gr. 180X75X80 MKB62 1000 gr. 143X74X85 [&hellip;]<\/p>\n","protected":false},"author":2,"featured_media":0,"parent":475,"menu_order":0,"comment_status":"closed","ping_status":"closed","template":"page-templates\/template-canvas.php","meta":{"footnotes":""},"class_list":["post-3894","page","type-page","status-publish","hentry"],"_links":{"self":[{"href":"https:\/\/nesilplastik.com.tr\/tr\/wp-json\/wp\/v2\/pages\/3894","targetHints":{"allow":["GET"]}}],"collection":[{"href":"https:\/\/nesilplastik.com.tr\/tr\/wp-json\/wp\/v2\/pages"}],"about":[{"href":"https:\/\/nesilplastik.com.tr\/tr\/wp-json\/wp\/v2\/types\/page"}],"author":[{"embeddable":true,"href":"https:\/\/nesilplastik.com.tr\/tr\/wp-json\/wp\/v2\/users\/2"}],"replies":[{"embeddable":true,"href":"https:\/\/nesilplastik.com.tr\/tr\/wp-json\/wp\/v2\/comments?post=3894"}],"version-history":[{"count":0,"href":"https:\/\/nesilplastik.com.tr\/tr\/wp-json\/wp\/v2\/pages\/3894\/revisions"}],"up":[{"embeddable":true,"href":"https:\/\/nesilplastik.com.tr\/tr\/wp-json\/wp\/v2\/pages\/475"}],"wp:attachment":[{"href":"https:\/\/nesilplastik.com.tr\/tr\/wp-json\/wp\/v2\/media?parent=3894"}],"curies":[{"name":"wp","href":"https:\/\/api.w.org\/{rel}","templated":true}]}}