
{"id":3864,"date":"2021-06-01T15:08:19","date_gmt":"2021-06-01T12:08:19","guid":{"rendered":"https:\/\/nesilplastik.com.tr\/tr\/?page_id=3864"},"modified":"2021-06-01T15:40:06","modified_gmt":"2021-06-01T12:40:06","slug":"kelle-tip-peynir-kaliplari-1000-gr-hava-bosluksuz","status":"publish","type":"page","link":"https:\/\/nesilplastik.com.tr\/tr\/kelle-tip-kaliplar\/kelle-tip-peynir-kaliplari-1000-gr-hava-bosluksuz\/","title":{"rendered":"Kelle Tip Peynir Kal\u0131plar\u0131 (1000 gr.) Hava Bosluksuz"},"content":{"rendered":"<section class=\"wpb-content-wrapper\"><p>[vc_row][vc_column][\/vc_column][\/vc_row][vc_row][vc_column][\/vc_column][\/vc_row][vc_row][vc_column][\/vc_column][\/vc_row][vc_row][vc_column][\/vc_column][\/vc_row][vc_row][vc_column][\/vc_column][\/vc_row][vc_row][vc_column][\/vc_column][\/vc_row][vc_row][vc_column width=&#8221;1\/2&#8243;][vc_column_text]<img loading=\"lazy\" decoding=\"async\" class=\"alignnone wp-image-2632 size-full\" src=\"http:\/\/nesilplastik.com.tr\/tr\/wp-content\/uploads\/2017\/08\/1000_gr_head_type_mold_with_air_space.png\" alt=\"\" width=\"300\" height=\"300\" \/>[\/vc_column_text][\/vc_column][vc_column width=&#8221;1\/2&#8243;][vc_column_text]Kelle Tipi Peynir Kal\u0131b\u0131 (1000 gr.) Hava Bo\u015fluksuz[\/vc_column_text][\/vc_column][\/vc_row][vc_row][vc_column][vc_tta_tabs][vc_tta_section title=&#8221;Table&#8221; tab_id=&#8221;table&#8221;][vc_column_text]<\/p>\n<table width=\"225\">\n<tbody>\n<tr>\n<td width=\"64\"><span style=\"color: #ff0000;\"><strong>CODE<\/strong><\/span><\/td>\n<td width=\"97\"><strong><span style=\"color: #ff0000;\">GRAMMAGE<\/span><\/strong><\/td>\n<td width=\"64\"><span style=\"color: #ff0000;\"><strong>DIMS<\/strong><\/span><\/td>\n<\/tr>\n<tr>\n<td>MKKL01<\/td>\n<td>1000 gr.<\/td>\n<td>125X80<\/td>\n<\/tr>\n<tr>\n<td>MKKL02<\/td>\n<td>1000 gr.<\/td>\n<td>125X100<\/td>\n<\/tr>\n<tr>\n<td>MKKL03<\/td>\n<td>1000 gr.<\/td>\n<td>135X70<\/td>\n<\/tr>\n<tr>\n<td>MKKL04<\/td>\n<td>1000 gr.<\/td>\n<td>150X65<\/td>\n<\/tr>\n<tr>\n<td>MKKL05<\/td>\n<td>1000 gr.<\/td>\n<td>158X100<\/td>\n<\/tr>\n<tr>\n<td>MKKL06<\/td>\n<td>1000 gr.<\/td>\n<td>125X80<\/td>\n<\/tr>\n<tr>\n<td>MKKL07<\/td>\n<td>1000 gr.<\/td>\n<td>128X55<\/td>\n<\/tr>\n<tr>\n<td>MKKL08<\/td>\n<td>1000 gr.<\/td>\n<td>1258X50<\/td>\n<\/tr>\n<tr>\n<td>MKKL09<\/td>\n<td>1000 gr.<\/td>\n<td>170X50<\/td>\n<\/tr>\n<tr>\n<td>MKKL10<\/td>\n<td>1000 gr.<\/td>\n<td>180X50<\/td>\n<\/tr>\n<tr>\n<td>MKKL11<\/td>\n<td>1000 gr.<\/td>\n<td>150X65<\/td>\n<\/tr>\n<\/tbody>\n<\/table>\n<p>[\/vc_column_text][\/vc_tta_section][vc_tta_section title=&#8221;Images&#8221; tab_id=&#8221;images&#8221;][vc_single_image image=&#8221;2633&#8243; onclick=&#8221;link_image&#8221;][\/vc_tta_section][\/vc_tta_tabs][\/vc_column][\/vc_row]<\/p>\n<\/section>","protected":false},"excerpt":{"rendered":"<p>[vc_row][vc_column][\/vc_column][\/vc_row][vc_row][vc_column][\/vc_column][\/vc_row][vc_row][vc_column][\/vc_column][\/vc_row][vc_row][vc_column][\/vc_column][\/vc_row][vc_row][vc_column][\/vc_column][\/vc_row][vc_row][vc_column][\/vc_column][\/vc_row][vc_row][vc_column width=&#8221;1\/2&#8243;][vc_column_text][\/vc_column_text][\/vc_column][vc_column width=&#8221;1\/2&#8243;][vc_column_text]Kelle Tipi Peynir Kal\u0131b\u0131 (1000 gr.) Hava Bo\u015fluksuz[\/vc_column_text][\/vc_column][\/vc_row][vc_row][vc_column][vc_tta_tabs][vc_tta_section title=&#8221;Table&#8221; tab_id=&#8221;table&#8221;][vc_column_text] CODE GRAMMAGE DIMS MKKL01 1000 gr. 125X80 MKKL02 1000 gr. 125X100 MKKL03 1000 gr. 135X70 MKKL04 1000 gr. 150X65 MKKL05 1000 gr. 158X100 MKKL06 1000 gr. 125X80 MKKL07 1000 gr. 128X55 MKKL08 1000 gr. 1258X50 MKKL09 1000 gr. 170X50 MKKL10 1000 gr. 180X50 [&hellip;]<\/p>\n","protected":false},"author":2,"featured_media":0,"parent":509,"menu_order":0,"comment_status":"closed","ping_status":"closed","template":"page-templates\/template-canvas.php","meta":{"footnotes":""},"class_list":["post-3864","page","type-page","status-publish","hentry"],"_links":{"self":[{"href":"https:\/\/nesilplastik.com.tr\/tr\/wp-json\/wp\/v2\/pages\/3864","targetHints":{"allow":["GET"]}}],"collection":[{"href":"https:\/\/nesilplastik.com.tr\/tr\/wp-json\/wp\/v2\/pages"}],"about":[{"href":"https:\/\/nesilplastik.com.tr\/tr\/wp-json\/wp\/v2\/types\/page"}],"author":[{"embeddable":true,"href":"https:\/\/nesilplastik.com.tr\/tr\/wp-json\/wp\/v2\/users\/2"}],"replies":[{"embeddable":true,"href":"https:\/\/nesilplastik.com.tr\/tr\/wp-json\/wp\/v2\/comments?post=3864"}],"version-history":[{"count":0,"href":"https:\/\/nesilplastik.com.tr\/tr\/wp-json\/wp\/v2\/pages\/3864\/revisions"}],"up":[{"embeddable":true,"href":"https:\/\/nesilplastik.com.tr\/tr\/wp-json\/wp\/v2\/pages\/509"}],"wp:attachment":[{"href":"https:\/\/nesilplastik.com.tr\/tr\/wp-json\/wp\/v2\/media?parent=3864"}],"curies":[{"name":"wp","href":"https:\/\/api.w.org\/{rel}","templated":true}]}}