
{"id":3839,"date":"2021-06-01T14:16:08","date_gmt":"2021-06-01T11:16:08","guid":{"rendered":"https:\/\/nesilplastik.com.tr\/tr\/?page_id=3839"},"modified":"2021-06-15T10:57:00","modified_gmt":"2021-06-15T07:57:00","slug":"piknik-tip-peynir-kaliplari-750gr-hava-bosluksuz","status":"publish","type":"page","link":"https:\/\/nesilplastik.com.tr\/tr\/piknik-tip-kaliplar\/piknik-tip-peynir-kaliplari-750gr-hava-bosluksuz\/","title":{"rendered":"Piknik Tip Peynir Kal\u0131plar\u0131 (750gr) Hava Bo\u015fluksuz"},"content":{"rendered":"<section class=\"wpb-content-wrapper\"><p>[vc_row][vc_column][\/vc_column][\/vc_row][vc_row][vc_column][\/vc_column][\/vc_row][vc_row][vc_column][\/vc_column][\/vc_row][vc_row][vc_column][\/vc_column][\/vc_row][vc_row][vc_column][\/vc_column][\/vc_row][vc_row][vc_column][\/vc_column][\/vc_row][vc_row][vc_column][vc_column_text]<img loading=\"lazy\" decoding=\"async\" class=\"alignnone size-full wp-image-2627\" src=\"http:\/\/nesilplastik.com.tr\/tr\/wp-content\/uploads\/2017\/05\/750gr-cheese-mold-1.png\" alt=\"\" width=\"1024\" height=\"459\" srcset=\"https:\/\/nesilplastik.com.tr\/tr\/wp-content\/uploads\/2017\/05\/750gr-cheese-mold-1.png 1024w, https:\/\/nesilplastik.com.tr\/tr\/wp-content\/uploads\/2017\/05\/750gr-cheese-mold-1-768x344.png 768w\" sizes=\"auto, (max-width: 1024px) 100vw, 1024px\" \/>[\/vc_column_text][\/vc_column][\/vc_row][vc_row][vc_column][vc_tta_tabs][vc_tta_section title=&#8221;Tablo&#8221; tab_id=&#8221;tablo&#8221;][vc_column_text]<\/p>\n<table width=\"229\">\n<tbody>\n<tr>\n<td width=\"64\"><span style=\"color: #ff0000;\"><strong>KOD<\/strong><\/span><\/td>\n<td width=\"101\"><strong><span style=\"color: #ff0000;\">GRAMAJ<\/span><\/strong><\/td>\n<td width=\"64\"><strong><span style=\"color: #ff0000;\">EBAT<\/span><\/strong><\/td>\n<\/tr>\n<tr>\n<td width=\"64\">MKP91<\/td>\n<td width=\"101\">750 gr<\/td>\n<td width=\"64\">125X60<\/td>\n<\/tr>\n<tr>\n<td width=\"64\">MKP92<\/td>\n<td width=\"101\">750 gr.<\/td>\n<td width=\"64\">120X60<\/td>\n<\/tr>\n<tr>\n<td width=\"64\">MKP93<\/td>\n<td width=\"101\">750 gr.<\/td>\n<td width=\"64\">150X60<\/td>\n<\/tr>\n<tr>\n<td width=\"64\">MKP94<\/td>\n<td width=\"101\">750 gr<\/td>\n<td width=\"64\">125X65<\/td>\n<\/tr>\n<tr>\n<td width=\"64\">MKP95<\/td>\n<td width=\"101\">750 gr.<\/td>\n<td width=\"64\">135X55<\/td>\n<\/tr>\n<tr>\n<td width=\"64\">MKP96<\/td>\n<td width=\"101\">750 gr.<\/td>\n<td width=\"64\">150X45<\/td>\n<\/tr>\n<tr>\n<td width=\"64\">MKP97<\/td>\n<td width=\"101\">750 gr.<\/td>\n<td width=\"64\">125X70<\/td>\n<\/tr>\n<\/tbody>\n<\/table>\n<p>[\/vc_column_text][\/vc_tta_section][vc_tta_section title=&#8221;Resim&#8221; tab_id=&#8221;resim&#8221;][vc_single_image image=&#8221;2625&#8243; onclick=&#8221;link_image&#8221;][\/vc_tta_section][\/vc_tta_tabs][\/vc_column][\/vc_row]<\/p>\n<\/section>","protected":false},"excerpt":{"rendered":"<p>[vc_row][vc_column][\/vc_column][\/vc_row][vc_row][vc_column][\/vc_column][\/vc_row][vc_row][vc_column][\/vc_column][\/vc_row][vc_row][vc_column][\/vc_column][\/vc_row][vc_row][vc_column][\/vc_column][\/vc_row][vc_row][vc_column][\/vc_column][\/vc_row][vc_row][vc_column][vc_column_text][\/vc_column_text][\/vc_column][\/vc_row][vc_row][vc_column][vc_tta_tabs][vc_tta_section title=&#8221;Tablo&#8221; tab_id=&#8221;tablo&#8221;][vc_column_text] KOD GRAMAJ EBAT MKP91 750 gr 125X60 MKP92 750 gr. 120X60 MKP93 750 gr. 150X60 MKP94 750 gr 125X65 MKP95 750 gr. 135X55 MKP96 750 gr. 150X45 MKP97 750 gr. 125X70 [\/vc_column_text][\/vc_tta_section][vc_tta_section title=&#8221;Resim&#8221; tab_id=&#8221;resim&#8221;][vc_single_image image=&#8221;2625&#8243; onclick=&#8221;link_image&#8221;][\/vc_tta_section][\/vc_tta_tabs][\/vc_column][\/vc_row]<\/p>\n","protected":false},"author":2,"featured_media":0,"parent":514,"menu_order":0,"comment_status":"closed","ping_status":"closed","template":"page-templates\/template-canvas.php","meta":{"footnotes":""},"class_list":["post-3839","page","type-page","status-publish","hentry"],"_links":{"self":[{"href":"https:\/\/nesilplastik.com.tr\/tr\/wp-json\/wp\/v2\/pages\/3839","targetHints":{"allow":["GET"]}}],"collection":[{"href":"https:\/\/nesilplastik.com.tr\/tr\/wp-json\/wp\/v2\/pages"}],"about":[{"href":"https:\/\/nesilplastik.com.tr\/tr\/wp-json\/wp\/v2\/types\/page"}],"author":[{"embeddable":true,"href":"https:\/\/nesilplastik.com.tr\/tr\/wp-json\/wp\/v2\/users\/2"}],"replies":[{"embeddable":true,"href":"https:\/\/nesilplastik.com.tr\/tr\/wp-json\/wp\/v2\/comments?post=3839"}],"version-history":[{"count":0,"href":"https:\/\/nesilplastik.com.tr\/tr\/wp-json\/wp\/v2\/pages\/3839\/revisions"}],"up":[{"embeddable":true,"href":"https:\/\/nesilplastik.com.tr\/tr\/wp-json\/wp\/v2\/pages\/514"}],"wp:attachment":[{"href":"https:\/\/nesilplastik.com.tr\/tr\/wp-json\/wp\/v2\/media?parent=3839"}],"curies":[{"name":"wp","href":"https:\/\/api.w.org\/{rel}","templated":true}]}}