
{"id":3837,"date":"2021-06-01T14:15:50","date_gmt":"2021-06-01T11:15:50","guid":{"rendered":"https:\/\/nesilplastik.com.tr\/tr\/?page_id=3837"},"modified":"2021-06-15T10:56:48","modified_gmt":"2021-06-15T07:56:48","slug":"piknik-tip-peynir-kaliplari-500gr-hava-bosluksuz","status":"publish","type":"page","link":"https:\/\/nesilplastik.com.tr\/tr\/piknik-tip-kaliplar\/piknik-tip-peynir-kaliplari-500gr-hava-bosluksuz\/","title":{"rendered":"Piknik Tip Peynir Kal\u0131plar\u0131 (500gr) Hava Bo\u015fluksuz"},"content":{"rendered":"<section class=\"wpb-content-wrapper\"><p>[vc_row][vc_column][\/vc_column][\/vc_row][vc_row][vc_column][\/vc_column][\/vc_row][vc_row][vc_column][\/vc_column][\/vc_row][vc_row][vc_column][\/vc_column][\/vc_row][vc_row][vc_column][\/vc_column][\/vc_row][vc_row][vc_column][\/vc_column][\/vc_row][vc_row][vc_column][vc_column_text]<img loading=\"lazy\" decoding=\"async\" class=\"alignnone size-full wp-image-2614\" src=\"http:\/\/nesilplastik.com.tr\/tr\/wp-content\/uploads\/2017\/05\/500gr-cheese-mold.png\" alt=\"\" width=\"1024\" height=\"459\" srcset=\"https:\/\/nesilplastik.com.tr\/tr\/wp-content\/uploads\/2017\/05\/500gr-cheese-mold.png 1024w, https:\/\/nesilplastik.com.tr\/tr\/wp-content\/uploads\/2017\/05\/500gr-cheese-mold-768x344.png 768w\" sizes=\"auto, (max-width: 1024px) 100vw, 1024px\" \/>[\/vc_column_text][\/vc_column][\/vc_row][vc_row][vc_column][vc_tta_tabs][vc_tta_section title=&#8221;Tablo&#8221; tab_id=&#8221;tablo&#8221;][vc_column_text]<\/p>\n<table width=\"232\">\n<tbody>\n<tr>\n<td width=\"64\"><strong><span style=\"color: #ff0000;\">KOD<\/span><\/strong><\/td>\n<td width=\"104\"><span style=\"color: #ff0000;\"><strong>GRAMAJ<\/strong><\/span><\/td>\n<td width=\"64\"><strong><span style=\"color: #ff0000;\">EBAT<\/span><\/strong><\/td>\n<\/tr>\n<tr>\n<td width=\"64\">MKP48<\/td>\n<td width=\"104\">500 gr<\/td>\n<td width=\"64\">97X60<\/td>\n<\/tr>\n<tr>\n<td width=\"64\">MKP49<\/td>\n<td width=\"104\">500 gr<\/td>\n<td width=\"64\">96X60<\/td>\n<\/tr>\n<tr>\n<td width=\"64\">MKP50<\/td>\n<td width=\"104\">500 gr<\/td>\n<td width=\"64\">98X72<\/td>\n<\/tr>\n<tr>\n<td width=\"64\">MKP51<\/td>\n<td width=\"104\">500 gr<\/td>\n<td width=\"64\">100X60<\/td>\n<\/tr>\n<tr>\n<td width=\"64\">MKP52<\/td>\n<td width=\"104\">500 gr.<\/td>\n<td width=\"64\">100X65<\/td>\n<\/tr>\n<tr>\n<td width=\"64\">MKP53<\/td>\n<td width=\"104\">500 gr<\/td>\n<td width=\"64\">100X70<\/td>\n<\/tr>\n<tr>\n<td width=\"64\">MKP54<\/td>\n<td width=\"104\">500 gr<\/td>\n<td width=\"64\">100X72<\/td>\n<\/tr>\n<tr>\n<td width=\"64\">MKP55<\/td>\n<td width=\"104\">500 gr<\/td>\n<td width=\"64\">100X55<\/td>\n<\/tr>\n<tr>\n<td width=\"64\">MKP56<\/td>\n<td width=\"104\">500 gr<\/td>\n<td width=\"64\">102X60<\/td>\n<\/tr>\n<tr>\n<td width=\"64\">MKP57<\/td>\n<td width=\"104\">500 gr<\/td>\n<td width=\"64\">102X72<\/td>\n<\/tr>\n<tr>\n<td width=\"64\">MKP58<\/td>\n<td width=\"104\">500 gr<\/td>\n<td width=\"64\">102X73<\/td>\n<\/tr>\n<tr>\n<td width=\"64\">MKP59<\/td>\n<td width=\"104\">500 gr<\/td>\n<td width=\"64\">105X55<\/td>\n<\/tr>\n<tr>\n<td width=\"64\">MKP60<\/td>\n<td width=\"104\">500 gr<\/td>\n<td width=\"64\">105X59<\/td>\n<\/tr>\n<tr>\n<td width=\"64\">MKP61<\/td>\n<td width=\"104\">500 gr<\/td>\n<td width=\"64\">105X60<\/td>\n<\/tr>\n<tr>\n<td width=\"64\">MKP62<\/td>\n<td width=\"104\">500 gr<\/td>\n<td width=\"64\">105X62<\/td>\n<\/tr>\n<tr>\n<td width=\"64\">MKP63<\/td>\n<td width=\"104\">500 gr<\/td>\n<td width=\"64\">107X60<\/td>\n<\/tr>\n<tr>\n<td width=\"64\">MKP64<\/td>\n<td width=\"104\">500 gr<\/td>\n<td width=\"64\">109X60<\/td>\n<\/tr>\n<tr>\n<td width=\"64\">MKP65<\/td>\n<td width=\"104\">500 gr<\/td>\n<td width=\"64\">110X55<\/td>\n<\/tr>\n<tr>\n<td width=\"64\">MKP66<\/td>\n<td width=\"104\">500 gr<\/td>\n<td width=\"64\">110X65<\/td>\n<\/tr>\n<tr>\n<td width=\"64\">MKP67<\/td>\n<td width=\"104\">500 gr.<\/td>\n<td width=\"64\">112X55<\/td>\n<\/tr>\n<tr>\n<td width=\"64\">MKP68<\/td>\n<td width=\"104\">500 gr<\/td>\n<td width=\"64\">112X65<\/td>\n<\/tr>\n<tr>\n<td width=\"64\">MKP69<\/td>\n<td width=\"104\">500 gr<\/td>\n<td width=\"64\">115X65<\/td>\n<\/tr>\n<tr>\n<td width=\"64\">MKP70<\/td>\n<td width=\"104\">500 gr<\/td>\n<td width=\"64\">118X40<\/td>\n<\/tr>\n<tr>\n<td width=\"64\">MKP71<\/td>\n<td width=\"104\">500 gr<\/td>\n<td width=\"64\">120X45<\/td>\n<\/tr>\n<tr>\n<td width=\"64\">MKP72<\/td>\n<td width=\"104\">500 gr<\/td>\n<td width=\"64\">120X55<\/td>\n<\/tr>\n<tr>\n<td width=\"64\">MKP73<\/td>\n<td width=\"104\">500 gr<\/td>\n<td width=\"64\">120X70<\/td>\n<\/tr>\n<tr>\n<td width=\"64\">MKP74<\/td>\n<td width=\"104\">500 gr<\/td>\n<td width=\"64\">123X93<\/td>\n<\/tr>\n<tr>\n<td width=\"64\">MKP75<\/td>\n<td width=\"104\">500 gr<\/td>\n<td width=\"64\">125X45<\/td>\n<\/tr>\n<tr>\n<td width=\"64\">MKP76<\/td>\n<td width=\"104\">500 gr<\/td>\n<td width=\"64\">130X45<\/td>\n<\/tr>\n<tr>\n<td width=\"64\">MKP77<\/td>\n<td width=\"104\">500 gr<\/td>\n<td width=\"64\">105X72<\/td>\n<\/tr>\n<tr>\n<td width=\"64\">MKP78<\/td>\n<td width=\"104\">500 gr<\/td>\n<td width=\"64\">118X65<\/td>\n<\/tr>\n<tr>\n<td width=\"64\">MKP79<\/td>\n<td width=\"104\">500 gr<\/td>\n<td width=\"64\">120X65<\/td>\n<\/tr>\n<tr>\n<td width=\"64\">MKP80<\/td>\n<td width=\"104\">500 gr<\/td>\n<td width=\"64\">120X50<\/td>\n<\/tr>\n<tr>\n<td width=\"64\">MKP81<\/td>\n<td width=\"104\">500 gr.<\/td>\n<td width=\"64\">107X72<\/td>\n<\/tr>\n<tr>\n<td width=\"64\">MKP82<\/td>\n<td width=\"104\">500 gr<\/td>\n<td width=\"64\">107X55<\/td>\n<\/tr>\n<tr>\n<td width=\"64\">MKP83<\/td>\n<td width=\"104\">500 gr<\/td>\n<td width=\"64\">105X65<\/td>\n<\/tr>\n<tr>\n<td width=\"64\">MKP84<\/td>\n<td width=\"104\">500 gr<\/td>\n<td width=\"64\">108X55<\/td>\n<\/tr>\n<tr>\n<td width=\"64\">MKP85<\/td>\n<td width=\"104\">500 gr<\/td>\n<td width=\"64\">118X45<\/td>\n<\/tr>\n<tr>\n<td width=\"64\">MKP86<\/td>\n<td width=\"104\">500 gr<\/td>\n<td width=\"64\">126X50<\/td>\n<\/tr>\n<tr>\n<td width=\"64\">MKP87<\/td>\n<td width=\"104\">500 gr<\/td>\n<td width=\"64\">118X48<\/td>\n<\/tr>\n<tr>\n<td width=\"64\">MKP88<\/td>\n<td width=\"104\">500 gr<\/td>\n<td width=\"64\">97X70<\/td>\n<\/tr>\n<tr>\n<td width=\"64\">MKP89<\/td>\n<td width=\"104\">500 gr<\/td>\n<td width=\"64\">135X45<\/td>\n<\/tr>\n<tr>\n<td width=\"64\">MKP90<\/td>\n<td width=\"104\">500 gr<\/td>\n<td width=\"64\">102X65<\/td>\n<\/tr>\n<\/tbody>\n<\/table>\n<p>[\/vc_column_text][\/vc_tta_section][vc_tta_section title=&#8221;Resim&#8221; tab_id=&#8221;resim&#8221;][vc_single_image image=&#8221;2618&#8243; onclick=&#8221;link_image&#8221;][\/vc_tta_section][\/vc_tta_tabs][\/vc_column][\/vc_row]<\/p>\n<\/section>","protected":false},"excerpt":{"rendered":"<p>[vc_row][vc_column][\/vc_column][\/vc_row][vc_row][vc_column][\/vc_column][\/vc_row][vc_row][vc_column][\/vc_column][\/vc_row][vc_row][vc_column][\/vc_column][\/vc_row][vc_row][vc_column][\/vc_column][\/vc_row][vc_row][vc_column][\/vc_column][\/vc_row][vc_row][vc_column][vc_column_text][\/vc_column_text][\/vc_column][\/vc_row][vc_row][vc_column][vc_tta_tabs][vc_tta_section title=&#8221;Tablo&#8221; tab_id=&#8221;tablo&#8221;][vc_column_text] KOD GRAMAJ EBAT MKP48 500 gr 97X60 MKP49 500 gr 96X60 MKP50 500 gr 98X72 MKP51 500 gr 100X60 MKP52 500 gr. 100X65 MKP53 500 gr 100X70 MKP54 500 gr 100X72 MKP55 500 gr 100X55 MKP56 500 gr 102X60 MKP57 500 gr 102X72 MKP58 500 gr 102X73 MKP59 500 gr 105X55 MKP60 [&hellip;]<\/p>\n","protected":false},"author":2,"featured_media":0,"parent":514,"menu_order":0,"comment_status":"closed","ping_status":"closed","template":"page-templates\/template-canvas.php","meta":{"footnotes":""},"class_list":["post-3837","page","type-page","status-publish","hentry"],"_links":{"self":[{"href":"https:\/\/nesilplastik.com.tr\/tr\/wp-json\/wp\/v2\/pages\/3837","targetHints":{"allow":["GET"]}}],"collection":[{"href":"https:\/\/nesilplastik.com.tr\/tr\/wp-json\/wp\/v2\/pages"}],"about":[{"href":"https:\/\/nesilplastik.com.tr\/tr\/wp-json\/wp\/v2\/types\/page"}],"author":[{"embeddable":true,"href":"https:\/\/nesilplastik.com.tr\/tr\/wp-json\/wp\/v2\/users\/2"}],"replies":[{"embeddable":true,"href":"https:\/\/nesilplastik.com.tr\/tr\/wp-json\/wp\/v2\/comments?post=3837"}],"version-history":[{"count":0,"href":"https:\/\/nesilplastik.com.tr\/tr\/wp-json\/wp\/v2\/pages\/3837\/revisions"}],"up":[{"embeddable":true,"href":"https:\/\/nesilplastik.com.tr\/tr\/wp-json\/wp\/v2\/pages\/514"}],"wp:attachment":[{"href":"https:\/\/nesilplastik.com.tr\/tr\/wp-json\/wp\/v2\/media?parent=3837"}],"curies":[{"name":"wp","href":"https:\/\/api.w.org\/{rel}","templated":true}]}}