
{"id":3835,"date":"2021-06-01T14:15:33","date_gmt":"2021-06-01T11:15:33","guid":{"rendered":"https:\/\/nesilplastik.com.tr\/tr\/?page_id=3835"},"modified":"2021-06-15T10:56:30","modified_gmt":"2021-06-15T07:56:30","slug":"piknik-tip-peynir-kaliplari-300-400gr-hava-bosluksuz","status":"publish","type":"page","link":"https:\/\/nesilplastik.com.tr\/tr\/piknik-tip-kaliplar\/piknik-tip-peynir-kaliplari-300-400gr-hava-bosluksuz\/","title":{"rendered":"Piknik Tip Peynir Kal\u0131plar\u0131 (300-400gr) Hava Bo\u015fluksuz"},"content":{"rendered":"<section class=\"wpb-content-wrapper\"><p>[vc_row][vc_column][\/vc_column][\/vc_row][vc_row][vc_column][\/vc_column][\/vc_row][vc_row][vc_column][\/vc_column][\/vc_row][vc_row][vc_column][\/vc_column][\/vc_row][vc_row][vc_column][\/vc_column][\/vc_row][vc_row][vc_column][\/vc_column][\/vc_row][vc_row][vc_column][vc_column_text]<img loading=\"lazy\" decoding=\"async\" class=\"alignnone size-full wp-image-2598\" src=\"http:\/\/nesilplastik.com.tr\/tr\/wp-content\/uploads\/2017\/05\/125-250gr-cheese-mold.png\" alt=\"\" width=\"1024\" height=\"500\" srcset=\"https:\/\/nesilplastik.com.tr\/tr\/wp-content\/uploads\/2017\/05\/125-250gr-cheese-mold.png 1024w, https:\/\/nesilplastik.com.tr\/tr\/wp-content\/uploads\/2017\/05\/125-250gr-cheese-mold-768x375.png 768w\" sizes=\"auto, (max-width: 1024px) 100vw, 1024px\" \/>[\/vc_column_text][\/vc_column][\/vc_row][vc_row][vc_column][vc_tta_tabs][vc_tta_section title=&#8221;Tablo&#8221; tab_id=&#8221;tablo&#8221;][vc_column_text]<\/p>\n<table width=\"263\">\n<tbody>\n<tr>\n<td width=\"84\"><strong><span style=\"color: #ff0000;\">KOD<\/span><\/strong><\/td>\n<td width=\"111\"><strong><span style=\"color: #ff0000;\">GRAMAJ<\/span><\/strong><\/td>\n<td width=\"68\"><strong><span style=\"color: #ff0000;\">EBAT<\/span><\/strong><\/td>\n<\/tr>\n<tr>\n<td width=\"84\">MKP34<\/td>\n<td width=\"111\">300 gr<\/td>\n<td width=\"68\">105X45<\/td>\n<\/tr>\n<tr>\n<td width=\"84\">MKP35<\/td>\n<td width=\"111\">300 gr<\/td>\n<td width=\"68\">100X40<\/td>\n<\/tr>\n<tr>\n<td width=\"84\">MKP36<\/td>\n<td width=\"111\">350 gr<\/td>\n<td width=\"68\">100X42<\/td>\n<\/tr>\n<tr>\n<td width=\"84\">MKP37<\/td>\n<td width=\"111\">350 gr<\/td>\n<td width=\"68\">90X55<\/td>\n<\/tr>\n<tr>\n<td width=\"84\">MKP38<\/td>\n<td width=\"111\">400 gr.<\/td>\n<td width=\"68\">90X70<\/td>\n<\/tr>\n<tr>\n<td width=\"84\">MKP39<\/td>\n<td width=\"111\">400 gr<\/td>\n<td width=\"68\">95X60<\/td>\n<\/tr>\n<tr>\n<td width=\"84\">MKP40<\/td>\n<td width=\"111\">400 gr.<\/td>\n<td width=\"68\">100X55<\/td>\n<\/tr>\n<tr>\n<td width=\"84\">MKP41<\/td>\n<td width=\"111\">400 gr<\/td>\n<td width=\"68\">100X60<\/td>\n<\/tr>\n<tr>\n<td width=\"84\">MKP42<\/td>\n<td width=\"111\">400 gr<\/td>\n<td width=\"68\">125X75<\/td>\n<\/tr>\n<tr>\n<td width=\"84\">MKP43<\/td>\n<td width=\"111\">400 gr<\/td>\n<td width=\"68\">100X48<\/td>\n<\/tr>\n<tr>\n<td width=\"84\">MKP44<\/td>\n<td width=\"111\">400 gr.<\/td>\n<td width=\"68\">98X60<\/td>\n<\/tr>\n<tr>\n<td width=\"84\">MKP45<\/td>\n<td width=\"111\">400 gr<\/td>\n<td width=\"68\">96X60<\/td>\n<\/tr>\n<tr>\n<td width=\"84\">MKP46<\/td>\n<td width=\"111\">400 gr.<\/td>\n<td width=\"68\">118X40<\/td>\n<\/tr>\n<tr>\n<td width=\"84\">MKP47<\/td>\n<td width=\"111\">400 gr.<\/td>\n<td width=\"68\">100X50<\/td>\n<\/tr>\n<\/tbody>\n<\/table>\n<p>[\/vc_column_text][\/vc_tta_section][vc_tta_section title=&#8221;Resim&#8221; tab_id=&#8221;resim&#8221;][vc_single_image image=&#8221;2604&#8243; onclick=&#8221;link_image&#8221;][\/vc_tta_section][\/vc_tta_tabs][\/vc_column][\/vc_row]<\/p>\n<\/section>","protected":false},"excerpt":{"rendered":"<p>[vc_row][vc_column][\/vc_column][\/vc_row][vc_row][vc_column][\/vc_column][\/vc_row][vc_row][vc_column][\/vc_column][\/vc_row][vc_row][vc_column][\/vc_column][\/vc_row][vc_row][vc_column][\/vc_column][\/vc_row][vc_row][vc_column][\/vc_column][\/vc_row][vc_row][vc_column][vc_column_text][\/vc_column_text][\/vc_column][\/vc_row][vc_row][vc_column][vc_tta_tabs][vc_tta_section title=&#8221;Tablo&#8221; tab_id=&#8221;tablo&#8221;][vc_column_text] KOD GRAMAJ EBAT MKP34 300 gr 105X45 MKP35 300 gr 100X40 MKP36 350 gr 100X42 MKP37 350 gr 90X55 MKP38 400 gr. 90X70 MKP39 400 gr 95X60 MKP40 400 gr. 100X55 MKP41 400 gr 100X60 MKP42 400 gr 125X75 MKP43 400 gr 100X48 MKP44 400 gr. 98X60 MKP45 400 gr 96X60 MKP46 [&hellip;]<\/p>\n","protected":false},"author":2,"featured_media":0,"parent":514,"menu_order":0,"comment_status":"closed","ping_status":"closed","template":"page-templates\/template-canvas.php","meta":{"footnotes":""},"class_list":["post-3835","page","type-page","status-publish","hentry"],"_links":{"self":[{"href":"https:\/\/nesilplastik.com.tr\/tr\/wp-json\/wp\/v2\/pages\/3835","targetHints":{"allow":["GET"]}}],"collection":[{"href":"https:\/\/nesilplastik.com.tr\/tr\/wp-json\/wp\/v2\/pages"}],"about":[{"href":"https:\/\/nesilplastik.com.tr\/tr\/wp-json\/wp\/v2\/types\/page"}],"author":[{"embeddable":true,"href":"https:\/\/nesilplastik.com.tr\/tr\/wp-json\/wp\/v2\/users\/2"}],"replies":[{"embeddable":true,"href":"https:\/\/nesilplastik.com.tr\/tr\/wp-json\/wp\/v2\/comments?post=3835"}],"version-history":[{"count":0,"href":"https:\/\/nesilplastik.com.tr\/tr\/wp-json\/wp\/v2\/pages\/3835\/revisions"}],"up":[{"embeddable":true,"href":"https:\/\/nesilplastik.com.tr\/tr\/wp-json\/wp\/v2\/pages\/514"}],"wp:attachment":[{"href":"https:\/\/nesilplastik.com.tr\/tr\/wp-json\/wp\/v2\/media?parent=3835"}],"curies":[{"name":"wp","href":"https:\/\/api.w.org\/{rel}","templated":true}]}}