
{"id":3635,"date":"2021-02-18T16:28:15","date_gmt":"2021-02-18T13:28:15","guid":{"rendered":"https:\/\/nesilplastik.com.tr\/tr\/?page_id=3635"},"modified":"2021-06-02T15:06:48","modified_gmt":"2021-06-02T12:06:48","slug":"piknik-form-hava-bosluklu","status":"publish","type":"page","link":"https:\/\/nesilplastik.com.tr\/tr\/coklu-kaliplar\/piknik-form-hava-bosluklu\/","title":{"rendered":"Piknik Form Hava Bo\u015fluklu"},"content":{"rendered":"<section class=\"wpb-content-wrapper\"><p>[vc_row][vc_column][\/vc_column][\/vc_row][vc_row][vc_column][\/vc_column][\/vc_row][vc_row][vc_column][\/vc_column][\/vc_row][vc_row][vc_column][\/vc_column][\/vc_row][vc_row][vc_column][\/vc_column][\/vc_row][vc_row][vc_column][\/vc_column][\/vc_row][vc_row][vc_column width=&#8221;1\/3&#8243;][vc_column_text]<img loading=\"lazy\" decoding=\"async\" class=\"alignnone wp-image-3580\" src=\"https:\/\/nesilplastik.com.tr\/tr\/wp-content\/uploads\/2021\/02\/Piknik-Form-Hava-Bosluklu.png\" alt=\"\" width=\"305\" height=\"200\" srcset=\"https:\/\/nesilplastik.com.tr\/tr\/wp-content\/uploads\/2021\/02\/Piknik-Form-Hava-Bosluklu.png 458w, https:\/\/nesilplastik.com.tr\/tr\/wp-content\/uploads\/2021\/02\/Piknik-Form-Hava-Bosluklu-768x503.png 768w\" sizes=\"auto, (max-width: 305px) 100vw, 305px\" \/>[\/vc_column_text][\/vc_column][vc_column width=&#8221;1\/3&#8243;][vc_column_text]Hava Ge\u00e7i\u015fli Piknik Form Peynir \u00c7oklu Kal\u0131plar\u0131<\/p>\n<p>Talebinize \u00f6zel kal\u0131p \u00fcretimlerini yapabiliriz.[\/vc_column_text][\/vc_column][\/vc_row][vc_row][vc_column][vc_tta_tabs][vc_tta_section title=&#8221;Table&#8221; tab_id=&#8221;table&#8221;][vc_column_text]<\/p>\n<table style=\"height: 200px;\" width=\"400\">\n<tbody>\n<tr>\n<td width=\"101\"><strong><span style=\"color: #ff0000;\">KOD<\/span><\/strong><\/td>\n<td width=\"95\"><strong><span style=\"color: #ff0000;\">GRAMAJ<\/span><\/strong><\/td>\n<td width=\"64\"><strong><span style=\"color: #ff0000;\">EBAT<\/span><\/strong><\/td>\n<\/tr>\n<tr>\n<td>MKK\u00c7P01<\/td>\n<td>400 gr.<\/td>\n<td>\u00a0115&#215;49<\/td>\n<\/tr>\n<tr>\n<td>MKK\u00c7P02<\/td>\n<td>500 gr.<\/td>\n<td>\u00a0120&#215;50<\/td>\n<\/tr>\n<tr>\n<td>MKK\u00c7P03<\/td>\n<td>500 gr.<\/td>\n<td>\u00a0100&#215;85<\/td>\n<\/tr>\n<tr>\n<td>MKK\u00c7P04<\/td>\n<td>500 gr.<\/td>\n<td>\u00a098&#215;72<\/td>\n<\/tr>\n<\/tbody>\n<\/table>\n<p>[\/vc_column_text][vc_column_text][\/vc_column_text][\/vc_tta_section][vc_tta_section title=&#8221;Images&#8221; tab_id=&#8221;images&#8221;][vc_single_image image=&#8221;2976&#8243; onclick=&#8221;link_image&#8221;][\/vc_tta_section][\/vc_tta_tabs][\/vc_column][\/vc_row]<\/p>\n<\/section>","protected":false},"excerpt":{"rendered":"<p>[vc_row][vc_column][\/vc_column][\/vc_row][vc_row][vc_column][\/vc_column][\/vc_row][vc_row][vc_column][\/vc_column][\/vc_row][vc_row][vc_column][\/vc_column][\/vc_row][vc_row][vc_column][\/vc_column][\/vc_row][vc_row][vc_column][\/vc_column][\/vc_row][vc_row][vc_column width=&#8221;1\/3&#8243;][vc_column_text][\/vc_column_text][\/vc_column][vc_column width=&#8221;1\/3&#8243;][vc_column_text]Hava Ge\u00e7i\u015fli Piknik Form Peynir \u00c7oklu Kal\u0131plar\u0131 Talebinize \u00f6zel kal\u0131p \u00fcretimlerini yapabiliriz.[\/vc_column_text][\/vc_column][\/vc_row][vc_row][vc_column][vc_tta_tabs][vc_tta_section title=&#8221;Table&#8221; tab_id=&#8221;table&#8221;][vc_column_text] KOD GRAMAJ EBAT MKK\u00c7P01 400 gr. \u00a0115&#215;49 MKK\u00c7P02 500 gr. \u00a0120&#215;50 MKK\u00c7P03 500 gr. \u00a0100&#215;85 MKK\u00c7P04 500 gr. \u00a098&#215;72 [\/vc_column_text][vc_column_text][\/vc_column_text][\/vc_tta_section][vc_tta_section title=&#8221;Images&#8221; tab_id=&#8221;images&#8221;][vc_single_image image=&#8221;2976&#8243; onclick=&#8221;link_image&#8221;][\/vc_tta_section][\/vc_tta_tabs][\/vc_column][\/vc_row]<\/p>\n","protected":false},"author":2,"featured_media":0,"parent":2263,"menu_order":0,"comment_status":"closed","ping_status":"closed","template":"page-templates\/template-canvas.php","meta":{"footnotes":""},"class_list":["post-3635","page","type-page","status-publish","hentry"],"_links":{"self":[{"href":"https:\/\/nesilplastik.com.tr\/tr\/wp-json\/wp\/v2\/pages\/3635","targetHints":{"allow":["GET"]}}],"collection":[{"href":"https:\/\/nesilplastik.com.tr\/tr\/wp-json\/wp\/v2\/pages"}],"about":[{"href":"https:\/\/nesilplastik.com.tr\/tr\/wp-json\/wp\/v2\/types\/page"}],"author":[{"embeddable":true,"href":"https:\/\/nesilplastik.com.tr\/tr\/wp-json\/wp\/v2\/users\/2"}],"replies":[{"embeddable":true,"href":"https:\/\/nesilplastik.com.tr\/tr\/wp-json\/wp\/v2\/comments?post=3635"}],"version-history":[{"count":0,"href":"https:\/\/nesilplastik.com.tr\/tr\/wp-json\/wp\/v2\/pages\/3635\/revisions"}],"up":[{"embeddable":true,"href":"https:\/\/nesilplastik.com.tr\/tr\/wp-json\/wp\/v2\/pages\/2263"}],"wp:attachment":[{"href":"https:\/\/nesilplastik.com.tr\/tr\/wp-json\/wp\/v2\/media?parent=3635"}],"curies":[{"name":"wp","href":"https:\/\/api.w.org\/{rel}","templated":true}]}}