
{"id":3619,"date":"2021-02-16T09:57:10","date_gmt":"2021-02-16T06:57:10","guid":{"rendered":"https:\/\/nesilplastik.com.tr\/tr\/?page_id=3619"},"modified":"2021-02-16T10:15:49","modified_gmt":"2021-02-16T07:15:49","slug":"feta-peyniri-coklu-kaliplari","status":"publish","type":"page","link":"https:\/\/nesilplastik.com.tr\/tr\/coklu-kaliplar\/feta-peyniri-coklu-kaliplari\/","title":{"rendered":"Feta Peyniri \u00c7oklu Kal\u0131plar\u0131"},"content":{"rendered":"<section class=\"wpb-content-wrapper\"><p>[vc_row][vc_column][\/vc_column][\/vc_row][vc_row][vc_column][\/vc_column][\/vc_row][vc_row][vc_column][\/vc_column][\/vc_row][vc_row][vc_column][\/vc_column][\/vc_row][vc_row][vc_column][\/vc_column][\/vc_row][vc_row][vc_column][\/vc_column][\/vc_row][vc_row][vc_column width=&#8221;1\/3&#8243;][vc_column_text]<img loading=\"lazy\" decoding=\"async\" class=\"alignnone wp-image-3617\" src=\"https:\/\/nesilplastik.com.tr\/tr\/wp-content\/uploads\/2021\/02\/Feta-Peynir-Coklu-Kalibi.png\" alt=\"\" width=\"456\" height=\"300\" srcset=\"https:\/\/nesilplastik.com.tr\/tr\/wp-content\/uploads\/2021\/02\/Feta-Peynir-Coklu-Kalibi.png 456w, https:\/\/nesilplastik.com.tr\/tr\/wp-content\/uploads\/2021\/02\/Feta-Peynir-Coklu-Kalibi-768x505.png 768w\" sizes=\"auto, (max-width: 456px) 100vw, 456px\" \/>[\/vc_column_text][\/vc_column][vc_column width=&#8221;1\/3&#8243;][vc_column_text]<img loading=\"lazy\" decoding=\"async\" class=\"alignnone size-full wp-image-3621\" src=\"https:\/\/nesilplastik.com.tr\/tr\/wp-content\/uploads\/2021\/02\/Feta-Peynir-Coklu-Kalibi-2.png\" alt=\"\" width=\"436\" height=\"300\" srcset=\"https:\/\/nesilplastik.com.tr\/tr\/wp-content\/uploads\/2021\/02\/Feta-Peynir-Coklu-Kalibi-2.png 436w, https:\/\/nesilplastik.com.tr\/tr\/wp-content\/uploads\/2021\/02\/Feta-Peynir-Coklu-Kalibi-2-768x528.png 768w\" sizes=\"auto, (max-width: 436px) 100vw, 436px\" \/>[\/vc_column_text][\/vc_column][vc_column width=&#8221;1\/3&#8243;][vc_column_text]Feta Peyniri \u00c7oklu Kal\u0131plar\u0131<br \/>\nK\u0131sa Kenardan ve Kendinden Merkezlemeli Kal\u0131p Tipleri[\/vc_column_text][\/vc_column][\/vc_row][vc_row][vc_column][vc_tta_tabs][vc_tta_section title=&#8221;Tablo&#8221; tab_id=&#8221;tablo&#8221;][vc_column_text]<\/p>\n<table width=\"343\">\n<tbody>\n<tr>\n<td width=\"101\"><strong><span style=\"color: #ff0000;\">KOD<\/span><\/strong><\/td>\n<td width=\"95\"><strong><span style=\"color: #ff0000;\">GRAMAJ<\/span><\/strong><\/td>\n<td width=\"64\"><strong><span style=\"color: #ff0000;\">EBAT<\/span><\/strong><\/td>\n<td width=\"83\"><strong><span style=\"color: #ff0000;\">H\u0130ZALAMA<\/span><\/strong><\/td>\n<\/tr>\n<tr>\n<td>MKF01<\/td>\n<td><\/td>\n<td>\u00a0220x110x165<\/td>\n<td><\/td>\n<\/tr>\n<tr>\n<td>MKF02<\/td>\n<td><\/td>\n<td>230x230x170<\/td>\n<td><\/td>\n<\/tr>\n<\/tbody>\n<\/table>\n<p>[\/vc_column_text][\/vc_tta_section][vc_tta_section title=&#8221;Resim&#8221; tab_id=&#8221;resim&#8221;][\/vc_tta_section][\/vc_tta_tabs][\/vc_column][\/vc_row]<\/p>\n<\/section>","protected":false},"excerpt":{"rendered":"<p>[vc_row][vc_column][\/vc_column][\/vc_row][vc_row][vc_column][\/vc_column][\/vc_row][vc_row][vc_column][\/vc_column][\/vc_row][vc_row][vc_column][\/vc_column][\/vc_row][vc_row][vc_column][\/vc_column][\/vc_row][vc_row][vc_column][\/vc_column][\/vc_row][vc_row][vc_column width=&#8221;1\/3&#8243;][vc_column_text][\/vc_column_text][\/vc_column][vc_column width=&#8221;1\/3&#8243;][vc_column_text][\/vc_column_text][\/vc_column][vc_column width=&#8221;1\/3&#8243;][vc_column_text]Feta Peyniri \u00c7oklu Kal\u0131plar\u0131 K\u0131sa Kenardan ve Kendinden Merkezlemeli Kal\u0131p Tipleri[\/vc_column_text][\/vc_column][\/vc_row][vc_row][vc_column][vc_tta_tabs][vc_tta_section title=&#8221;Tablo&#8221; tab_id=&#8221;tablo&#8221;][vc_column_text] KOD GRAMAJ EBAT H\u0130ZALAMA MKF01 \u00a0220x110x165 MKF02 230x230x170 [\/vc_column_text][\/vc_tta_section][vc_tta_section title=&#8221;Resim&#8221; tab_id=&#8221;resim&#8221;][\/vc_tta_section][\/vc_tta_tabs][\/vc_column][\/vc_row]<\/p>\n","protected":false},"author":2,"featured_media":0,"parent":2263,"menu_order":0,"comment_status":"closed","ping_status":"closed","template":"page-templates\/template-canvas.php","meta":{"footnotes":""},"class_list":["post-3619","page","type-page","status-publish","hentry"],"_links":{"self":[{"href":"https:\/\/nesilplastik.com.tr\/tr\/wp-json\/wp\/v2\/pages\/3619","targetHints":{"allow":["GET"]}}],"collection":[{"href":"https:\/\/nesilplastik.com.tr\/tr\/wp-json\/wp\/v2\/pages"}],"about":[{"href":"https:\/\/nesilplastik.com.tr\/tr\/wp-json\/wp\/v2\/types\/page"}],"author":[{"embeddable":true,"href":"https:\/\/nesilplastik.com.tr\/tr\/wp-json\/wp\/v2\/users\/2"}],"replies":[{"embeddable":true,"href":"https:\/\/nesilplastik.com.tr\/tr\/wp-json\/wp\/v2\/comments?post=3619"}],"version-history":[{"count":0,"href":"https:\/\/nesilplastik.com.tr\/tr\/wp-json\/wp\/v2\/pages\/3619\/revisions"}],"up":[{"embeddable":true,"href":"https:\/\/nesilplastik.com.tr\/tr\/wp-json\/wp\/v2\/pages\/2263"}],"wp:attachment":[{"href":"https:\/\/nesilplastik.com.tr\/tr\/wp-json\/wp\/v2\/media?parent=3619"}],"curies":[{"name":"wp","href":"https:\/\/api.w.org\/{rel}","templated":true}]}}