
{"id":3578,"date":"2021-02-15T10:48:05","date_gmt":"2021-02-15T07:48:05","guid":{"rendered":"https:\/\/nesilplastik.com.tr\/tr\/?page_id=3578"},"modified":"2021-02-18T16:22:39","modified_gmt":"2021-02-18T13:22:39","slug":"hava-gecisli-kasar-peynir-coklu-kaliplar","status":"publish","type":"page","link":"https:\/\/nesilplastik.com.tr\/tr\/coklu-kaliplar\/hava-gecisli-kasar-peynir-coklu-kaliplar\/","title":{"rendered":"Hava Ge\u00e7i\u015fli Ka\u015far Peynir \u00c7oklu Kal\u0131plar\u0131"},"content":{"rendered":"<section class=\"wpb-content-wrapper\"><p>[vc_row][vc_column][\/vc_column][\/vc_row][vc_row][vc_column][\/vc_column][\/vc_row][vc_row][vc_column][\/vc_column][\/vc_row][vc_row][vc_column][\/vc_column][\/vc_row][vc_row][vc_column][\/vc_column][\/vc_row][vc_row][vc_column][\/vc_column][\/vc_row][vc_row][vc_column width=&#8221;1\/3&#8243;][vc_column_text]<img loading=\"lazy\" decoding=\"async\" class=\"alignnone wp-image-3573\" src=\"https:\/\/nesilplastik.com.tr\/tr\/wp-content\/uploads\/2021\/02\/Hava-Gecisli-Kasar-Peynir-Coklu-Kaliplari.png\" alt=\"\" width=\"309\" height=\"200\" srcset=\"https:\/\/nesilplastik.com.tr\/tr\/wp-content\/uploads\/2021\/02\/Hava-Gecisli-Kasar-Peynir-Coklu-Kaliplari.png 464w, https:\/\/nesilplastik.com.tr\/tr\/wp-content\/uploads\/2021\/02\/Hava-Gecisli-Kasar-Peynir-Coklu-Kaliplari-768x496.png 768w\" sizes=\"auto, (max-width: 309px) 100vw, 309px\" \/>[\/vc_column_text][\/vc_column][vc_column width=&#8221;1\/3&#8243;][vc_column_text]Hava Ge\u00e7i\u015fli Ka\u015far Peynir \u00c7oklu Kal\u0131plar\u0131<\/p>\n<p>Talebinize \u00f6zel kal\u0131p \u00fcretimlerini yapabiliriz.[\/vc_column_text][\/vc_column][\/vc_row][vc_row][vc_column][vc_tta_tabs][vc_tta_section title=&#8221;Table&#8221; tab_id=&#8221;table&#8221;][vc_column_text]<\/p>\n<table style=\"height: 200px;\" width=\"400\">\n<tbody>\n<tr>\n<td width=\"101\"><strong><span style=\"color: #ff0000;\">KOD<\/span><\/strong><\/td>\n<td width=\"95\"><strong><span style=\"color: #ff0000;\">GRAMAJ<\/span><\/strong><\/td>\n<td width=\"64\"><strong><span style=\"color: #ff0000;\">EBAT<\/span><\/strong><\/td>\n<\/tr>\n<tr>\n<td>MKK\u00c7H01<\/td>\n<td>500 gr.<\/td>\n<td>\u00a098&#215;72<\/td>\n<\/tr>\n<tr>\n<td>MKK\u00c7H02<\/td>\n<td>700 gr.<\/td>\n<td>\u00a0145x80x72<\/td>\n<\/tr>\n<tr>\n<td>MKK\u00c7H03<\/td>\n<td>1000 gr.<\/td>\n<td>\u00a0180x90x72<\/td>\n<\/tr>\n<tr>\n<td>MKK\u00c7H04<\/td>\n<td>2000 gr.<\/td>\n<td>\u00a0300x85x85<\/td>\n<\/tr>\n<tr>\n<td>MKK\u00c7H05<\/td>\n<td>4000 gr.<\/td>\n<td>\u00a0630x78x90<\/td>\n<\/tr>\n<\/tbody>\n<\/table>\n<p>[\/vc_column_text][vc_column_text][\/vc_column_text][\/vc_tta_section][vc_tta_section title=&#8221;Images&#8221; tab_id=&#8221;images&#8221;][vc_single_image image=&#8221;2976&#8243; onclick=&#8221;link_image&#8221;][\/vc_tta_section][\/vc_tta_tabs][\/vc_column][\/vc_row]<\/p>\n<\/section>","protected":false},"excerpt":{"rendered":"<p>[vc_row][vc_column][\/vc_column][\/vc_row][vc_row][vc_column][\/vc_column][\/vc_row][vc_row][vc_column][\/vc_column][\/vc_row][vc_row][vc_column][\/vc_column][\/vc_row][vc_row][vc_column][\/vc_column][\/vc_row][vc_row][vc_column][\/vc_column][\/vc_row][vc_row][vc_column width=&#8221;1\/3&#8243;][vc_column_text][\/vc_column_text][\/vc_column][vc_column width=&#8221;1\/3&#8243;][vc_column_text]Hava Ge\u00e7i\u015fli Ka\u015far Peynir \u00c7oklu Kal\u0131plar\u0131 Talebinize \u00f6zel kal\u0131p \u00fcretimlerini yapabiliriz.[\/vc_column_text][\/vc_column][\/vc_row][vc_row][vc_column][vc_tta_tabs][vc_tta_section title=&#8221;Table&#8221; tab_id=&#8221;table&#8221;][vc_column_text] KOD GRAMAJ EBAT MKK\u00c7H01 500 gr. \u00a098&#215;72 MKK\u00c7H02 700 gr. \u00a0145x80x72 MKK\u00c7H03 1000 gr. \u00a0180x90x72 MKK\u00c7H04 2000 gr. \u00a0300x85x85 MKK\u00c7H05 4000 gr. \u00a0630x78x90 [\/vc_column_text][vc_column_text][\/vc_column_text][\/vc_tta_section][vc_tta_section title=&#8221;Images&#8221; tab_id=&#8221;images&#8221;][vc_single_image image=&#8221;2976&#8243; onclick=&#8221;link_image&#8221;][\/vc_tta_section][\/vc_tta_tabs][\/vc_column][\/vc_row]<\/p>\n","protected":false},"author":2,"featured_media":0,"parent":2263,"menu_order":0,"comment_status":"closed","ping_status":"closed","template":"page-templates\/template-canvas.php","meta":{"footnotes":""},"class_list":["post-3578","page","type-page","status-publish","hentry"],"_links":{"self":[{"href":"https:\/\/nesilplastik.com.tr\/tr\/wp-json\/wp\/v2\/pages\/3578","targetHints":{"allow":["GET"]}}],"collection":[{"href":"https:\/\/nesilplastik.com.tr\/tr\/wp-json\/wp\/v2\/pages"}],"about":[{"href":"https:\/\/nesilplastik.com.tr\/tr\/wp-json\/wp\/v2\/types\/page"}],"author":[{"embeddable":true,"href":"https:\/\/nesilplastik.com.tr\/tr\/wp-json\/wp\/v2\/users\/2"}],"replies":[{"embeddable":true,"href":"https:\/\/nesilplastik.com.tr\/tr\/wp-json\/wp\/v2\/comments?post=3578"}],"version-history":[{"count":0,"href":"https:\/\/nesilplastik.com.tr\/tr\/wp-json\/wp\/v2\/pages\/3578\/revisions"}],"up":[{"embeddable":true,"href":"https:\/\/nesilplastik.com.tr\/tr\/wp-json\/wp\/v2\/pages\/2263"}],"wp:attachment":[{"href":"https:\/\/nesilplastik.com.tr\/tr\/wp-json\/wp\/v2\/media?parent=3578"}],"curies":[{"name":"wp","href":"https:\/\/api.w.org\/{rel}","templated":true}]}}