
{"id":3540,"date":"2021-02-11T14:43:28","date_gmt":"2021-02-11T11:43:28","guid":{"rendered":"https:\/\/nesilplastik.com.tr\/tr\/?page_id=3540"},"modified":"2021-02-11T14:55:02","modified_gmt":"2021-02-11T11:55:02","slug":"gouda-ciftlik-peynir-kalibi-650-1250-2500-5000-gr","status":"publish","type":"page","link":"https:\/\/nesilplastik.com.tr\/tr\/ciftlik-peyniri-gauda-kaliplari\/gouda-ciftlik-peynir-kalibi-650-1250-2500-5000-gr\/","title":{"rendered":"Gouda \u00c7iftlik Peynir Kal\u0131b\u0131 (650 &#8211; 1250 &#8211; 2500 &#8211; 5000 gr)"},"content":{"rendered":"<section class=\"wpb-content-wrapper\"><p>[vc_row][vc_column][\/vc_column][\/vc_row][vc_row][vc_column][\/vc_column][\/vc_row][vc_row][vc_column][\/vc_column][\/vc_row][vc_row][vc_column][\/vc_column][\/vc_row][vc_row][vc_column][\/vc_column][\/vc_row][vc_row][vc_column][\/vc_column][\/vc_row][vc_row][vc_column width=&#8221;1\/3&#8243;][vc_column_text]<img loading=\"lazy\" decoding=\"async\" class=\"alignnone wp-image-2301\" src=\"http:\/\/www.nesilplastik.com.tr\/tr\/wp-content\/uploads\/2017\/04\/farm_cheese_gouda_mold_3-1.png\" alt=\"\" width=\"180\" height=\"180\" \/>[\/vc_column_text][\/vc_column][vc_column width=&#8221;1\/3&#8243;][\/vc_column][vc_column width=&#8221;1\/3&#8243;][vc_column_text]K\u00f6y ve Gouda Peynir Kal\u0131b\u0131 (650 &#8211; 1250 &#8211; 2500 &#8211; 5000 gr)[\/vc_column_text][\/vc_column][\/vc_row][vc_row][vc_column][vc_tta_tabs][vc_tta_section title=&#8221;Table&#8221; tab_id=&#8221;table&#8221;][vc_column_text]<\/p>\n<table style=\"height: 166px;\" width=\"279\">\n<tbody>\n<tr>\n<td width=\"64\"><strong><span style=\"color: #ff0000;\">CODE<\/span><\/strong><\/td>\n<td width=\"93\"><strong><span style=\"color: #ff0000;\">GRAMMAGE<\/span><\/strong><\/td>\n<td width=\"96\"><strong><span style=\"color: #ff0000;\">DIMS<\/span><\/strong><\/td>\n<\/tr>\n<tr>\n<td>MKGP01<\/td>\n<td>650-1250 gr.<\/td>\n<td>135X100<\/td>\n<\/tr>\n<tr>\n<td>MKGP02<\/td>\n<td>2500-5000 gr.<\/td>\n<td>245X120<\/td>\n<\/tr>\n<\/tbody>\n<\/table>\n<p>[\/vc_column_text][\/vc_tta_section][vc_tta_section title=&#8221;Images&#8221; tab_id=&#8221;images&#8221;][\/vc_tta_section][\/vc_tta_tabs][\/vc_column][\/vc_row]<\/p>\n<\/section>","protected":false},"excerpt":{"rendered":"<p>[vc_row][vc_column][\/vc_column][\/vc_row][vc_row][vc_column][\/vc_column][\/vc_row][vc_row][vc_column][\/vc_column][\/vc_row][vc_row][vc_column][\/vc_column][\/vc_row][vc_row][vc_column][\/vc_column][\/vc_row][vc_row][vc_column][\/vc_column][\/vc_row][vc_row][vc_column width=&#8221;1\/3&#8243;][vc_column_text][\/vc_column_text][\/vc_column][vc_column width=&#8221;1\/3&#8243;][\/vc_column][vc_column width=&#8221;1\/3&#8243;][vc_column_text]K\u00f6y ve Gouda Peynir Kal\u0131b\u0131 (650 &#8211; 1250 &#8211; 2500 &#8211; 5000 gr)[\/vc_column_text][\/vc_column][\/vc_row][vc_row][vc_column][vc_tta_tabs][vc_tta_section title=&#8221;Table&#8221; tab_id=&#8221;table&#8221;][vc_column_text] CODE GRAMMAGE DIMS MKGP01 650-1250 gr. 135X100 MKGP02 2500-5000 gr. 245X120 [\/vc_column_text][\/vc_tta_section][vc_tta_section title=&#8221;Images&#8221; tab_id=&#8221;images&#8221;][\/vc_tta_section][\/vc_tta_tabs][\/vc_column][\/vc_row]<\/p>\n","protected":false},"author":2,"featured_media":0,"parent":2286,"menu_order":0,"comment_status":"closed","ping_status":"closed","template":"page-templates\/template-canvas-page.php","meta":{"footnotes":""},"class_list":["post-3540","page","type-page","status-publish","hentry"],"_links":{"self":[{"href":"https:\/\/nesilplastik.com.tr\/tr\/wp-json\/wp\/v2\/pages\/3540","targetHints":{"allow":["GET"]}}],"collection":[{"href":"https:\/\/nesilplastik.com.tr\/tr\/wp-json\/wp\/v2\/pages"}],"about":[{"href":"https:\/\/nesilplastik.com.tr\/tr\/wp-json\/wp\/v2\/types\/page"}],"author":[{"embeddable":true,"href":"https:\/\/nesilplastik.com.tr\/tr\/wp-json\/wp\/v2\/users\/2"}],"replies":[{"embeddable":true,"href":"https:\/\/nesilplastik.com.tr\/tr\/wp-json\/wp\/v2\/comments?post=3540"}],"version-history":[{"count":0,"href":"https:\/\/nesilplastik.com.tr\/tr\/wp-json\/wp\/v2\/pages\/3540\/revisions"}],"up":[{"embeddable":true,"href":"https:\/\/nesilplastik.com.tr\/tr\/wp-json\/wp\/v2\/pages\/2286"}],"wp:attachment":[{"href":"https:\/\/nesilplastik.com.tr\/tr\/wp-json\/wp\/v2\/media?parent=3540"}],"curies":[{"name":"wp","href":"https:\/\/api.w.org\/{rel}","templated":true}]}}