
{"id":3261,"date":"2017-07-25T13:22:58","date_gmt":"2017-07-25T10:22:58","guid":{"rendered":"http:\/\/nesilplastik.com.tr\/tr\/?page_id=3261"},"modified":"2021-06-02T15:20:18","modified_gmt":"2021-06-02T12:20:18","slug":"sert-yarisert-peynir-kalibi-blok-tip-kasar-1000-gr","status":"publish","type":"page","link":"https:\/\/nesilplastik.com.tr\/tr\/coklu-kaliplar\/sert-yarisert-peynir-kalibi-blok-tip-kasar-1000-gr\/","title":{"rendered":"Sert-Yar\u0131sert Peynir Kal\u0131b\u0131 Blok Tip (Ka\u015far-1000 gr.)"},"content":{"rendered":"<section class=\"wpb-content-wrapper\"><p>[vc_row][vc_column][\/vc_column][\/vc_row][vc_row][vc_column][\/vc_column][\/vc_row][vc_row][vc_column][\/vc_column][\/vc_row][vc_row][vc_column][\/vc_column][\/vc_row][vc_row][vc_column][\/vc_column][\/vc_row][vc_row][vc_column][\/vc_column][\/vc_row][vc_row][vc_column width=&#8221;1\/3&#8243;][vc_column_text]<img loading=\"lazy\" decoding=\"async\" class=\"alignnone size-full wp-image-2964\" src=\"http:\/\/nesilplastik.com.tr\/tr\/wp-content\/uploads\/2017\/06\/hard_semihard_cheese_block_mold_1.png\" alt=\"\" width=\"300\" height=\"300\" srcset=\"https:\/\/nesilplastik.com.tr\/tr\/wp-content\/uploads\/2017\/06\/hard_semihard_cheese_block_mold_1.png 300w, https:\/\/nesilplastik.com.tr\/tr\/wp-content\/uploads\/2017\/06\/hard_semihard_cheese_block_mold_1-150x150.png 150w, https:\/\/nesilplastik.com.tr\/tr\/wp-content\/uploads\/2017\/06\/hard_semihard_cheese_block_mold_1-768x768.png 768w, https:\/\/nesilplastik.com.tr\/tr\/wp-content\/uploads\/2017\/06\/hard_semihard_cheese_block_mold_1-1024x1024.png 1024w\" sizes=\"auto, (max-width: 300px) 100vw, 300px\" \/>[\/vc_column_text][\/vc_column][vc_column width=&#8221;1\/3&#8243;][vc_column_text]\u00c7oklu Sert-Yar\u0131sert Blok Tip Kal\u0131plar.<\/p>\n<p>Talebinize \u00f6zel kal\u0131p \u00fcretimlerini yapabiliriz.[\/vc_column_text][\/vc_column][\/vc_row][vc_row][vc_column][vc_column_text]<\/p>\n<table width=\"343\">\n<tbody>\n<tr>\n<td width=\"101\"><strong><span style=\"color: #ff0000;\">KOD<\/span><\/strong><\/td>\n<td width=\"95\"><strong><span style=\"color: #ff0000;\">GRAMAJ<\/span><\/strong><\/td>\n<td width=\"64\"><strong><span style=\"color: #ff0000;\">EBAT<\/span><\/strong><\/td>\n<td width=\"83\"><strong><span style=\"color: #ff0000;\">H\u0130ZALAMA<\/span><\/strong><\/td>\n<\/tr>\n<tr>\n<td style=\"text-align: left;\">MKK\u00c7B01<\/td>\n<td>1000 gr.<\/td>\n<td>\u00a0185x85x80<\/td>\n<td>3&#215;5=15<\/td>\n<\/tr>\n<tr>\n<td><\/td>\n<td><\/td>\n<td><\/td>\n<td>\u00a04&#215;5=20<\/td>\n<\/tr>\n<tr>\n<td><\/td>\n<td><\/td>\n<td><\/td>\n<td>\u00a05&#215;5=25<\/td>\n<\/tr>\n<tr>\n<td><\/td>\n<td><\/td>\n<td><\/td>\n<td>\u00a06&#215;5=30<\/td>\n<\/tr>\n<\/tbody>\n<\/table>\n<p>[\/vc_column_text][vc_separator color=&#8221;juicy_pink&#8221;][\/vc_column][\/vc_row][vc_row][vc_column][vc_column_text]<\/p>\n<table width=\"343\">\n<tbody>\n<tr>\n<td width=\"101\"><strong><span style=\"color: #ff0000;\">KOD<\/span><\/strong><\/td>\n<td width=\"95\"><strong><span style=\"color: #ff0000;\">GRAMAJ<\/span><\/strong><\/td>\n<td width=\"64\"><strong><span style=\"color: #ff0000;\">EBAT<\/span><\/strong><\/td>\n<td width=\"83\"><strong><span style=\"color: #ff0000;\">H\u0130ZALAMA<\/span><\/strong><\/td>\n<\/tr>\n<tr>\n<td style=\"text-align: left;\">MKK\u00c7B06<\/td>\n<td>1000 gr.<\/td>\n<td>\u00a0180x90x72<\/td>\n<td>3&#215;5=15<\/td>\n<\/tr>\n<tr>\n<td><\/td>\n<td><\/td>\n<td><\/td>\n<td>\u00a04&#215;5=20<\/td>\n<\/tr>\n<tr>\n<td><\/td>\n<td><\/td>\n<td><\/td>\n<td>\u00a05&#215;5=25<\/td>\n<\/tr>\n<tr>\n<td><\/td>\n<td><\/td>\n<td><\/td>\n<td>\u00a06&#215;5=30<\/td>\n<\/tr>\n<\/tbody>\n<\/table>\n<p>[\/vc_column_text][\/vc_column][\/vc_row]<\/p>\n<\/section>","protected":false},"excerpt":{"rendered":"<p>[vc_row][vc_column][\/vc_column][\/vc_row][vc_row][vc_column][\/vc_column][\/vc_row][vc_row][vc_column][\/vc_column][\/vc_row][vc_row][vc_column][\/vc_column][\/vc_row][vc_row][vc_column][\/vc_column][\/vc_row][vc_row][vc_column][\/vc_column][\/vc_row][vc_row][vc_column width=&#8221;1\/3&#8243;][vc_column_text][\/vc_column_text][\/vc_column][vc_column width=&#8221;1\/3&#8243;][vc_column_text]\u00c7oklu Sert-Yar\u0131sert Blok Tip Kal\u0131plar. Talebinize \u00f6zel kal\u0131p \u00fcretimlerini yapabiliriz.[\/vc_column_text][\/vc_column][\/vc_row][vc_row][vc_column][vc_column_text] KOD GRAMAJ EBAT H\u0130ZALAMA MKK\u00c7B01 1000 gr. \u00a0185x85x80 3&#215;5=15 \u00a04&#215;5=20 \u00a05&#215;5=25 \u00a06&#215;5=30 [\/vc_column_text][vc_separator color=&#8221;juicy_pink&#8221;][\/vc_column][\/vc_row][vc_row][vc_column][vc_column_text] KOD GRAMAJ EBAT H\u0130ZALAMA MKK\u00c7B06 1000 gr. \u00a0180x90x72 3&#215;5=15 \u00a04&#215;5=20 \u00a05&#215;5=25 \u00a06&#215;5=30 [\/vc_column_text][\/vc_column][\/vc_row]<\/p>\n","protected":false},"author":2,"featured_media":0,"parent":2263,"menu_order":0,"comment_status":"closed","ping_status":"closed","template":"page-templates\/template-canvas.php","meta":{"footnotes":""},"class_list":["post-3261","page","type-page","status-publish","hentry"],"_links":{"self":[{"href":"https:\/\/nesilplastik.com.tr\/tr\/wp-json\/wp\/v2\/pages\/3261","targetHints":{"allow":["GET"]}}],"collection":[{"href":"https:\/\/nesilplastik.com.tr\/tr\/wp-json\/wp\/v2\/pages"}],"about":[{"href":"https:\/\/nesilplastik.com.tr\/tr\/wp-json\/wp\/v2\/types\/page"}],"author":[{"embeddable":true,"href":"https:\/\/nesilplastik.com.tr\/tr\/wp-json\/wp\/v2\/users\/2"}],"replies":[{"embeddable":true,"href":"https:\/\/nesilplastik.com.tr\/tr\/wp-json\/wp\/v2\/comments?post=3261"}],"version-history":[{"count":0,"href":"https:\/\/nesilplastik.com.tr\/tr\/wp-json\/wp\/v2\/pages\/3261\/revisions"}],"up":[{"embeddable":true,"href":"https:\/\/nesilplastik.com.tr\/tr\/wp-json\/wp\/v2\/pages\/2263"}],"wp:attachment":[{"href":"https:\/\/nesilplastik.com.tr\/tr\/wp-json\/wp\/v2\/media?parent=3261"}],"curies":[{"name":"wp","href":"https:\/\/api.w.org\/{rel}","templated":true}]}}