
{"id":3236,"date":"2017-07-24T17:33:22","date_gmt":"2017-07-24T14:33:22","guid":{"rendered":"http:\/\/nesilplastik.com.tr\/tr\/?page_id=3236"},"modified":"2017-08-11T12:33:31","modified_gmt":"2017-08-11T09:33:31","slug":"beyaz-peynir-coklu-uretim-sistem-kalibi-kendinden-merkezlemeli","status":"publish","type":"page","link":"https:\/\/nesilplastik.com.tr\/tr\/coklu-kaliplar\/beyaz-peynir-coklu-uretim-sistem-kalibi-kendinden-merkezlemeli\/","title":{"rendered":"Beyaz Peynir \u00c7oklu \u00dcretim Sistem Kal\u0131b\u0131(Kendinden Merkezlemeli)"},"content":{"rendered":"<section class=\"wpb-content-wrapper\"><p>[vc_row][vc_column][\/vc_column][\/vc_row][vc_row][vc_column][\/vc_column][\/vc_row][vc_row][vc_column][\/vc_column][\/vc_row][vc_row][vc_column][\/vc_column][\/vc_row][vc_row][vc_column][\/vc_column][\/vc_row][vc_row][vc_column][\/vc_column][\/vc_row][vc_row][vc_column width=&#8221;1\/2&#8243;][vc_column_text]<img loading=\"lazy\" decoding=\"async\" class=\"alignnone wp-image-2950 size-full\" src=\"http:\/\/nesilplastik.com.tr\/tr\/wp-content\/uploads\/2017\/08\/white_feta_cheese_stacking_mold_2.png\" alt=\"\" width=\"300\" height=\"300\" \/>[\/vc_column_text][\/vc_column][vc_column width=&#8221;1\/2&#8243;][vc_column_text]Beyaz Peynir \u00c7oklu \u00dcretim Sistem Kal\u0131b\u0131\u00a0Kendinden Merkezlemeli[\/vc_column_text][\/vc_column][\/vc_row][vc_row][vc_column][vc_tta_tabs][vc_tta_section title=&#8221;Tablo&#8221; tab_id=&#8221;tablo&#8221;][vc_column_text]<\/p>\n<table width=\"304\">\n<tbody>\n<tr>\n<td width=\"64\"><span style=\"color: #ff0000;\"><strong>KOD<\/strong><\/span><\/td>\n<td width=\"97\"><span style=\"color: #ff0000;\"><strong>GRAMAJ<\/strong><\/span><\/td>\n<td width=\"64\"><span style=\"color: #ff0000;\"><strong>EBAT<\/strong><\/span><\/td>\n<td width=\"79\"><span style=\"color: #ff0000;\"><strong>H\u0130ZALAMA<\/strong><\/span><\/td>\n<\/tr>\n<tr>\n<td>MKB\u00c7K03<\/td>\n<td>200 gr.<\/td>\n<td>80x80x65<\/td>\n<td>\u00a04&#215;6=24<\/td>\n<\/tr>\n<tr>\n<td><\/td>\n<td><\/td>\n<td><\/td>\n<td>\u00a04&#215;7=28<\/td>\n<\/tr>\n<tr>\n<td><\/td>\n<td><\/td>\n<td><\/td>\n<td>\u00a04&#215;8=32<\/td>\n<\/tr>\n<tr>\n<td><\/td>\n<td><\/td>\n<td><\/td>\n<td>\u00a04&#215;9=36<\/td>\n<\/tr>\n<tr>\n<td><\/td>\n<td><\/td>\n<td><\/td>\n<td>\u00a05&#215;6=30<\/td>\n<\/tr>\n<tr>\n<td><\/td>\n<td><\/td>\n<td><\/td>\n<td>\u00a05&#215;7=35<\/td>\n<\/tr>\n<tr>\n<td><\/td>\n<td><\/td>\n<td><\/td>\n<td>\u00a05&#215;8=40<\/td>\n<\/tr>\n<tr>\n<td><\/td>\n<td><\/td>\n<td><\/td>\n<td>\u00a05&#215;9=45<\/td>\n<\/tr>\n<\/tbody>\n<\/table>\n<p>[\/vc_column_text][\/vc_tta_section][vc_tta_section title=&#8221;Resmi&#8221; tab_id=&#8221;resmi&#8221;][vc_single_image image=&#8221;2932&#8243;][\/vc_tta_section][\/vc_tta_tabs][\/vc_column][\/vc_row][vc_row][vc_column][vc_separator color=&#8221;juicy_pink&#8221; css_animation=&#8221;bounceInDown&#8221;][\/vc_column][\/vc_row][vc_row][vc_column][vc_column_text]<\/p>\n<table width=\"343\">\n<tbody>\n<tr>\n<td style=\"text-align: center;\" colspan=\"4\" width=\"340\"><strong><span style=\"color: #ff0000;\">Alt Kal\u0131p<\/span><\/strong><\/td>\n<\/tr>\n<tr>\n<td width=\"101\"><strong><span style=\"color: #ff0000;\">KOD<\/span><\/strong><\/td>\n<td width=\"95\"><strong><span style=\"color: #ff0000;\">GRAMAJ<\/span><\/strong><\/td>\n<td width=\"64\"><strong><span style=\"color: #ff0000;\">EBAT<\/span><\/strong><\/td>\n<td width=\"83\"><strong><span style=\"color: #ff0000;\">H\u0130ZALAMA<\/span><\/strong><\/td>\n<\/tr>\n<tr>\n<td>MKB\u00c7K04<\/td>\n<td>400 ve 500 gr.<\/td>\n<td>\u00a080x80x120<\/td>\n<td>\u00a04&#215;6=24<\/td>\n<\/tr>\n<tr>\n<td><\/td>\n<td><\/td>\n<td><\/td>\n<td>\u00a04&#215;7=28<\/td>\n<\/tr>\n<tr>\n<td><\/td>\n<td><\/td>\n<td><\/td>\n<td>\u00a04&#215;8=32<\/td>\n<\/tr>\n<tr>\n<td><\/td>\n<td><\/td>\n<td><\/td>\n<td>\u00a04&#215;9=36<\/td>\n<\/tr>\n<tr>\n<td><\/td>\n<td><\/td>\n<td><\/td>\n<td>\u00a05&#215;7=35<\/td>\n<\/tr>\n<tr>\n<td><\/td>\n<td><\/td>\n<td><\/td>\n<td>\u00a05&#215;8=40<\/td>\n<\/tr>\n<tr>\n<td><\/td>\n<td><\/td>\n<td><\/td>\n<td>\u00a05&#215;9=45<\/td>\n<\/tr>\n<tr>\n<td style=\"text-align: center;\" colspan=\"4\" width=\"340\"><strong><span style=\"color: #ff0000;\">Ara Y\u00fckseltici Kal\u0131p<\/span><\/strong><\/td>\n<\/tr>\n<tr>\n<td><strong><span style=\"color: #ff0000;\">KOD<\/span><\/strong><\/td>\n<td><strong><span style=\"color: #ff0000;\">GRAMAJ<\/span><\/strong><\/td>\n<td><strong><span style=\"color: #ff0000;\">EBAT<\/span><\/strong><\/td>\n<td><strong><span style=\"color: #ff0000;\">H\u0130ZALAMA<\/span><\/strong><\/td>\n<\/tr>\n<tr>\n<td>MKB\u00c7K04-4<\/td>\n<td>50 ve 75 gr.<\/td>\n<td>\u00a080x80x35<\/td>\n<td>\u00a04&#215;6=24<\/td>\n<\/tr>\n<tr>\n<td><\/td>\n<td><\/td>\n<td><\/td>\n<td>\u00a04&#215;7=28<\/td>\n<\/tr>\n<tr>\n<td><\/td>\n<td><\/td>\n<td><\/td>\n<td>\u00a04&#215;8=32<\/td>\n<\/tr>\n<tr>\n<td><\/td>\n<td><\/td>\n<td><\/td>\n<td>\u00a04&#215;9=36<\/td>\n<\/tr>\n<tr>\n<td><\/td>\n<td><\/td>\n<td><\/td>\n<td>\u00a05&#215;7=35<\/td>\n<\/tr>\n<tr>\n<td><\/td>\n<td><\/td>\n<td><\/td>\n<td>\u00a05&#215;8=40<\/td>\n<\/tr>\n<tr>\n<td><\/td>\n<td><\/td>\n<td><\/td>\n<td>\u00a05&#215;9=45<\/td>\n<\/tr>\n<\/tbody>\n<\/table>\n<p>[\/vc_column_text][\/vc_column][\/vc_row]<\/p>\n<\/section>","protected":false},"excerpt":{"rendered":"<p>[vc_row][vc_column][\/vc_column][\/vc_row][vc_row][vc_column][\/vc_column][\/vc_row][vc_row][vc_column][\/vc_column][\/vc_row][vc_row][vc_column][\/vc_column][\/vc_row][vc_row][vc_column][\/vc_column][\/vc_row][vc_row][vc_column][\/vc_column][\/vc_row][vc_row][vc_column width=&#8221;1\/2&#8243;][vc_column_text][\/vc_column_text][\/vc_column][vc_column width=&#8221;1\/2&#8243;][vc_column_text]Beyaz Peynir \u00c7oklu \u00dcretim Sistem Kal\u0131b\u0131\u00a0Kendinden Merkezlemeli[\/vc_column_text][\/vc_column][\/vc_row][vc_row][vc_column][vc_tta_tabs][vc_tta_section title=&#8221;Tablo&#8221; tab_id=&#8221;tablo&#8221;][vc_column_text] KOD GRAMAJ EBAT H\u0130ZALAMA MKB\u00c7K03 200 gr. 80x80x65 \u00a04&#215;6=24 \u00a04&#215;7=28 \u00a04&#215;8=32 \u00a04&#215;9=36 \u00a05&#215;6=30 \u00a05&#215;7=35 \u00a05&#215;8=40 \u00a05&#215;9=45 [\/vc_column_text][\/vc_tta_section][vc_tta_section title=&#8221;Resmi&#8221; tab_id=&#8221;resmi&#8221;][vc_single_image image=&#8221;2932&#8243;][\/vc_tta_section][\/vc_tta_tabs][\/vc_column][\/vc_row][vc_row][vc_column][vc_separator color=&#8221;juicy_pink&#8221; css_animation=&#8221;bounceInDown&#8221;][\/vc_column][\/vc_row][vc_row][vc_column][vc_column_text] Alt Kal\u0131p KOD GRAMAJ EBAT H\u0130ZALAMA MKB\u00c7K04 400 ve 500 gr. \u00a080x80x120 \u00a04&#215;6=24 \u00a04&#215;7=28 \u00a04&#215;8=32 \u00a04&#215;9=36 \u00a05&#215;7=35 \u00a05&#215;8=40 \u00a05&#215;9=45 Ara Y\u00fckseltici Kal\u0131p [&hellip;]<\/p>\n","protected":false},"author":2,"featured_media":0,"parent":2263,"menu_order":0,"comment_status":"closed","ping_status":"closed","template":"page-templates\/template-canvas.php","meta":{"footnotes":""},"class_list":["post-3236","page","type-page","status-publish","hentry"],"_links":{"self":[{"href":"https:\/\/nesilplastik.com.tr\/tr\/wp-json\/wp\/v2\/pages\/3236","targetHints":{"allow":["GET"]}}],"collection":[{"href":"https:\/\/nesilplastik.com.tr\/tr\/wp-json\/wp\/v2\/pages"}],"about":[{"href":"https:\/\/nesilplastik.com.tr\/tr\/wp-json\/wp\/v2\/types\/page"}],"author":[{"embeddable":true,"href":"https:\/\/nesilplastik.com.tr\/tr\/wp-json\/wp\/v2\/users\/2"}],"replies":[{"embeddable":true,"href":"https:\/\/nesilplastik.com.tr\/tr\/wp-json\/wp\/v2\/comments?post=3236"}],"version-history":[{"count":0,"href":"https:\/\/nesilplastik.com.tr\/tr\/wp-json\/wp\/v2\/pages\/3236\/revisions"}],"up":[{"embeddable":true,"href":"https:\/\/nesilplastik.com.tr\/tr\/wp-json\/wp\/v2\/pages\/2263"}],"wp:attachment":[{"href":"https:\/\/nesilplastik.com.tr\/tr\/wp-json\/wp\/v2\/media?parent=3236"}],"curies":[{"name":"wp","href":"https:\/\/api.w.org\/{rel}","templated":true}]}}