
{"id":2971,"date":"2017-06-10T00:49:17","date_gmt":"2017-06-09T21:49:17","guid":{"rendered":"http:\/\/nesilplastik.com.tr\/tr\/?page_id=2971"},"modified":"2017-07-26T12:06:57","modified_gmt":"2017-07-26T09:06:57","slug":"piknik-tip-sert-yarisert-peynir-kaliplari","status":"publish","type":"page","link":"https:\/\/nesilplastik.com.tr\/tr\/coklu-kaliplar\/piknik-tip-sert-yarisert-peynir-kaliplari\/","title":{"rendered":"Piknik Tip Sert &#8211; Yar\u0131sert Peynir Kal\u0131plar\u0131(500 gr.)"},"content":{"rendered":"<section class=\"wpb-content-wrapper\"><p>[vc_row][vc_column][\/vc_column][\/vc_row][vc_row][vc_column][\/vc_column][\/vc_row][vc_row][vc_column][\/vc_column][\/vc_row][vc_row][vc_column][\/vc_column][\/vc_row][vc_row][vc_column][\/vc_column][\/vc_row][vc_row][vc_column][\/vc_column][\/vc_row][vc_row][vc_column width=&#8221;1\/3&#8243;][vc_column_text]<img loading=\"lazy\" decoding=\"async\" class=\"alignnone size-full wp-image-2972\" src=\"http:\/\/nesilplastik.com.tr\/tr\/wp-content\/uploads\/2017\/06\/hard_semihard_cheese_picnic_type_mold_1.png\" alt=\"\" width=\"300\" height=\"300\" srcset=\"https:\/\/nesilplastik.com.tr\/tr\/wp-content\/uploads\/2017\/06\/hard_semihard_cheese_picnic_type_mold_1.png 300w, https:\/\/nesilplastik.com.tr\/tr\/wp-content\/uploads\/2017\/06\/hard_semihard_cheese_picnic_type_mold_1-150x150.png 150w, https:\/\/nesilplastik.com.tr\/tr\/wp-content\/uploads\/2017\/06\/hard_semihard_cheese_picnic_type_mold_1-768x768.png 768w, https:\/\/nesilplastik.com.tr\/tr\/wp-content\/uploads\/2017\/06\/hard_semihard_cheese_picnic_type_mold_1-1024x1024.png 1024w\" sizes=\"auto, (max-width: 300px) 100vw, 300px\" \/>[\/vc_column_text][\/vc_column][vc_column width=&#8221;1\/3&#8243;][vc_column_text]Piknik Tip Sert-Yar\u0131sert Peynir Kal\u0131b\u0131 \u2013 1 (Yuvarlak \u2013 Ka\u015far)[\/vc_column_text][\/vc_column][\/vc_row][vc_row][vc_column][vc_tta_tabs][vc_tta_section title=&#8221;Table&#8221; tab_id=&#8221;table&#8221;][vc_column_text][\/vc_column_text][\/vc_tta_section][vc_tta_section title=&#8221;Images&#8221; tab_id=&#8221;images&#8221;][vc_single_image image=&#8221;2976&#8243; onclick=&#8221;link_image&#8221;][\/vc_tta_section][\/vc_tta_tabs][\/vc_column][\/vc_row][vc_row][vc_column][vc_column_text]<\/p>\n<table width=\"343\">\n<tbody>\n<tr>\n<td width=\"101\"><strong><span style=\"color: #ff0000;\">KOD<\/span><\/strong><\/td>\n<td width=\"95\"><strong><span style=\"color: #ff0000;\">GRAMAJ<\/span><\/strong><\/td>\n<td width=\"64\"><strong><span style=\"color: #ff0000;\">EBAT<\/span><\/strong><\/td>\n<td width=\"83\"><strong><span style=\"color: #ff0000;\">H\u0130ZALAMA<\/span><\/strong><\/td>\n<\/tr>\n<tr>\n<td>MKKP\u00c702<\/td>\n<td>500 gr.<\/td>\n<td>\u00a0100&#215;85<\/td>\n<td>4&#215;3=12<\/td>\n<\/tr>\n<tr>\n<td><\/td>\n<td><\/td>\n<td><\/td>\n<td>4&#215;4=16<\/td>\n<\/tr>\n<tr>\n<td><\/td>\n<td><\/td>\n<td><\/td>\n<td>4&#215;5=20<\/td>\n<\/tr>\n<tr>\n<td><\/td>\n<td><\/td>\n<td><\/td>\n<td>4&#215;6=24<\/td>\n<\/tr>\n<tr>\n<td><\/td>\n<td><\/td>\n<td><\/td>\n<td>4&#215;7=28<\/td>\n<\/tr>\n<\/tbody>\n<\/table>\n<p>[\/vc_column_text][vc_separator color=&#8221;juicy_pink&#8221; css_animation=&#8221;bounceInDown&#8221;][\/vc_column][\/vc_row][vc_row][vc_column][vc_column_text]<\/p>\n<table width=\"343\">\n<tbody>\n<tr>\n<td width=\"101\"><strong><span style=\"color: #ff0000;\">KOD<\/span><\/strong><\/td>\n<td width=\"95\"><strong><span style=\"color: #ff0000;\">GRAMAJ<\/span><\/strong><\/td>\n<td width=\"64\"><strong><span style=\"color: #ff0000;\">EBAT<\/span><\/strong><\/td>\n<td width=\"83\"><strong><span style=\"color: #ff0000;\">H\u0130ZALAMA<\/span><\/strong><\/td>\n<\/tr>\n<tr>\n<td>MKKP\u00c708<\/td>\n<td>400 ve 500 gr.<\/td>\n<td>\u00a0115&#215;50<\/td>\n<td>4&#215;3=12<\/td>\n<\/tr>\n<tr>\n<td><\/td>\n<td><\/td>\n<td><\/td>\n<td>4&#215;4=16<\/td>\n<\/tr>\n<tr>\n<td><\/td>\n<td><\/td>\n<td><\/td>\n<td>4&#215;5=20<\/td>\n<\/tr>\n<tr>\n<td><\/td>\n<td><\/td>\n<td><\/td>\n<td>4&#215;6=24<\/td>\n<\/tr>\n<tr>\n<td><\/td>\n<td><\/td>\n<td><\/td>\n<td>4&#215;7=28<\/td>\n<\/tr>\n<\/tbody>\n<\/table>\n<p>[\/vc_column_text][vc_separator color=&#8221;juicy_pink&#8221; css_animation=&#8221;bounceInDown&#8221;][\/vc_column][\/vc_row][vc_row][vc_column][vc_column_text]<\/p>\n<table width=\"343\">\n<tbody>\n<tr>\n<td width=\"101\"><strong><span style=\"color: #ff0000;\">KOD<\/span><\/strong><\/td>\n<td width=\"95\"><strong><span style=\"color: #ff0000;\">GRAMAJ<\/span><\/strong><\/td>\n<td width=\"64\"><strong><span style=\"color: #ff0000;\">EBAT<\/span><\/strong><\/td>\n<td width=\"83\"><strong><span style=\"color: #ff0000;\">H\u0130ZALAMA<\/span><\/strong><\/td>\n<\/tr>\n<tr>\n<td>MKKP\u00c709<\/td>\n<td>400 ve 500 gr.<\/td>\n<td>\u00a0120&#215;50<\/td>\n<td>4&#215;3=12<\/td>\n<\/tr>\n<tr>\n<td><\/td>\n<td><\/td>\n<td><\/td>\n<td>4&#215;4=16<\/td>\n<\/tr>\n<tr>\n<td><\/td>\n<td><\/td>\n<td><\/td>\n<td>4&#215;5=20<\/td>\n<\/tr>\n<tr>\n<td><\/td>\n<td><\/td>\n<td><\/td>\n<td>4&#215;6=24<\/td>\n<\/tr>\n<tr>\n<td><\/td>\n<td><\/td>\n<td><\/td>\n<td>4&#215;7=28<\/td>\n<\/tr>\n<\/tbody>\n<\/table>\n<p>[\/vc_column_text][vc_separator color=&#8221;juicy_pink&#8221; css_animation=&#8221;bounceInDown&#8221;][\/vc_column][\/vc_row]<\/p>\n<\/section>","protected":false},"excerpt":{"rendered":"<p>[vc_row][vc_column][\/vc_column][\/vc_row][vc_row][vc_column][\/vc_column][\/vc_row][vc_row][vc_column][\/vc_column][\/vc_row][vc_row][vc_column][\/vc_column][\/vc_row][vc_row][vc_column][\/vc_column][\/vc_row][vc_row][vc_column][\/vc_column][\/vc_row][vc_row][vc_column width=&#8221;1\/3&#8243;][vc_column_text][\/vc_column_text][\/vc_column][vc_column width=&#8221;1\/3&#8243;][vc_column_text]Piknik Tip Sert-Yar\u0131sert Peynir Kal\u0131b\u0131 \u2013 1 (Yuvarlak \u2013 Ka\u015far)[\/vc_column_text][\/vc_column][\/vc_row][vc_row][vc_column][vc_tta_tabs][vc_tta_section title=&#8221;Table&#8221; tab_id=&#8221;table&#8221;][vc_column_text][\/vc_column_text][\/vc_tta_section][vc_tta_section title=&#8221;Images&#8221; tab_id=&#8221;images&#8221;][vc_single_image image=&#8221;2976&#8243; onclick=&#8221;link_image&#8221;][\/vc_tta_section][\/vc_tta_tabs][\/vc_column][\/vc_row][vc_row][vc_column][vc_column_text] KOD GRAMAJ EBAT H\u0130ZALAMA MKKP\u00c702 500 gr. \u00a0100&#215;85 4&#215;3=12 4&#215;4=16 4&#215;5=20 4&#215;6=24 4&#215;7=28 [\/vc_column_text][vc_separator color=&#8221;juicy_pink&#8221; css_animation=&#8221;bounceInDown&#8221;][\/vc_column][\/vc_row][vc_row][vc_column][vc_column_text] KOD GRAMAJ EBAT H\u0130ZALAMA MKKP\u00c708 400 ve 500 gr. \u00a0115&#215;50 4&#215;3=12 4&#215;4=16 4&#215;5=20 4&#215;6=24 4&#215;7=28 [\/vc_column_text][vc_separator color=&#8221;juicy_pink&#8221; css_animation=&#8221;bounceInDown&#8221;][\/vc_column][\/vc_row][vc_row][vc_column][vc_column_text] KOD GRAMAJ EBAT [&hellip;]<\/p>\n","protected":false},"author":2,"featured_media":0,"parent":2263,"menu_order":0,"comment_status":"closed","ping_status":"closed","template":"page-templates\/template-canvas.php","meta":{"footnotes":""},"class_list":["post-2971","page","type-page","status-publish","hentry"],"_links":{"self":[{"href":"https:\/\/nesilplastik.com.tr\/tr\/wp-json\/wp\/v2\/pages\/2971","targetHints":{"allow":["GET"]}}],"collection":[{"href":"https:\/\/nesilplastik.com.tr\/tr\/wp-json\/wp\/v2\/pages"}],"about":[{"href":"https:\/\/nesilplastik.com.tr\/tr\/wp-json\/wp\/v2\/types\/page"}],"author":[{"embeddable":true,"href":"https:\/\/nesilplastik.com.tr\/tr\/wp-json\/wp\/v2\/users\/2"}],"replies":[{"embeddable":true,"href":"https:\/\/nesilplastik.com.tr\/tr\/wp-json\/wp\/v2\/comments?post=2971"}],"version-history":[{"count":0,"href":"https:\/\/nesilplastik.com.tr\/tr\/wp-json\/wp\/v2\/pages\/2971\/revisions"}],"up":[{"embeddable":true,"href":"https:\/\/nesilplastik.com.tr\/tr\/wp-json\/wp\/v2\/pages\/2263"}],"wp:attachment":[{"href":"https:\/\/nesilplastik.com.tr\/tr\/wp-json\/wp\/v2\/media?parent=2971"}],"curies":[{"name":"wp","href":"https:\/\/api.w.org\/{rel}","templated":true}]}}