
{"id":2948,"date":"2017-06-07T02:26:46","date_gmt":"2017-06-06T23:26:46","guid":{"rendered":"http:\/\/nesilplastik.com.tr\/tr\/?page_id=2948"},"modified":"2017-08-11T12:32:54","modified_gmt":"2017-08-11T09:32:54","slug":"beyaz-peynir-coklu-kalibi-yuvarlak-200-gr-kisa-kenardan-ve-kendinden-merkezlemeli-kalip-tipleri","status":"publish","type":"page","link":"https:\/\/nesilplastik.com.tr\/tr\/coklu-kaliplar\/beyaz-peynir-coklu-kalibi-yuvarlak-200-gr-kisa-kenardan-ve-kendinden-merkezlemeli-kalip-tipleri\/","title":{"rendered":"Beyaz Peynir \u00c7oklu Kal\u0131b\u0131 (Yuvarlak) Kendinden Merkezlemeli"},"content":{"rendered":"<section class=\"wpb-content-wrapper\"><p>[vc_row][vc_column][\/vc_column][\/vc_row][vc_row][vc_column][\/vc_column][\/vc_row][vc_row][vc_column][\/vc_column][\/vc_row][vc_row][vc_column][\/vc_column][\/vc_row][vc_row][vc_column][\/vc_column][\/vc_row][vc_row][vc_column][\/vc_column][\/vc_row][vc_row][vc_column width=&#8221;1\/3&#8243;][vc_column_text]<img loading=\"lazy\" decoding=\"async\" class=\"alignnone size-full wp-image-2956\" src=\"http:\/\/nesilplastik.com.tr\/tr\/wp-content\/uploads\/2017\/08\/white_feta_cheese_stacking_mold_circular_2.png\" alt=\"\" width=\"300\" height=\"300\" \/><\/p>\n<p>Kendinden Merkezlemeli[\/vc_column_text][\/vc_column][vc_column width=&#8221;1\/3&#8243;][vc_column_text]Beyaz Peynir \u00c7oklu Kal\u0131b\u0131 (Yuvarlak) 200 gr.<br \/>\nK\u0131sa Kenardan ve Kendinden Merkezlemeli Kal\u0131p Tipleri[\/vc_column_text][\/vc_column][\/vc_row][vc_row][vc_column][vc_tta_tabs][vc_tta_section title=&#8221;Tablo&#8221; tab_id=&#8221;tablo&#8221;][vc_column_text]<\/p>\n<table width=\"343\">\n<tbody>\n<tr>\n<td style=\"text-align: center;\" colspan=\"4\" width=\"340\"><strong><span style=\"color: #ff0000;\">Alt Kal\u0131p<\/span><\/strong><\/td>\n<\/tr>\n<tr>\n<td width=\"101\"><strong><span style=\"color: #ff0000;\">KOD<\/span><\/strong><\/td>\n<td width=\"95\"><strong><span style=\"color: #ff0000;\">GRAMAJ<\/span><\/strong><\/td>\n<td width=\"64\"><strong><span style=\"color: #ff0000;\">EBAT<\/span><\/strong><\/td>\n<td width=\"83\"><strong><span style=\"color: #ff0000;\">H\u0130ZALAMA<\/span><\/strong><\/td>\n<\/tr>\n<tr>\n<td>MKB\u00c7P01<\/td>\n<td>200 ve 300 gr.<\/td>\n<td>\u00a090&#215;80<\/td>\n<td>4&#215;5=20<\/td>\n<\/tr>\n<tr>\n<td><\/td>\n<td><\/td>\n<td><\/td>\n<td>4&#215;6=24<\/td>\n<\/tr>\n<tr>\n<td><\/td>\n<td><\/td>\n<td><\/td>\n<td>4&#215;7=28<\/td>\n<\/tr>\n<tr>\n<td><\/td>\n<td><\/td>\n<td><\/td>\n<td>4&#215;8=32<\/td>\n<\/tr>\n<tr>\n<td><\/td>\n<td><\/td>\n<td><\/td>\n<td>4&#215;9=36<\/td>\n<\/tr>\n<tr>\n<td><\/td>\n<td><\/td>\n<td><\/td>\n<td>5&#215;6=30<\/td>\n<\/tr>\n<tr>\n<td><\/td>\n<td><\/td>\n<td><\/td>\n<td>5&#215;7=35<\/td>\n<\/tr>\n<tr>\n<td><\/td>\n<td><\/td>\n<td><\/td>\n<td>5&#215;8=40<\/td>\n<\/tr>\n<tr>\n<td><\/td>\n<td><\/td>\n<td><\/td>\n<td>5&#215;9=45<\/td>\n<\/tr>\n<tr>\n<td style=\"text-align: center;\" colspan=\"4\" width=\"340\"><strong><span style=\"color: #ff0000;\">Ara Y\u00fckseltici Kal\u0131p<\/span><\/strong><\/td>\n<\/tr>\n<tr>\n<td><strong><span style=\"color: #ff0000;\">KOD<\/span><\/strong><\/td>\n<td><strong><span style=\"color: #ff0000;\">GRAMAJ<\/span><\/strong><\/td>\n<td><strong><span style=\"color: #ff0000;\">EBAT<\/span><\/strong><\/td>\n<td><strong><span style=\"color: #ff0000;\">H\u0130ZALAMA<\/span><\/strong><\/td>\n<\/tr>\n<tr>\n<td>MKB\u00c7P01-1<\/td>\n<td>50 ve 100 gr.<\/td>\n<td>90&#215;45<\/td>\n<td>4&#215;5=20<\/td>\n<\/tr>\n<tr>\n<td><\/td>\n<td><\/td>\n<td><\/td>\n<td>4&#215;6=24<\/td>\n<\/tr>\n<tr>\n<td><\/td>\n<td><\/td>\n<td><\/td>\n<td>4&#215;7=28<\/td>\n<\/tr>\n<tr>\n<td><\/td>\n<td><\/td>\n<td><\/td>\n<td>4&#215;8=32<\/td>\n<\/tr>\n<tr>\n<td><\/td>\n<td><\/td>\n<td><\/td>\n<td>4&#215;9=36<\/td>\n<\/tr>\n<tr>\n<td><\/td>\n<td><\/td>\n<td><\/td>\n<td>5&#215;6=30<\/td>\n<\/tr>\n<tr>\n<td><\/td>\n<td><\/td>\n<td><\/td>\n<td>5&#215;7=35<\/td>\n<\/tr>\n<tr>\n<td><\/td>\n<td><\/td>\n<td><\/td>\n<td>5&#215;8=40<\/td>\n<\/tr>\n<tr>\n<td><\/td>\n<td><\/td>\n<td><\/td>\n<td>5&#215;9=45<\/td>\n<\/tr>\n<\/tbody>\n<\/table>\n<p>[\/vc_column_text][\/vc_tta_section][vc_tta_section title=&#8221;Resim&#8221; tab_id=&#8221;resim&#8221;][vc_single_image image=&#8221;2932&#8243; onclick=&#8221;link_image&#8221;][\/vc_tta_section][\/vc_tta_tabs][\/vc_column][\/vc_row][vc_row][vc_column][vc_separator color=&#8221;juicy_pink&#8221; css_animation=&#8221;bounceInDown&#8221;][\/vc_column][\/vc_row][vc_row][vc_column][vc_column_text]<\/p>\n<table width=\"343\">\n<tbody>\n<tr>\n<td style=\"text-align: center;\" colspan=\"4\" width=\"340\"><strong><span style=\"color: #ff0000;\">Alt Kal\u0131p<\/span><\/strong><\/td>\n<\/tr>\n<tr>\n<td width=\"101\"><strong><span style=\"color: #ff0000;\">KOD<\/span><\/strong><\/td>\n<td width=\"95\"><strong><span style=\"color: #ff0000;\">GRAMAJ<\/span><\/strong><\/td>\n<td width=\"64\"><strong><span style=\"color: #ff0000;\">EBAT<\/span><\/strong><\/td>\n<td width=\"83\"><strong><span style=\"color: #ff0000;\">H\u0130ZALAMA<\/span><\/strong><\/td>\n<\/tr>\n<tr>\n<td>MKB\u00c7P02<\/td>\n<td>200 ve 350 gr.<\/td>\n<td>\u00a085&#215;93<\/td>\n<td>4&#215;5=20<\/td>\n<\/tr>\n<tr>\n<td><\/td>\n<td><\/td>\n<td><\/td>\n<td>4&#215;6=24<\/td>\n<\/tr>\n<tr>\n<td><\/td>\n<td><\/td>\n<td><\/td>\n<td>4&#215;7=28<\/td>\n<\/tr>\n<tr>\n<td><\/td>\n<td><\/td>\n<td><\/td>\n<td>4&#215;8=32<\/td>\n<\/tr>\n<tr>\n<td><\/td>\n<td><\/td>\n<td><\/td>\n<td>4&#215;9=36<\/td>\n<\/tr>\n<tr>\n<td><\/td>\n<td><\/td>\n<td><\/td>\n<td>5&#215;6=30<\/td>\n<\/tr>\n<tr>\n<td><\/td>\n<td><\/td>\n<td><\/td>\n<td>5&#215;7=35<\/td>\n<\/tr>\n<tr>\n<td><\/td>\n<td><\/td>\n<td><\/td>\n<td>5&#215;8=40<\/td>\n<\/tr>\n<tr>\n<td><\/td>\n<td><\/td>\n<td><\/td>\n<td>5&#215;9=45<\/td>\n<\/tr>\n<tr>\n<td style=\"text-align: center;\" colspan=\"4\" width=\"340\"><strong><span style=\"color: #ff0000;\">Ara Y\u00fckseltici Kal\u0131p<\/span><\/strong><\/td>\n<\/tr>\n<tr>\n<td><strong><span style=\"color: #ff0000;\">KOD<\/span><\/strong><\/td>\n<td><strong><span style=\"color: #ff0000;\">GRAMAJ<\/span><\/strong><\/td>\n<td><strong><span style=\"color: #ff0000;\">EBAT<\/span><\/strong><\/td>\n<td><strong><span style=\"color: #ff0000;\">H\u0130ZALAMA<\/span><\/strong><\/td>\n<\/tr>\n<tr>\n<td>MKB\u00c7P02-2<\/td>\n<td>75 ve 100 gr.<\/td>\n<td>85&#215;60<\/td>\n<td>4&#215;5=20<\/td>\n<\/tr>\n<tr>\n<td><\/td>\n<td><\/td>\n<td><\/td>\n<td>4&#215;6=24<\/td>\n<\/tr>\n<tr>\n<td><\/td>\n<td><\/td>\n<td><\/td>\n<td>4&#215;7=28<\/td>\n<\/tr>\n<tr>\n<td><\/td>\n<td><\/td>\n<td><\/td>\n<td>4&#215;8=32<\/td>\n<\/tr>\n<tr>\n<td><\/td>\n<td><\/td>\n<td><\/td>\n<td>4&#215;9=36<\/td>\n<\/tr>\n<tr>\n<td><\/td>\n<td><\/td>\n<td><\/td>\n<td>5&#215;6=30<\/td>\n<\/tr>\n<tr>\n<td><\/td>\n<td><\/td>\n<td><\/td>\n<td>5&#215;7=35<\/td>\n<\/tr>\n<tr>\n<td><\/td>\n<td><\/td>\n<td><\/td>\n<td>5&#215;8=40<\/td>\n<\/tr>\n<tr>\n<td><\/td>\n<td><\/td>\n<td><\/td>\n<td>5&#215;9=45<\/td>\n<\/tr>\n<\/tbody>\n<\/table>\n<p>[\/vc_column_text][vc_separator color=&#8221;juicy_pink&#8221; css_animation=&#8221;bounceInDown&#8221;][\/vc_column][\/vc_row][vc_row][vc_column][vc_column_text]<\/p>\n<table width=\"343\">\n<tbody>\n<tr>\n<td style=\"text-align: center;\" colspan=\"4\" width=\"340\"><strong><span style=\"color: #ff0000;\">Alt Kal\u0131p<\/span><\/strong><\/td>\n<\/tr>\n<tr>\n<td width=\"101\"><strong><span style=\"color: #ff0000;\">KOD<\/span><\/strong><\/td>\n<td width=\"95\"><strong><span style=\"color: #ff0000;\">GRAMAJ<\/span><\/strong><\/td>\n<td width=\"64\"><strong><span style=\"color: #ff0000;\">EBAT<\/span><\/strong><\/td>\n<td width=\"83\"><strong><span style=\"color: #ff0000;\">H\u0130ZALAMA<\/span><\/strong><\/td>\n<\/tr>\n<tr>\n<td>MKB\u00c7P03<\/td>\n<td>200 ve 300 gr.<\/td>\n<td>\u00a085&#215;105<\/td>\n<td>4&#215;5=20<\/td>\n<\/tr>\n<tr>\n<td><\/td>\n<td><\/td>\n<td><\/td>\n<td>4&#215;6=24<\/td>\n<\/tr>\n<tr>\n<td><\/td>\n<td><\/td>\n<td><\/td>\n<td>4&#215;7=28<\/td>\n<\/tr>\n<tr>\n<td><\/td>\n<td><\/td>\n<td><\/td>\n<td>4&#215;8=32<\/td>\n<\/tr>\n<tr>\n<td><\/td>\n<td><\/td>\n<td><\/td>\n<td>4&#215;9=36<\/td>\n<\/tr>\n<tr>\n<td><\/td>\n<td><\/td>\n<td><\/td>\n<td>5&#215;6=30<\/td>\n<\/tr>\n<tr>\n<td><\/td>\n<td><\/td>\n<td><\/td>\n<td>5&#215;7=35<\/td>\n<\/tr>\n<tr>\n<td><\/td>\n<td><\/td>\n<td><\/td>\n<td>5&#215;8=40<\/td>\n<\/tr>\n<tr>\n<td><\/td>\n<td><\/td>\n<td><\/td>\n<td>5&#215;9=45<\/td>\n<\/tr>\n<tr>\n<td style=\"text-align: center;\" colspan=\"4\" width=\"340\"><strong><span style=\"color: #ff0000;\">Ara Y\u00fckseltici Kal\u0131p<\/span><\/strong><\/td>\n<\/tr>\n<tr>\n<td><strong><span style=\"color: #ff0000;\">KOD<\/span><\/strong><\/td>\n<td><strong><span style=\"color: #ff0000;\">GRAMAJ<\/span><\/strong><\/td>\n<td><strong><span style=\"color: #ff0000;\">EBAT<\/span><\/strong><\/td>\n<td><strong><span style=\"color: #ff0000;\">H\u0130ZALAMA<\/span><\/strong><\/td>\n<\/tr>\n<tr>\n<td>MKB\u00c7P03-3<\/td>\n<td>50 ve 100 gr.<\/td>\n<td>85&#215;60<\/td>\n<td>4&#215;5=20<\/td>\n<\/tr>\n<tr>\n<td><\/td>\n<td><\/td>\n<td><\/td>\n<td>4&#215;6=24<\/td>\n<\/tr>\n<tr>\n<td><\/td>\n<td><\/td>\n<td><\/td>\n<td>4&#215;7=28<\/td>\n<\/tr>\n<tr>\n<td><\/td>\n<td><\/td>\n<td><\/td>\n<td>4&#215;8=32<\/td>\n<\/tr>\n<tr>\n<td><\/td>\n<td><\/td>\n<td><\/td>\n<td>4&#215;9=36<\/td>\n<\/tr>\n<tr>\n<td><\/td>\n<td><\/td>\n<td><\/td>\n<td>5&#215;6=30<\/td>\n<\/tr>\n<tr>\n<td><\/td>\n<td><\/td>\n<td><\/td>\n<td>5&#215;7=35<\/td>\n<\/tr>\n<tr>\n<td><\/td>\n<td><\/td>\n<td><\/td>\n<td>5&#215;8=40<\/td>\n<\/tr>\n<tr>\n<td><\/td>\n<td><\/td>\n<td><\/td>\n<td>5&#215;9=45<\/td>\n<\/tr>\n<\/tbody>\n<\/table>\n<p>[\/vc_column_text][vc_separator color=&#8221;juicy_pink&#8221; css_animation=&#8221;bounceInDown&#8221;][\/vc_column][\/vc_row][vc_row][vc_column][vc_column_text]<\/p>\n<table width=\"343\">\n<tbody>\n<tr>\n<td style=\"text-align: center;\" colspan=\"4\" width=\"340\"><strong><span style=\"color: #ff0000;\">Alt Kal\u0131p<\/span><\/strong><\/td>\n<\/tr>\n<tr>\n<td width=\"101\"><strong><span style=\"color: #ff0000;\">KOD<\/span><\/strong><\/td>\n<td width=\"95\"><strong><span style=\"color: #ff0000;\">GRAMAJ<\/span><\/strong><\/td>\n<td width=\"64\"><strong><span style=\"color: #ff0000;\">EBAT<\/span><\/strong><\/td>\n<td width=\"83\"><strong><span style=\"color: #ff0000;\">H\u0130ZALAMA<\/span><\/strong><\/td>\n<\/tr>\n<tr>\n<td>MKB\u00c7P04<\/td>\n<td>200 ve 300 gr.<\/td>\n<td>\u00a084&#215;105<\/td>\n<td>4&#215;5=20<\/td>\n<\/tr>\n<tr>\n<td><\/td>\n<td><\/td>\n<td><\/td>\n<td>4&#215;6=24<\/td>\n<\/tr>\n<tr>\n<td><\/td>\n<td><\/td>\n<td><\/td>\n<td>4&#215;7=28<\/td>\n<\/tr>\n<tr>\n<td><\/td>\n<td><\/td>\n<td><\/td>\n<td>4&#215;8=32<\/td>\n<\/tr>\n<tr>\n<td><\/td>\n<td><\/td>\n<td><\/td>\n<td>4&#215;9=36<\/td>\n<\/tr>\n<tr>\n<td><\/td>\n<td><\/td>\n<td><\/td>\n<td>5&#215;6=30<\/td>\n<\/tr>\n<tr>\n<td><\/td>\n<td><\/td>\n<td><\/td>\n<td>5&#215;7=35<\/td>\n<\/tr>\n<tr>\n<td><\/td>\n<td><\/td>\n<td><\/td>\n<td>5&#215;8=40<\/td>\n<\/tr>\n<tr>\n<td><\/td>\n<td><\/td>\n<td><\/td>\n<td>5&#215;9=45<\/td>\n<\/tr>\n<tr>\n<td style=\"text-align: center;\" colspan=\"4\" width=\"340\"><strong><span style=\"color: #ff0000;\">Ara Y\u00fckseltici Kal\u0131p<\/span><\/strong><\/td>\n<\/tr>\n<tr>\n<td><strong><span style=\"color: #ff0000;\">KOD<\/span><\/strong><\/td>\n<td><strong><span style=\"color: #ff0000;\">GRAMAJ<\/span><\/strong><\/td>\n<td><strong><span style=\"color: #ff0000;\">EBAT<\/span><\/strong><\/td>\n<td><strong><span style=\"color: #ff0000;\">H\u0130ZALAMA<\/span><\/strong><\/td>\n<\/tr>\n<tr>\n<td>MKB\u00c7P04-4<\/td>\n<td>50 ve 100 gr.<\/td>\n<td>84&#215;60<\/td>\n<td>4&#215;5=20<\/td>\n<\/tr>\n<tr>\n<td><\/td>\n<td><\/td>\n<td><\/td>\n<td>4&#215;6=24<\/td>\n<\/tr>\n<tr>\n<td><\/td>\n<td><\/td>\n<td><\/td>\n<td>4&#215;7=28<\/td>\n<\/tr>\n<tr>\n<td><\/td>\n<td><\/td>\n<td><\/td>\n<td>4&#215;8=32<\/td>\n<\/tr>\n<tr>\n<td><\/td>\n<td><\/td>\n<td><\/td>\n<td>4&#215;9=36<\/td>\n<\/tr>\n<tr>\n<td><\/td>\n<td><\/td>\n<td><\/td>\n<td>5&#215;6=30<\/td>\n<\/tr>\n<tr>\n<td><\/td>\n<td><\/td>\n<td><\/td>\n<td>5&#215;7=35<\/td>\n<\/tr>\n<tr>\n<td><\/td>\n<td><\/td>\n<td><\/td>\n<td>5&#215;8=40<\/td>\n<\/tr>\n<tr>\n<td><\/td>\n<td><\/td>\n<td><\/td>\n<td>5&#215;9=45<\/td>\n<\/tr>\n<\/tbody>\n<\/table>\n<p>[\/vc_column_text][vc_separator color=&#8221;juicy_pink&#8221; css_animation=&#8221;bounceInDown&#8221;][\/vc_column][\/vc_row][vc_row][vc_column][vc_column_text]<\/p>\n<table width=\"343\">\n<tbody>\n<tr>\n<td style=\"text-align: center;\" colspan=\"4\" width=\"340\"><strong><span style=\"color: #ff0000;\">Alt Kal\u0131p<\/span><\/strong><\/td>\n<\/tr>\n<tr>\n<td width=\"101\"><strong><span style=\"color: #ff0000;\">KOD<\/span><\/strong><\/td>\n<td width=\"95\"><strong><span style=\"color: #ff0000;\">GRAMAJ<\/span><\/strong><\/td>\n<td width=\"64\"><strong><span style=\"color: #ff0000;\">EBAT<\/span><\/strong><\/td>\n<td width=\"83\"><strong><span style=\"color: #ff0000;\">H\u0130ZALAMA<\/span><\/strong><\/td>\n<\/tr>\n<tr>\n<td>MKB\u00c7P05<\/td>\n<td>200 ve 300 gr.<\/td>\n<td>\u00a083,5&#215;105<\/td>\n<td>4&#215;5=20<\/td>\n<\/tr>\n<tr>\n<td><\/td>\n<td><\/td>\n<td><\/td>\n<td>4&#215;6=24<\/td>\n<\/tr>\n<tr>\n<td><\/td>\n<td><\/td>\n<td><\/td>\n<td>4&#215;7=28<\/td>\n<\/tr>\n<tr>\n<td><\/td>\n<td><\/td>\n<td><\/td>\n<td>4&#215;8=32<\/td>\n<\/tr>\n<tr>\n<td><\/td>\n<td><\/td>\n<td><\/td>\n<td>4&#215;9=36<\/td>\n<\/tr>\n<tr>\n<td><\/td>\n<td><\/td>\n<td><\/td>\n<td>5&#215;6=30<\/td>\n<\/tr>\n<tr>\n<td><\/td>\n<td><\/td>\n<td><\/td>\n<td>5&#215;7=35<\/td>\n<\/tr>\n<tr>\n<td><\/td>\n<td><\/td>\n<td><\/td>\n<td>5&#215;8=40<\/td>\n<\/tr>\n<tr>\n<td><\/td>\n<td><\/td>\n<td><\/td>\n<td>5&#215;9=45<\/td>\n<\/tr>\n<tr>\n<td style=\"text-align: center;\" colspan=\"4\" width=\"340\"><strong><span style=\"color: #ff0000;\">Ara Y\u00fckseltici Kal\u0131p<\/span><\/strong><\/td>\n<\/tr>\n<tr>\n<td><strong><span style=\"color: #ff0000;\">KOD<\/span><\/strong><\/td>\n<td><strong><span style=\"color: #ff0000;\">GRAMAJ<\/span><\/strong><\/td>\n<td><strong><span style=\"color: #ff0000;\">EBAT<\/span><\/strong><\/td>\n<td><strong><span style=\"color: #ff0000;\">H\u0130ZALAMA<\/span><\/strong><\/td>\n<\/tr>\n<tr>\n<td>MKB\u00c7P05-5<\/td>\n<td>50 ve 100 gr.<\/td>\n<td>83,5&#215;60<\/td>\n<td>4&#215;5=20<\/td>\n<\/tr>\n<tr>\n<td><\/td>\n<td><\/td>\n<td><\/td>\n<td>4&#215;6=24<\/td>\n<\/tr>\n<tr>\n<td><\/td>\n<td><\/td>\n<td><\/td>\n<td>4&#215;7=28<\/td>\n<\/tr>\n<tr>\n<td><\/td>\n<td><\/td>\n<td><\/td>\n<td>4&#215;8=32<\/td>\n<\/tr>\n<tr>\n<td><\/td>\n<td><\/td>\n<td><\/td>\n<td>4&#215;9=36<\/td>\n<\/tr>\n<tr>\n<td><\/td>\n<td><\/td>\n<td><\/td>\n<td>5&#215;6=30<\/td>\n<\/tr>\n<tr>\n<td><\/td>\n<td><\/td>\n<td><\/td>\n<td>5&#215;7=35<\/td>\n<\/tr>\n<tr>\n<td><\/td>\n<td><\/td>\n<td><\/td>\n<td>5&#215;8=40<\/td>\n<\/tr>\n<tr>\n<td><\/td>\n<td><\/td>\n<td><\/td>\n<td>5&#215;9=45<\/td>\n<\/tr>\n<\/tbody>\n<\/table>\n<p>[\/vc_column_text][vc_separator color=&#8221;juicy_pink&#8221; css_animation=&#8221;bounceInDown&#8221;][\/vc_column][\/vc_row][vc_row][vc_column][vc_column_text]<\/p>\n<table width=\"343\">\n<tbody>\n<tr>\n<td style=\"text-align: center;\" colspan=\"4\" width=\"340\"><strong><span style=\"color: #ff0000;\">Alt Kal\u0131p<\/span><\/strong><\/td>\n<\/tr>\n<tr>\n<td width=\"101\"><strong><span style=\"color: #ff0000;\">KOD<\/span><\/strong><\/td>\n<td width=\"95\"><strong><span style=\"color: #ff0000;\">GRAMAJ<\/span><\/strong><\/td>\n<td width=\"64\"><strong><span style=\"color: #ff0000;\">EBAT<\/span><\/strong><\/td>\n<td width=\"83\"><strong><span style=\"color: #ff0000;\">H\u0130ZALAMA<\/span><\/strong><\/td>\n<\/tr>\n<tr>\n<td>MKB\u00c7P06<\/td>\n<td>200 ve 300 gr.<\/td>\n<td>\u00a084&#215;93<\/td>\n<td>4&#215;5=20<\/td>\n<\/tr>\n<tr>\n<td><\/td>\n<td><\/td>\n<td><\/td>\n<td>4&#215;6=24<\/td>\n<\/tr>\n<tr>\n<td><\/td>\n<td><\/td>\n<td><\/td>\n<td>4&#215;7=28<\/td>\n<\/tr>\n<tr>\n<td><\/td>\n<td><\/td>\n<td><\/td>\n<td>4&#215;8=32<\/td>\n<\/tr>\n<tr>\n<td><\/td>\n<td><\/td>\n<td><\/td>\n<td>4&#215;9=36<\/td>\n<\/tr>\n<tr>\n<td><\/td>\n<td><\/td>\n<td><\/td>\n<td>5&#215;6=30<\/td>\n<\/tr>\n<tr>\n<td><\/td>\n<td><\/td>\n<td><\/td>\n<td>5&#215;7=35<\/td>\n<\/tr>\n<tr>\n<td><\/td>\n<td><\/td>\n<td><\/td>\n<td>5&#215;8=40<\/td>\n<\/tr>\n<tr>\n<td><\/td>\n<td><\/td>\n<td><\/td>\n<td>5&#215;9=45<\/td>\n<\/tr>\n<tr>\n<td style=\"text-align: center;\" colspan=\"4\" width=\"340\"><strong><span style=\"color: #ff0000;\">Ara Y\u00fckseltici Kal\u0131p<\/span><\/strong><\/td>\n<\/tr>\n<tr>\n<td><strong><span style=\"color: #ff0000;\">KOD<\/span><\/strong><\/td>\n<td><strong><span style=\"color: #ff0000;\">GRAMAJ<\/span><\/strong><\/td>\n<td><strong><span style=\"color: #ff0000;\">EBAT<\/span><\/strong><\/td>\n<td><strong><span style=\"color: #ff0000;\">H\u0130ZALAMA<\/span><\/strong><\/td>\n<\/tr>\n<tr>\n<td>MKB\u00c7P06-6<\/td>\n<td>50 ve 100 gr.<\/td>\n<td>84&#215;60<\/td>\n<td>4&#215;5=20<\/td>\n<\/tr>\n<tr>\n<td><\/td>\n<td><\/td>\n<td><\/td>\n<td>4&#215;6=24<\/td>\n<\/tr>\n<tr>\n<td><\/td>\n<td><\/td>\n<td><\/td>\n<td>4&#215;7=28<\/td>\n<\/tr>\n<tr>\n<td><\/td>\n<td><\/td>\n<td><\/td>\n<td>4&#215;8=32<\/td>\n<\/tr>\n<tr>\n<td><\/td>\n<td><\/td>\n<td><\/td>\n<td>4&#215;9=36<\/td>\n<\/tr>\n<tr>\n<td><\/td>\n<td><\/td>\n<td><\/td>\n<td>5&#215;6=30<\/td>\n<\/tr>\n<tr>\n<td><\/td>\n<td><\/td>\n<td><\/td>\n<td>5&#215;7=35<\/td>\n<\/tr>\n<tr>\n<td><\/td>\n<td><\/td>\n<td><\/td>\n<td>5&#215;8=40<\/td>\n<\/tr>\n<tr>\n<td><\/td>\n<td><\/td>\n<td><\/td>\n<td>5&#215;9=45<\/td>\n<\/tr>\n<\/tbody>\n<\/table>\n<p>[\/vc_column_text][\/vc_column][\/vc_row]<\/p>\n<\/section>","protected":false},"excerpt":{"rendered":"<p>[vc_row][vc_column][\/vc_column][\/vc_row][vc_row][vc_column][\/vc_column][\/vc_row][vc_row][vc_column][\/vc_column][\/vc_row][vc_row][vc_column][\/vc_column][\/vc_row][vc_row][vc_column][\/vc_column][\/vc_row][vc_row][vc_column][\/vc_column][\/vc_row][vc_row][vc_column width=&#8221;1\/3&#8243;][vc_column_text] Kendinden Merkezlemeli[\/vc_column_text][\/vc_column][vc_column width=&#8221;1\/3&#8243;][vc_column_text]Beyaz Peynir \u00c7oklu Kal\u0131b\u0131 (Yuvarlak) 200 gr. K\u0131sa Kenardan ve Kendinden Merkezlemeli Kal\u0131p Tipleri[\/vc_column_text][\/vc_column][\/vc_row][vc_row][vc_column][vc_tta_tabs][vc_tta_section title=&#8221;Tablo&#8221; tab_id=&#8221;tablo&#8221;][vc_column_text] Alt Kal\u0131p KOD GRAMAJ EBAT H\u0130ZALAMA MKB\u00c7P01 200 ve 300 gr. \u00a090&#215;80 4&#215;5=20 4&#215;6=24 4&#215;7=28 4&#215;8=32 4&#215;9=36 5&#215;6=30 5&#215;7=35 5&#215;8=40 5&#215;9=45 Ara Y\u00fckseltici Kal\u0131p KOD GRAMAJ EBAT H\u0130ZALAMA MKB\u00c7P01-1 50 ve 100 gr. 90&#215;45 4&#215;5=20 [&hellip;]<\/p>\n","protected":false},"author":2,"featured_media":0,"parent":2263,"menu_order":0,"comment_status":"closed","ping_status":"closed","template":"page-templates\/template-canvas.php","meta":{"footnotes":""},"class_list":["post-2948","page","type-page","status-publish","hentry"],"_links":{"self":[{"href":"https:\/\/nesilplastik.com.tr\/tr\/wp-json\/wp\/v2\/pages\/2948","targetHints":{"allow":["GET"]}}],"collection":[{"href":"https:\/\/nesilplastik.com.tr\/tr\/wp-json\/wp\/v2\/pages"}],"about":[{"href":"https:\/\/nesilplastik.com.tr\/tr\/wp-json\/wp\/v2\/types\/page"}],"author":[{"embeddable":true,"href":"https:\/\/nesilplastik.com.tr\/tr\/wp-json\/wp\/v2\/users\/2"}],"replies":[{"embeddable":true,"href":"https:\/\/nesilplastik.com.tr\/tr\/wp-json\/wp\/v2\/comments?post=2948"}],"version-history":[{"count":0,"href":"https:\/\/nesilplastik.com.tr\/tr\/wp-json\/wp\/v2\/pages\/2948\/revisions"}],"up":[{"embeddable":true,"href":"https:\/\/nesilplastik.com.tr\/tr\/wp-json\/wp\/v2\/pages\/2263"}],"wp:attachment":[{"href":"https:\/\/nesilplastik.com.tr\/tr\/wp-json\/wp\/v2\/media?parent=2948"}],"curies":[{"name":"wp","href":"https:\/\/api.w.org\/{rel}","templated":true}]}}