
{"id":2926,"date":"2017-06-05T13:52:32","date_gmt":"2017-06-05T10:52:32","guid":{"rendered":"http:\/\/nesilplastik.com.tr\/tr\/?page_id=2926"},"modified":"2017-08-11T12:32:02","modified_gmt":"2017-08-11T09:32:02","slug":"250-400-750-gr-coklu-sistem-teleme-ara-yukseltici-suzdurme-kalibi","status":"publish","type":"page","link":"https:\/\/nesilplastik.com.tr\/tr\/coklu-kaliplar\/250-400-750-gr-coklu-sistem-teleme-ara-yukseltici-suzdurme-kalibi\/","title":{"rendered":"\u00c7oklu Sistem Teleme Ara Y\u00fckseltici S\u00fczd\u00fcrme Kal\u0131b\u0131"},"content":{"rendered":"<section class=\"wpb-content-wrapper\"><p>[vc_row][vc_column][\/vc_column][\/vc_row][vc_row][vc_column][\/vc_column][\/vc_row][vc_row][vc_column][\/vc_column][\/vc_row][vc_row][vc_column][\/vc_column][\/vc_row][vc_row][vc_column][\/vc_column][\/vc_row][vc_row][vc_column][\/vc_column][\/vc_row][vc_row][vc_column width=&#8221;1\/2&#8243;][vc_column_text]<img loading=\"lazy\" decoding=\"async\" class=\"alignnone size-full wp-image-2928\" src=\"http:\/\/nesilplastik.com.tr\/tr\/wp-content\/uploads\/2017\/08\/White-Cheese-Stacking-Mold-Square-Seperator.png\" alt=\"\" width=\"300\" height=\"300\" \/>[\/vc_column_text][\/vc_column][vc_column width=&#8221;1\/2&#8243;][vc_column_text]\u00c7oklu Sistem Teleme Ara Y\u00fckseltici S\u00fczd\u00fcrme Kal\u0131b\u0131 (250 &#8211; 400 &#8211; 750 gr)[\/vc_column_text][\/vc_column][\/vc_row][vc_row][vc_column][vc_tta_tabs][vc_tta_section title=&#8221;Tablo&#8221; tab_id=&#8221;tablo&#8221;][vc_column_text]<\/p>\n<table width=\"304\">\n<tbody>\n<tr>\n<td width=\"64\"><span style=\"color: #ff0000;\"><strong>KOD<\/strong><\/span><\/td>\n<td width=\"97\"><span style=\"color: #ff0000;\"><strong>GRAMAJ<br \/>\n<\/strong><\/span><\/td>\n<td width=\"64\"><span style=\"color: #ff0000;\"><strong>EBAT<\/strong><\/span><\/td>\n<td width=\"79\"><span style=\"color: #ff0000;\"><strong>H\u0130ZALAMA<\/strong><\/span><\/td>\n<\/tr>\n<tr>\n<td>MKB\u00c7K02<\/td>\n<td>400 gr.<\/td>\n<td>80x80x35<\/td>\n<td>\u00a04&#215;5=20<\/td>\n<\/tr>\n<tr>\n<td><\/td>\n<td><\/td>\n<td><\/td>\n<td>\u00a04&#215;6=24<\/td>\n<\/tr>\n<tr>\n<td><\/td>\n<td><\/td>\n<td><\/td>\n<td>\u00a04&#215;7=28<\/td>\n<\/tr>\n<tr>\n<td><\/td>\n<td><\/td>\n<td><\/td>\n<td>\u00a04&#215;8=32<\/td>\n<\/tr>\n<tr>\n<td><\/td>\n<td><\/td>\n<td><\/td>\n<td>\u00a04&#215;9=36<\/td>\n<\/tr>\n<tr>\n<td><\/td>\n<td><\/td>\n<td><\/td>\n<td>\u00a04&#215;10=40<\/td>\n<\/tr>\n<tr>\n<td><\/td>\n<td><\/td>\n<td><\/td>\n<td>\u00a04&#215;12=48<\/td>\n<\/tr>\n<tr>\n<td><\/td>\n<td><\/td>\n<td><\/td>\n<td>\u00a05&#215;5=25<\/td>\n<\/tr>\n<tr>\n<td><\/td>\n<td><\/td>\n<td><\/td>\n<td>\u00a05&#215;6=30<\/td>\n<\/tr>\n<tr>\n<td><\/td>\n<td><\/td>\n<td><\/td>\n<td>\u00a05&#215;7=35<\/td>\n<\/tr>\n<tr>\n<td><\/td>\n<td><\/td>\n<td><\/td>\n<td>\u00a05&#215;8=40<\/td>\n<\/tr>\n<tr>\n<td><\/td>\n<td><\/td>\n<td><\/td>\n<td>\u00a05&#215;9=45<\/td>\n<\/tr>\n<tr>\n<td><\/td>\n<td><\/td>\n<td><\/td>\n<td>\u00a05&#215;10=50<\/td>\n<\/tr>\n<tr>\n<td><\/td>\n<td><\/td>\n<td><\/td>\n<td>\u00a05&#215;12=60<\/td>\n<\/tr>\n<\/tbody>\n<\/table>\n<p>&nbsp;<\/p>\n<table width=\"349\">\n<tbody>\n<tr>\n<td width=\"80\"><span style=\"color: #ff0000;\"><strong>KOD<\/strong><\/span><\/td>\n<td width=\"99\"><span style=\"color: #ff0000;\"><strong>GRAMAJ<\/strong><\/span><\/td>\n<td width=\"77\"><span style=\"color: #ff0000;\"><strong>EBAT<\/strong><\/span><\/td>\n<td width=\"93\"><span style=\"color: #ff0000;\"><strong>H\u0130ZALAMA<\/strong><\/span><\/td>\n<\/tr>\n<tr>\n<td width=\"80\">MKB\u00c7K04<\/td>\n<td width=\"99\"><\/td>\n<td width=\"77\">80x80x57<\/td>\n<td width=\"93\">3&#215;8=24<\/td>\n<\/tr>\n<tr>\n<td width=\"80\"><\/td>\n<td width=\"99\"><\/td>\n<td width=\"77\"><\/td>\n<td width=\"93\">3&#215;9=27<\/td>\n<\/tr>\n<tr>\n<td width=\"80\"><\/td>\n<td width=\"99\"><\/td>\n<td width=\"77\"><\/td>\n<td width=\"93\">3&#215;10=30<\/td>\n<\/tr>\n<tr>\n<td width=\"80\"><\/td>\n<td width=\"99\"><\/td>\n<td width=\"77\"><\/td>\n<td width=\"93\">3&#215;12=36<\/td>\n<\/tr>\n<tr>\n<td width=\"80\"><\/td>\n<td width=\"99\"><\/td>\n<td width=\"77\"><\/td>\n<td width=\"93\">6&#215;4=24<\/td>\n<\/tr>\n<tr>\n<td width=\"80\"><\/td>\n<td width=\"99\"><\/td>\n<td width=\"77\"><\/td>\n<td width=\"93\">6&#215;5=30<\/td>\n<\/tr>\n<tr>\n<td width=\"80\"><\/td>\n<td width=\"99\"><\/td>\n<td width=\"77\"><\/td>\n<td width=\"93\">6&#215;6=36<\/td>\n<\/tr>\n<tr>\n<td width=\"80\"><\/td>\n<td width=\"99\"><\/td>\n<td width=\"77\"><\/td>\n<td width=\"93\">6&#215;7=42<\/td>\n<\/tr>\n<tr>\n<td width=\"80\"><\/td>\n<td width=\"99\"><\/td>\n<td width=\"77\"><\/td>\n<td width=\"93\">6&#215;8=48<\/td>\n<\/tr>\n<tr>\n<td width=\"80\"><\/td>\n<td width=\"99\"><\/td>\n<td width=\"77\"><\/td>\n<td width=\"93\">6&#215;9=54<\/td>\n<\/tr>\n<tr>\n<td width=\"80\"><\/td>\n<td width=\"99\"><\/td>\n<td width=\"77\"><\/td>\n<td width=\"93\">6&#215;10=60<\/td>\n<\/tr>\n<\/tbody>\n<\/table>\n<p>[\/vc_column_text][\/vc_tta_section][vc_tta_section title=&#8221;Resim&#8221; tab_id=&#8221;resim&#8221;][vc_single_image image=&#8221;2932&#8243; onclick=&#8221;link_image&#8221;][\/vc_tta_section][\/vc_tta_tabs][\/vc_column][\/vc_row]<\/p>\n<\/section>","protected":false},"excerpt":{"rendered":"<p>[vc_row][vc_column][\/vc_column][\/vc_row][vc_row][vc_column][\/vc_column][\/vc_row][vc_row][vc_column][\/vc_column][\/vc_row][vc_row][vc_column][\/vc_column][\/vc_row][vc_row][vc_column][\/vc_column][\/vc_row][vc_row][vc_column][\/vc_column][\/vc_row][vc_row][vc_column width=&#8221;1\/2&#8243;][vc_column_text][\/vc_column_text][\/vc_column][vc_column width=&#8221;1\/2&#8243;][vc_column_text]\u00c7oklu Sistem Teleme Ara Y\u00fckseltici S\u00fczd\u00fcrme Kal\u0131b\u0131 (250 &#8211; 400 &#8211; 750 gr)[\/vc_column_text][\/vc_column][\/vc_row][vc_row][vc_column][vc_tta_tabs][vc_tta_section title=&#8221;Tablo&#8221; tab_id=&#8221;tablo&#8221;][vc_column_text] KOD GRAMAJ EBAT H\u0130ZALAMA MKB\u00c7K02 400 gr. 80x80x35 \u00a04&#215;5=20 \u00a04&#215;6=24 \u00a04&#215;7=28 \u00a04&#215;8=32 \u00a04&#215;9=36 \u00a04&#215;10=40 \u00a04&#215;12=48 \u00a05&#215;5=25 \u00a05&#215;6=30 \u00a05&#215;7=35 \u00a05&#215;8=40 \u00a05&#215;9=45 \u00a05&#215;10=50 \u00a05&#215;12=60 &nbsp; KOD GRAMAJ EBAT H\u0130ZALAMA MKB\u00c7K04 80x80x57 3&#215;8=24 3&#215;9=27 3&#215;10=30 3&#215;12=36 6&#215;4=24 6&#215;5=30 6&#215;6=36 6&#215;7=42 6&#215;8=48 [&hellip;]<\/p>\n","protected":false},"author":2,"featured_media":0,"parent":2263,"menu_order":0,"comment_status":"closed","ping_status":"closed","template":"page-templates\/template-canvas.php","meta":{"footnotes":""},"class_list":["post-2926","page","type-page","status-publish","hentry"],"_links":{"self":[{"href":"https:\/\/nesilplastik.com.tr\/tr\/wp-json\/wp\/v2\/pages\/2926","targetHints":{"allow":["GET"]}}],"collection":[{"href":"https:\/\/nesilplastik.com.tr\/tr\/wp-json\/wp\/v2\/pages"}],"about":[{"href":"https:\/\/nesilplastik.com.tr\/tr\/wp-json\/wp\/v2\/types\/page"}],"author":[{"embeddable":true,"href":"https:\/\/nesilplastik.com.tr\/tr\/wp-json\/wp\/v2\/users\/2"}],"replies":[{"embeddable":true,"href":"https:\/\/nesilplastik.com.tr\/tr\/wp-json\/wp\/v2\/comments?post=2926"}],"version-history":[{"count":0,"href":"https:\/\/nesilplastik.com.tr\/tr\/wp-json\/wp\/v2\/pages\/2926\/revisions"}],"up":[{"embeddable":true,"href":"https:\/\/nesilplastik.com.tr\/tr\/wp-json\/wp\/v2\/pages\/2263"}],"wp:attachment":[{"href":"https:\/\/nesilplastik.com.tr\/tr\/wp-json\/wp\/v2\/media?parent=2926"}],"curies":[{"name":"wp","href":"https:\/\/api.w.org\/{rel}","templated":true}]}}