
{"id":2916,"date":"2017-06-05T13:22:02","date_gmt":"2017-06-05T10:22:02","guid":{"rendered":"http:\/\/nesilplastik.com.tr\/tr\/?page_id=2916"},"modified":"2017-08-11T12:33:26","modified_gmt":"2017-08-11T09:33:26","slug":"750-gr-coklu-olgunlastirma-ve-suzdurme-kasesi","status":"publish","type":"page","link":"https:\/\/nesilplastik.com.tr\/tr\/coklu-kaliplar\/750-gr-coklu-olgunlastirma-ve-suzdurme-kasesi\/","title":{"rendered":"\u00c7oklu Olgunla\u015ft\u0131rma ve S\u00fczd\u00fcrme Kasesi (750 gr)"},"content":{"rendered":"<section class=\"wpb-content-wrapper\"><p>[vc_row][vc_column][\/vc_column][\/vc_row][vc_row][vc_column][\/vc_column][\/vc_row][vc_row][vc_column][\/vc_column][\/vc_row][vc_row][vc_column][\/vc_column][\/vc_row][vc_row][vc_column][\/vc_column][\/vc_row][vc_row][vc_column][\/vc_column][\/vc_row][vc_row][vc_column width=&#8221;1\/2&#8243;][vc_column_text]<img loading=\"lazy\" decoding=\"async\" class=\"alignnone size-full wp-image-2918\" src=\"http:\/\/nesilplastik.com.tr\/tr\/wp-content\/uploads\/2017\/08\/multiple_agitator.png\" alt=\"\" width=\"300\" height=\"300\" \/>[\/vc_column_text][\/vc_column][vc_column width=&#8221;1\/2&#8243;][vc_column_text]\u00c7oklu Olgunla\u015ft\u0131rma ve S\u00fczd\u00fcrme Kasesi (750 gr)[\/vc_column_text][\/vc_column][\/vc_row][vc_row][vc_column][vc_tta_tabs][vc_tta_section title=&#8221;Tablo&#8221; tab_id=&#8221;tablo&#8221;][vc_column_text]<\/p>\n<table width=\"289\">\n<tbody>\n<tr>\n<td width=\"64\"><span style=\"color: #ff0000;\"><strong>KOD<\/strong><\/span><\/td>\n<td width=\"97\"><span style=\"color: #ff0000;\"><strong>GRAMAJ<\/strong><\/span><\/td>\n<td width=\"64\"><span style=\"color: #ff0000;\"><strong>EBAT<\/strong><\/span><\/td>\n<td width=\"64\"><span style=\"color: #ff0000;\"><strong>SIRALAMA<\/strong><\/span><\/td>\n<\/tr>\n<tr>\n<td>MKDS\u00c7K01<\/td>\n<td>750 gr.<\/td>\n<td>80x80x170<\/td>\n<td>\u00a05&#215;4=20<\/td>\n<\/tr>\n<tr>\n<td><\/td>\n<td><\/td>\n<td><\/td>\n<td>\u00a06&#215;4=24<\/td>\n<\/tr>\n<tr>\n<td><\/td>\n<td><\/td>\n<td><\/td>\n<td>\u00a06&#215;5=30<\/td>\n<\/tr>\n<tr>\n<td><\/td>\n<td><\/td>\n<td><\/td>\n<td>\u00a06&#215;6=36<\/td>\n<\/tr>\n<tr>\n<td><\/td>\n<td><\/td>\n<td><\/td>\n<td>\u00a06&#215;7=42<\/td>\n<\/tr>\n<tr>\n<td><\/td>\n<td><\/td>\n<td><\/td>\n<td>\u00a06&#215;8=48<\/td>\n<\/tr>\n<\/tbody>\n<\/table>\n<p>[\/vc_column_text][\/vc_tta_section][vc_tta_section title=&#8221;Resim&#8221; tab_id=&#8221;resim&#8221;][\/vc_tta_section][\/vc_tta_tabs][\/vc_column][\/vc_row]<\/p>\n<\/section>","protected":false},"excerpt":{"rendered":"<p>[vc_row][vc_column][\/vc_column][\/vc_row][vc_row][vc_column][\/vc_column][\/vc_row][vc_row][vc_column][\/vc_column][\/vc_row][vc_row][vc_column][\/vc_column][\/vc_row][vc_row][vc_column][\/vc_column][\/vc_row][vc_row][vc_column][\/vc_column][\/vc_row][vc_row][vc_column width=&#8221;1\/2&#8243;][vc_column_text][\/vc_column_text][\/vc_column][vc_column width=&#8221;1\/2&#8243;][vc_column_text]\u00c7oklu Olgunla\u015ft\u0131rma ve S\u00fczd\u00fcrme Kasesi (750 gr)[\/vc_column_text][\/vc_column][\/vc_row][vc_row][vc_column][vc_tta_tabs][vc_tta_section title=&#8221;Tablo&#8221; tab_id=&#8221;tablo&#8221;][vc_column_text] KOD GRAMAJ EBAT SIRALAMA MKDS\u00c7K01 750 gr. 80x80x170 \u00a05&#215;4=20 \u00a06&#215;4=24 \u00a06&#215;5=30 \u00a06&#215;6=36 \u00a06&#215;7=42 \u00a06&#215;8=48 [\/vc_column_text][\/vc_tta_section][vc_tta_section title=&#8221;Resim&#8221; tab_id=&#8221;resim&#8221;][\/vc_tta_section][\/vc_tta_tabs][\/vc_column][\/vc_row]<\/p>\n","protected":false},"author":2,"featured_media":0,"parent":2263,"menu_order":0,"comment_status":"closed","ping_status":"closed","template":"page-templates\/template-canvas.php","meta":{"footnotes":""},"class_list":["post-2916","page","type-page","status-publish","hentry"],"_links":{"self":[{"href":"https:\/\/nesilplastik.com.tr\/tr\/wp-json\/wp\/v2\/pages\/2916","targetHints":{"allow":["GET"]}}],"collection":[{"href":"https:\/\/nesilplastik.com.tr\/tr\/wp-json\/wp\/v2\/pages"}],"about":[{"href":"https:\/\/nesilplastik.com.tr\/tr\/wp-json\/wp\/v2\/types\/page"}],"author":[{"embeddable":true,"href":"https:\/\/nesilplastik.com.tr\/tr\/wp-json\/wp\/v2\/users\/2"}],"replies":[{"embeddable":true,"href":"https:\/\/nesilplastik.com.tr\/tr\/wp-json\/wp\/v2\/comments?post=2916"}],"version-history":[{"count":0,"href":"https:\/\/nesilplastik.com.tr\/tr\/wp-json\/wp\/v2\/pages\/2916\/revisions"}],"up":[{"embeddable":true,"href":"https:\/\/nesilplastik.com.tr\/tr\/wp-json\/wp\/v2\/pages\/2263"}],"wp:attachment":[{"href":"https:\/\/nesilplastik.com.tr\/tr\/wp-json\/wp\/v2\/media?parent=2916"}],"curies":[{"name":"wp","href":"https:\/\/api.w.org\/{rel}","templated":true}]}}