
{"id":2876,"date":"2017-06-04T13:19:21","date_gmt":"2017-06-04T10:19:21","guid":{"rendered":"http:\/\/nesilplastik.com.tr\/tr\/?page_id=2876"},"modified":"2022-08-27T17:53:41","modified_gmt":"2022-08-27T14:53:41","slug":"kunye","status":"publish","type":"page","link":"https:\/\/nesilplastik.com.tr\/tr\/kunye\/","title":{"rendered":"K\u00fcnye"},"content":{"rendered":"<section class=\"wpb-content-wrapper\"><p>[vc_row][vc_column][\/vc_column][\/vc_row][vc_row][vc_column][\/vc_column][\/vc_row][vc_row][vc_column][\/vc_column][\/vc_row][vc_row][vc_column][\/vc_column][\/vc_row][vc_row][vc_column][\/vc_column][\/vc_row][vc_row][vc_column][\/vc_column][\/vc_row][vc_row][vc_column][vc_column_text]<img loading=\"lazy\" decoding=\"async\" class=\"alignnone size-full wp-image-3981\" src=\"https:\/\/nesilplastik.com.tr\/tr\/wp-content\/uploads\/2021\/07\/nesil_plastic_impressum_1.jpg\" alt=\"\" width=\"1024\" height=\"239\" srcset=\"https:\/\/nesilplastik.com.tr\/tr\/wp-content\/uploads\/2021\/07\/nesil_plastic_impressum_1.jpg 1024w, https:\/\/nesilplastik.com.tr\/tr\/wp-content\/uploads\/2021\/07\/nesil_plastic_impressum_1-768x179.jpg 768w\" sizes=\"auto, (max-width: 1024px) 100vw, 1024px\" \/><\/p>\n<p>K\u00dcNYE (IMPRESSUM)<\/p>\n<p>42036 &#8211; Bu web sitesi ve alt markalar\u0131 merkezi Karatay Konya T\u00fcrkiye&#8217;de olan, Nesil Plastik olarak 6102 say\u0131l\u0131 T\u00fcrk Ticaret Yasas\u0131 kapsam\u0131nda kay\u0131tl\u0131, 200.000 \u20ac&#8217;luk sermaye ile \u015firketler grubu Nesil Plastik ad\u0131yla, \u015eahin YA\u011eCI m\u00fclkiyetindedir &#8211; T\u00dcRK\u0130YE.<\/p>\n<p>Firman\u0131n direkt\u00f6r\u00fc Sn. \u015eahin YA\u011eCI&#8217;d\u0131r.<\/p>\n<p>Site i\u00e7eri\u011fi ile ilgili tan\u0131mlar: sitenin genel yap\u0131s\u0131, bu ge\u00e7erli URL adresi, ilgili alan ad\u0131, sitenin tasar\u0131m\u0131, metinler, resimler animasyonlu olsun veya olmas\u0131n, kendisini meydana getiren sesler, markalar ve logolar Nesil Plastik taraf\u0131ndan sa\u011flanm\u0131\u015ft\u0131r.<\/p>\n<p>Site veya site i\u00e7eri\u011fine ait herhangi bir dijital veri, Nesil Plastik yetki vermeden, herhangi bir y\u00f6ntemle, i\u00e7eri\u011finin tam veya herhangi bir k\u0131sm\u0131n\u0131n ba\u015fka bir web sitesinde yada reklam alan\u0131nda (Katalog, CD-DVD Arabirimleri, Fuarlar, Afi\u015fler, TV Reklamlar\u0131 vb. platformlar g\u00f6sterimi 5846 say\u0131l\u0131 Fikri M\u00fclkiyet Yasas\u0131 kapsam\u0131ndaki haklar anlam\u0131nda yasad\u0131\u015f\u0131 kullan\u0131m\u0131 ve taklidinin \/ sahtesinin yap\u0131lmas\u0131 durumunda, yapan ki\u015fi\/ ki\u015filer \/ kurum \/ kurulu\u015flar\u0131n her t\u00fcrl\u00fc yasal yapt\u0131r\u0131m\u0131 kabul beyan ve taahh\u00fct ettiklerine dair b\u00fct\u00fcn durumlar\u0131 kapsar.<\/p>\n<p>Bu, i\u00e7erik sa\u011flay\u0131c\u0131 ve web sitesi sahibi s\u0131fat\u0131yla Nesil Plastik haklar\u0131 alt\u0131nda korunur ayn\u0131 \u00e7\u0131karma ve \/ veya site uygun g\u00f6r\u00fcnen veritabanlar\u0131n\u0131n k\u0131smen ya da tamamen kullan\u0131m\u0131 Makaleler 5846 say\u0131l\u0131 Fikri M\u00fclkiyet Kanununu kapsam\u0131nda korunmaktad\u0131r.[\/vc_column_text][\/vc_column][\/vc_row]<\/p>\n<\/section>","protected":false},"excerpt":{"rendered":"<p>[vc_row][vc_column][\/vc_column][\/vc_row][vc_row][vc_column][\/vc_column][\/vc_row][vc_row][vc_column][\/vc_column][\/vc_row][vc_row][vc_column][\/vc_column][\/vc_row][vc_row][vc_column][\/vc_column][\/vc_row][vc_row][vc_column][\/vc_column][\/vc_row][vc_row][vc_column][vc_column_text] K\u00dcNYE (IMPRESSUM) 42036 &#8211; Bu web sitesi ve alt markalar\u0131 merkezi Karatay Konya T\u00fcrkiye&#8217;de olan, Nesil Plastik olarak 6102 say\u0131l\u0131 T\u00fcrk Ticaret Yasas\u0131 kapsam\u0131nda kay\u0131tl\u0131, 200.000 \u20ac&#8217;luk sermaye ile \u015firketler grubu Nesil Plastik ad\u0131yla, \u015eahin YA\u011eCI m\u00fclkiyetindedir &#8211; T\u00dcRK\u0130YE. Firman\u0131n direkt\u00f6r\u00fc Sn. \u015eahin YA\u011eCI&#8217;d\u0131r. Site i\u00e7eri\u011fi ile ilgili tan\u0131mlar: sitenin genel yap\u0131s\u0131, bu ge\u00e7erli [&hellip;]<\/p>\n","protected":false},"author":2,"featured_media":0,"parent":0,"menu_order":0,"comment_status":"closed","ping_status":"closed","template":"page-templates\/template-canvas.php","meta":{"footnotes":""},"class_list":["post-2876","page","type-page","status-publish","hentry"],"_links":{"self":[{"href":"https:\/\/nesilplastik.com.tr\/tr\/wp-json\/wp\/v2\/pages\/2876","targetHints":{"allow":["GET"]}}],"collection":[{"href":"https:\/\/nesilplastik.com.tr\/tr\/wp-json\/wp\/v2\/pages"}],"about":[{"href":"https:\/\/nesilplastik.com.tr\/tr\/wp-json\/wp\/v2\/types\/page"}],"author":[{"embeddable":true,"href":"https:\/\/nesilplastik.com.tr\/tr\/wp-json\/wp\/v2\/users\/2"}],"replies":[{"embeddable":true,"href":"https:\/\/nesilplastik.com.tr\/tr\/wp-json\/wp\/v2\/comments?post=2876"}],"version-history":[{"count":0,"href":"https:\/\/nesilplastik.com.tr\/tr\/wp-json\/wp\/v2\/pages\/2876\/revisions"}],"wp:attachment":[{"href":"https:\/\/nesilplastik.com.tr\/tr\/wp-json\/wp\/v2\/media?parent=2876"}],"curies":[{"name":"wp","href":"https:\/\/api.w.org\/{rel}","templated":true}]}}