
{"id":275,"date":"2021-02-15T09:50:58","date_gmt":"2021-02-15T06:50:58","guid":{"rendered":"http:\/\/demo.oceanthemes.net\/ananke\/?page_id=275"},"modified":"2022-12-16T09:00:13","modified_gmt":"2022-12-16T06:00:13","slug":"nesil-plastik-anasayfa","status":"publish","type":"page","link":"https:\/\/nesilplastik.com.tr\/tr\/","title":{"rendered":"Nesil Plastik Anasayfa"},"content":{"rendered":"<section class=\"wpb-content-wrapper\"><p>[vc_row][vc_column][\/vc_column][\/vc_row][vc_row][vc_column][\/vc_column][\/vc_row][vc_row][vc_column][\/vc_column][\/vc_row][vc_row][vc_column][\/vc_column][\/vc_row][vc_row][vc_column][\/vc_column][\/vc_row][vc_row css_animation=&#8221;rollIn&#8221; extra_id=&#8221;#home&#8221; fullwidth=&#8221;yes&#8221;][vc_column][rev_slider_vc alias=&#8221;home-slider&#8221;]\t\n\t<div class=\"small-text\">\n\t\t<div class=\"cl-effect-5\">\n\t\t\t<a class=\"scroll\" href=\"#iletisim\"><span data-hover=\"Ileti\u015fim\">Ileti\u015fim<\/span><\/a>\t\t\t\t\t<\/div>\n\t<\/div>\n\n\t\n\t<div class=\"social-top\">\n\t\t<ul class=\"list-social\">\n\t\t\t\t\t\t\t<li class=\"icon-soc tipped\" data-title=\"facebook\"  data-tipper-options='{\"direction\":\"top\",\"follow\":\"true\"}'>\n\t\t\t\t\t<a target=\"_self\" href=\"https:\/\/www.facebook.com\/nesilplastik\"><i class=\"fa fa-facebook\"><\/i><\/a>\n\t\t\t\t<\/li>\n\t\t\t\t\t\t\t\t\t\t<li class=\"icon-soc tipped\" data-title=\"twitter\"  data-tipper-options='{\"direction\":\"top\",\"follow\":\"true\"}'>\n\t\t\t\t\t<a target=\"_self\" href=\"https:\/\/twitter.com\/nesilplastik\"><i class=\"fa fa-twitter\"><\/i><\/a>\n\t\t\t\t<\/li>\n\t\t\t\t\t\t\t\t\t\t<li class=\"icon-soc tipped\" data-title=\"instagram\"  data-tipper-options='{\"direction\":\"top\",\"follow\":\"true\"}'>\n\t\t\t\t\t<a target=\"_self\" href=\"https:\/\/www.instagram.com\/nesilplastik\"><i class=\"fa fa-instagram\"><\/i><\/a>\n\t\t\t\t<\/li>\n\t\t\t\t\t\t\t\t\t\t\t<\/ul>\t\n\t<\/div>\n\n[\/vc_column][\/vc_row][vc_row extra_id=&#8221;hakkimizda&#8221; css=&#8221;.vc_custom_1497294773050{margin-bottom: -15px !important;}&#8221;][vc_column][vc_column_text css_animation=&#8221;rotateInUpLeft&#8221;]<\/p>\n<h2 style=\"text-align: center;\"><span style=\"color: #ff0000;\"><strong>YAKLA\u015eAN FUARLAR<\/strong><\/span><\/h2>\n<p>[\/vc_column_text][\/vc_column][\/vc_row][vc_row extra_id=&#8221;hakkimizda&#8221; css=&#8221;.vc_custom_1497294773050{margin-bottom: -15px !important;}&#8221;][vc_column width=&#8221;1\/2&#8243;][vc_column_text]<img loading=\"lazy\" decoding=\"async\" class=\"wp-image-4137 aligncenter\" src=\"https:\/\/nesilplastik.com.tr\/tr\/wp-content\/uploads\/2022\/05\/logo-cibus-tec-2023-lr.jpg\" alt=\"\" width=\"400\" height=\"180\" srcset=\"https:\/\/nesilplastik.com.tr\/tr\/wp-content\/uploads\/2022\/05\/logo-cibus-tec-2023-lr.jpg 1181w, https:\/\/nesilplastik.com.tr\/tr\/wp-content\/uploads\/2022\/05\/logo-cibus-tec-2023-lr-768x345.jpg 768w\" sizes=\"auto, (max-width: 400px) 100vw, 400px\" \/>[\/vc_column_text][\/vc_column][vc_column width=&#8221;1\/2&#8243;][vc_column_text]<img loading=\"lazy\" decoding=\"async\" class=\"size-full wp-image-4188 aligncenter\" src=\"https:\/\/nesilplastik.com.tr\/tr\/wp-content\/uploads\/2022\/12\/Dairy-Tech-Fuar.png\" alt=\"\" width=\"527\" height=\"200\" srcset=\"https:\/\/nesilplastik.com.tr\/tr\/wp-content\/uploads\/2022\/12\/Dairy-Tech-Fuar.png 527w, https:\/\/nesilplastik.com.tr\/tr\/wp-content\/uploads\/2022\/12\/Dairy-Tech-Fuar-768x291.png 768w\" sizes=\"auto, (max-width: 527px) 100vw, 527px\" \/>[\/vc_column_text][\/vc_column][\/vc_row][vc_row css_animation=&#8221;none&#8221; extra_id=&#8221;hakkimizda&#8221; css=&#8221;.vc_custom_1653382777100{margin-bottom: -15px !important;}&#8221;][vc_column][vc_column_text css_animation=&#8221;bounceInDown&#8221;]<\/p>\n<h3 style=\"text-align: center; text-transform: none;\">Hakk\u0131m\u0131zda<\/h3>\n<p>&nbsp;<\/p>\n<p style=\"text-align: center;\" align=\"center\">Sekt\u00f6rdeki faaliyetlerimiz ve hedeflerimiz hakk\u0131nda<\/p>\n<p style=\"text-align: center;\" align=\"center\">\u00d6zellikle beyaz peynir, feta peyniri, sert-yar\u0131sert peynir kal\u0131plar\u0131 \u00fcretmekteyiz. Peynir \u00fcretim s\u00fcrecini \u00e7ok h\u0131zland\u0131racak ar-ge \u00e7al\u0131\u015fmalar\u0131n\u0131, y\u0131llardan beri yapmaktay\u0131z. Uzun s\u00fcren ara\u015ft\u0131rmalar\u0131m\u0131z neticesinde, en az \u00e7al\u0131\u015fan say\u0131s\u0131yla maksimum \u00fcretim kapasitesine sizi \u00e7\u0131karacak olan kal\u0131p teknolojisi \u00e7al\u0131\u015fmalar\u0131m\u0131z s\u00f6z konusudur.<\/p>\n<p>[\/vc_column_text][\/vc_column][\/vc_row][vc_row extra_id=&#8221;kalite&#8221;][vc_column width=&#8221;1\/2&#8243;][vc_column_text css_animation=&#8221;bounceInLeft&#8221;]<iframe loading=\"lazy\" src=\"https:\/\/www.youtube.com\/embed\/3sVBm3WiyLo?rel=0&amp;showinfo=0\" width=\"500\" height=\"281\" frameborder=\"0\" allowfullscreen=\"allowfullscreen\"><\/iframe>[\/vc_column_text][\/vc_column][vc_column width=&#8221;1\/2&#8243;][vc_column_text css_animation=&#8221;bounceInRight&#8221;]<span style=\"color: #333399;\"><strong>NES\u0130L PLAST\u0130K KAL\u0130TE ANLAYI\u015eI<br \/>\n<\/strong><\/span><\/p>\n<p>Peynir kal\u0131plama, s\u00fct sekt\u00f6r\u00fc, makine ve otomasyon hizmetlerinde m\u00fc\u015fteri say\u0131m\u0131z\u0131n artmas\u0131, nitelikli hizmet \u00e7abam\u0131z ile do\u011fru orant\u0131l\u0131d\u0131r.<\/p>\n<p>&nbsp;<\/p>\n<p><span style=\"color: #333399;\"><strong>M\u0130SYONUMUZ<\/strong><\/span><\/p>\n<p>Hassas tasar\u0131mdan maksimum kalitede \u00fcr\u00fcn eldesine kadar, m\u00fc\u015fterilerimizin hayalindeki i\u015fi teslim etme \u00e7abam\u0131z, misyonumuzun bel kemi\u011fini te\u015fkil etmektedir.<\/p>\n<p>&nbsp;<\/p>\n<p><span style=\"color: #333399;\"><strong>M\u00dc\u015eTER\u0130 MEMNUN\u0130YET\u0130<br \/>\n<\/strong><\/span><\/p>\n<p>En \u00f6nemli prensibimiz, m\u00fc\u015fterilerimizin kalite beklentilerini en \u00fcst d\u00fczeyde kar\u015f\u0131lamak amac\u0131yla, s\u00fcrekli ar-ge ve yeni teknolojilerin \u00fcst d\u00fczey kullan\u0131m\u0131d\u0131r.[\/vc_column_text][\/vc_column][\/vc_row][vc_row extra_id=&#8221;deneyim&#8221; css=&#8221;.vc_custom_1497294600983{padding-top: 60px !important;padding-bottom: 60px !important;background-color: #ffffff !important;}&#8221;][vc_column width=&#8221;1\/3&#8243;][vc_column_text css_animation=&#8221;bounceInUp&#8221;]<strong>H\u0130ZMET KAL\u0130TEM\u0130Z<br \/>\n<\/strong><\/p>\n<p><img loading=\"lazy\" decoding=\"async\" class=\"alignnone size-full wp-image-2219\" src=\"http:\/\/nesilplastik.com.tr\/tr\/wp-content\/uploads\/2014\/11\/service_quality_understanding-1.png\" alt=\"\" width=\"300\" height=\"160\" srcset=\"https:\/\/nesilplastik.com.tr\/tr\/wp-content\/uploads\/2014\/11\/service_quality_understanding-1.png 300w, https:\/\/nesilplastik.com.tr\/tr\/wp-content\/uploads\/2014\/11\/service_quality_understanding-1-768x409.png 768w\" sizes=\"auto, (max-width: 300px) 100vw, 300px\" \/><\/p>\n<p align=\"justify\"><span id=\"result_box\" class=\"\" lang=\"en\"><span class=\"\">Nesil Plastik olarak benimsemi\u015f oldu\u011fumuz Kalite Politikas\u0131 \u00e7er\u00e7evesinde; m\u00fc\u015fterilerimize; uluslararas\u0131 kalite standartlar\u0131nda, beklentilerinin \u00fcst\u00fcnde, uygun fiyat portf\u00f6y\u00fcne sahip \u00fcr\u00fcnleri zaman\u0131nda sunmaya \u00f6zen g\u00f6stermekteyiz. Bu s\u00fcre\u00e7te bilimsel veri toplama ve de\u011ferlendirme sistemlerini kullanarak kontrol etmekte ve s\u00fcrekli iyile\u015ftirmeler yapmaktay\u0131z.<\/span><\/span><\/p>\n<p>[\/vc_column_text][\/vc_column][vc_column width=&#8221;1\/3&#8243;][vc_column_text css_animation=&#8221;bounceInUp&#8221;]<strong>\u0130\u015e SA\u011eLI\u011eI G\u00dcVENL\u0130\u011e\u0130<br \/>\n<\/strong><\/p>\n<p><img loading=\"lazy\" decoding=\"async\" class=\"alignnone size-full wp-image-2224\" src=\"http:\/\/nesilplastik.com.tr\/tr\/wp-content\/uploads\/2014\/11\/work_safety_and_health-1.png\" alt=\"\" width=\"300\" height=\"160\" srcset=\"https:\/\/nesilplastik.com.tr\/tr\/wp-content\/uploads\/2014\/11\/work_safety_and_health-1.png 300w, https:\/\/nesilplastik.com.tr\/tr\/wp-content\/uploads\/2014\/11\/work_safety_and_health-1-768x409.png 768w\" sizes=\"auto, (max-width: 300px) 100vw, 300px\" \/><\/p>\n<p align=\"justify\">TS 18001 \u0130\u015f Sa\u011fl\u0131\u011f\u0131 ve G\u00fcvenli\u011fi Y\u00f6netim Sistemi standartlar\u0131na ve y\u00fcr\u00fcrl\u00fckteki d\u00fczenlemelere gereksinim duydu\u011fumuz t\u00fcm \u00f6nlemleri, t\u00fcm \u00fcretim s\u00fcrecinin tan\u0131mlanmas\u0131, y\u00fckseltilmesi analizi ve ortadan kald\u0131r\u0131lmas\u0131 i\u00e7in tehlikelerin t\u00fcm a\u015famalar\u0131 \u00e7er\u00e7evesinde planl\u0131yor ve uyguluyoruz. E\u011fitim faaliyetlerini planlamak suretiyle bu konuda t\u00fcm \u00e7al\u0131\u015fanlar\u0131 bilgilendiriyoruz.<\/p>\n<p>[\/vc_column_text][\/vc_column][vc_column width=&#8221;1\/3&#8243;][vc_column_text css_animation=&#8221;bounceInUp&#8221;]<strong>S\u00dcRD\u00dcR\u00dcLEB\u0130L\u0130RL\u0130K &amp; EKOLOJ\u0130<br \/>\n<\/strong><\/p>\n<p><img loading=\"lazy\" decoding=\"async\" class=\"alignnone size-full wp-image-2228\" src=\"http:\/\/nesilplastik.com.tr\/tr\/wp-content\/uploads\/2014\/11\/sustainability_and_ecology-1.png\" alt=\"\" width=\"300\" height=\"160\" srcset=\"https:\/\/nesilplastik.com.tr\/tr\/wp-content\/uploads\/2014\/11\/sustainability_and_ecology-1.png 300w, https:\/\/nesilplastik.com.tr\/tr\/wp-content\/uploads\/2014\/11\/sustainability_and_ecology-1-768x409.png 768w\" sizes=\"auto, (max-width: 300px) 100vw, 300px\" \/><\/p>\n<p align=\"justify\">ISO 14001 \u00c7evre Y\u00f6netim Sistemi \u00e7er\u00e7evesindeki kirlili\u011fin kayna\u011f\u0131n\u0131 ve sahip oldu\u011fumuz yasal zorunluluklar\u0131 yerine getirmi\u015f bulunmaktay\u0131z. B\u00fct\u00fcn \u00dcretimlerimizde \u00e7evre kirlili\u011fi fakt\u00f6r\u00fcn\u00fc kontrol etmekteyiz. Nesil Plastik olarak, olumsuz \u00e7evresel fakt\u00f6rleri tamamen ortadan kald\u0131rmak i\u00e7in ihtiya\u00e7 duydu\u011fumuz t\u00fcm e\u011fitim ve uygulamalar\u0131 ger\u00e7ekle\u015ftiriyoruz.<\/p>\n<p>[\/vc_column_text][\/vc_column][\/vc_row][vc_row css_animation=&#8221;rotateIn&#8221; extra_id=&#8221;kaliplar&#8221; wrap_class=&#8221;yes&#8221; fullwidth=&#8221;yes&#8221; css=&#8221;.vc_custom_1653382830671{background-position: center !important;background-repeat: no-repeat !important;background-size: cover !important;}&#8221;][vc_column]\t\n\t<div class=\"slideshow\" id=\"slideshow\">\n\t\t<ol class=\"slides\">\n\t\t\t\t\t\t<li class=\"current\">\n\t\t\t\t<div class=\"description\">\n\t\t\t\t\t<h4>PIKNIK TIP KALIPLAR<\/h4>\n\t\t\t\t\t<p><p>Piknik Tip Peynir Kal\u0131plar\u0131<\/p>\n<\/p>\n\t\t\t\t<\/div>\n\t\t\t\t<div class=\"tiltview col\">\t\n\t\t\t\t\t\t\t\t\t\t\t\t\t\t\t\t\t<div><a href=\"#\"><img decoding=\"async\" src=\"https:\/\/nesilplastik.com.tr\/tr\/wp-content\/uploads\/2014\/11\/picnic_type_cheese_molds-1.png\" alt=\"\" \/><\/a><\/div> \n\t\t\t\t\t\t\t\t\n\n\t\t\t\t\t\t\t\t\t\t\t\t\t\t\t\t<div><a href=\"#\"><img decoding=\"async\" src=\"https:\/\/nesilplastik.com.tr\/tr\/wp-content\/uploads\/2014\/11\/picnic_type_cheese_molds_2-1.png\" alt=\"\" \/><\/a><\/div>\n\t\t\t\t\t\t\t\t\t\t\n\t\t\t\t<\/div>\n\t\t\t<\/li>\n\t\t\t\t\t\t<li class=\"\">\n\t\t\t\t<div class=\"description\">\n\t\t\t\t\t<h4>KELLE TIP PEYNIR KALIPLARI<\/h4>\n\t\t\t\t\t<p><p>Kelle Tip Peynir Kal\u0131plar\u0131<\/p>\n<\/p>\n\t\t\t\t<\/div>\n\t\t\t\t<div class=\"tiltview row\">\t\n\t\t\t\t\t\t\t\t\t\t\t\t\t\t\t\t\t<div><a href=\"#\"><img decoding=\"async\" src=\"https:\/\/nesilplastik.com.tr\/tr\/wp-content\/uploads\/2014\/11\/head_type_cheese_molds_1-1.png\" alt=\"\" \/><\/a><\/div> \n\t\t\t\t\t\t\t\t\n\n\t\t\t\t\t\t\t\t\t\t\t\t\t\t\t\t<div><a href=\"#\"><img decoding=\"async\" src=\"https:\/\/nesilplastik.com.tr\/tr\/wp-content\/uploads\/2014\/11\/head_type_cheese_molds_2-1.png\" alt=\"\" \/><\/a><\/div>\n\t\t\t\t\t\t\t\t\t\t\n\t\t\t\t<\/div>\n\t\t\t<\/li>\n\t\t\t\t\t\t<li class=\"\">\n\t\t\t\t<div class=\"description\">\n\t\t\t\t\t<h4>BLOK TIP PEYNIR KALIPLARI<\/h4>\n\t\t\t\t\t<p><p>Blok Tip Peynir Kal\u0131plar\u0131<\/p>\n<\/p>\n\t\t\t\t<\/div>\n\t\t\t\t<div class=\"tiltview col\">\t\n\t\t\t\t\t\t\t\t\t\t\t\t\t\t\t\t\t<div><img decoding=\"async\" src=\"https:\/\/nesilplastik.com.tr\/tr\/wp-content\/uploads\/2014\/11\/block_type_cheese_molds_1-1.png\" alt=\"\" \/><\/div>\t\t\t\t\t\t\n\t\t\t\t\t\t\t\t\n\n\t\t\t\t\t\t\t\t\t\t\t\t\t\t\t\t<div><img decoding=\"async\" src=\"https:\/\/nesilplastik.com.tr\/tr\/wp-content\/uploads\/2014\/11\/block_type_cheese_molds_2-1.png\" alt=\"\" \/><\/div>\n\t\t\t\t\t\t\t\t\t\t\n\t\t\t\t<\/div>\n\t\t\t<\/li>\n\t\t\t\t\t\t<li class=\"\">\n\t\t\t\t<div class=\"description\">\n\t\t\t\t\t<h4>SERT-YARISERT PEYNIRLER ICIN PIKNIK TIP KALIPLAR<\/h4>\n\t\t\t\t\t<p><p>Sert-Yar\u0131sert Peynirler i\u00e7in Piknik Tip Kal\u0131plar<\/p>\n<\/p>\n\t\t\t\t<\/div>\n\t\t\t\t<div class=\"tiltview row\">\t\n\t\t\t\t\t\t\t\t\t\t\t\t\t\t\t\t\t<div><a href=\"#\"><img decoding=\"async\" src=\"https:\/\/nesilplastik.com.tr\/tr\/wp-content\/uploads\/2014\/11\/hard_semi_hard_cheeses_picnic_type_molds_1-1.png\" alt=\"\" \/><\/a><\/div> \n\t\t\t\t\t\t\t\t\n\n\t\t\t\t\t\t\t\t\t\t\t\t\t\t\t\t<div><a href=\"#\"><img decoding=\"async\" src=\"https:\/\/nesilplastik.com.tr\/tr\/wp-content\/uploads\/2014\/11\/hard_semi_hard_cheeses_picnic_type_molds_2-1.png\" alt=\"\" \/><\/a><\/div>\n\t\t\t\t\t\t\t\t\t\t\n\t\t\t\t<\/div>\n\t\t\t<\/li>\n\t\t\t\t\t\t<li class=\"\">\n\t\t\t\t<div class=\"description\">\n\t\t\t\t\t<h4>OZEL TIP PEYNIR KALIPLARI<\/h4>\n\t\t\t\t\t<p><p>\u00d6zel Tip Peynir Kal\u0131plar\u0131<\/p>\n<\/p>\n\t\t\t\t<\/div>\n\t\t\t\t<div class=\"tiltview col\">\t\n\t\t\t\t\t\t\t\t\t\t\t\t\t\t\t\t\t<div><a href=\"#\"><img decoding=\"async\" src=\"https:\/\/nesilplastik.com.tr\/tr\/wp-content\/uploads\/2014\/11\/special_type_cheese_molds_1-1.png\" alt=\"\" \/><\/a><\/div> \n\t\t\t\t\t\t\t\t\n\n\t\t\t\t\t\t\t\t\t\t\t\t\t\t\t\t<div><a href=\"#\"><img decoding=\"async\" src=\"https:\/\/nesilplastik.com.tr\/tr\/wp-content\/uploads\/2014\/11\/special_type_cheese_molds_2-1.png\" alt=\"\" \/><\/a><\/div>\n\t\t\t\t\t\t\t\t\t\t\n\t\t\t\t<\/div>\n\t\t\t<\/li>\n\t\t\t\t\t\t<li class=\"\">\n\t\t\t\t<div class=\"description\">\n\t\t\t\t\t<h4>MAKINE TASARIM ve URETIMI<\/h4>\n\t\t\t\t\t<p><p>Makina Tasar\u0131m ve \u00dcretimi<\/p>\n<\/p>\n\t\t\t\t<\/div>\n\t\t\t\t<div class=\"tiltview row\">\t\n\t\t\t\t\t\t\t\t\t\t\t\t\t\t\t\t\t<div><a href=\"#\"><img decoding=\"async\" src=\"https:\/\/nesilplastik.com.tr\/tr\/wp-content\/uploads\/2014\/11\/machine_design_and_producing_1-1.png\" alt=\"\" \/><\/a><\/div> \n\t\t\t\t\t\t\t\t\n\n\t\t\t\t\t\t\t\t\t\t\t\t\t\t\t\t<div><a href=\"#\"><img decoding=\"async\" src=\"https:\/\/nesilplastik.com.tr\/tr\/wp-content\/uploads\/2014\/11\/machine_design_and_producing_2-1.png\" alt=\"\" \/><\/a><\/div>\n\t\t\t\t\t\t\t\t\t\t\n\t\t\t\t<\/div>\n\t\t\t<\/li>\n\t\t\t\t\t<\/ol>\t\n\t<\/div>\n\t\n\t<script type=\"text\/javascript\">\n\t\twindow.jQuery = window.$ = jQuery;  \n\t\t(function($) { \"use strict\";\n\t\t\tnew TiltSlider( document.getElementById( 'slideshow' ) );\n\t\t\t\t\t\t\t\/\/Adding autoplay + prev&next buttons to slider.\n\t\t\t\twindow.setInterval(function(){              \n\t\t\t\t\t$('nav>.current').next().trigger('click');\n\t\t\t\t\tif($('nav > .current').next().index() == '-1'){\n\t\t\t\t\t\t$('nav > span').trigger('click');\n\t\t\t\t\t}               \n\t\t\t\t}, 2000);\t\n\t\t\t\t\t})(jQuery);\t\n    <\/script>\n\n[\/vc_column][\/vc_row][vc_row css_animation=&#8221;fadeInUpBig&#8221; css=&#8221;.vc_custom_1653382857566{margin-bottom: -250px !important;}&#8221;][vc_column][vc_column_text]<\/p>\n<h2 style=\"text-align: center; text-transform: none;\"><strong>Markalar\u0131m\u0131z<\/strong><\/h2>\n<p>[\/vc_column_text][\/vc_column][\/vc_row][vc_row css_animation=&#8221;zoomInDown&#8221; extra_id=&#8221;markalarimiz&#8221; css=&#8221;.vc_custom_1653382880278{padding-top: 0px !important;padding-bottom: 0px !important;}&#8221;][vc_column width=&#8221;1\/3&#8243;]\t\n\t<div class=\"\">\n\t\t\t\t\t<div class=\"services-offer service-icon-svg\">\n\t\t\t\t\t\t\t\t\t<span class=\"svg-icon flat-filled\" id=\"filled-\"><\/span>\n\t\t\t\t\t\t\t\t<h5>PLASKON<\/h5>\n\t\t\t\t<p><img loading=\"lazy\" decoding=\"async\" class=\"alignnone size-full wp-image-2034\" src=\"http:\/\/www.nesilplastik.com.tr\/wp-content\/uploads\/2014\/11\/plaskon.png\" alt=\"\" width=\"231\" height=\"100\" \/><\/p>\n<p>&#8220;PLASKON&#8221; Bir Nesil Plastik Markas\u0131d\u0131r.<\/p>\n\t\t\t<\/div>\n\t\t\t<\/div>\n\n[\/vc_column][vc_column width=&#8221;1\/3&#8243;]\t\n\t<div class=\"\">\n\t\t\t\t\t<div class=\"services-offer service-icon-svg\">\n\t\t\t\t\t\t\t\t\t<span class=\"svg-icon flat-filled\" id=\"filled-\"><\/span>\n\t\t\t\t\t\t\t\t<h5>MILKROM<\/h5>\n\t\t\t\t<p><img loading=\"lazy\" decoding=\"async\" class=\"alignnone size-full wp-image-2036\" src=\"http:\/\/www.nesilplastik.com.tr\/wp-content\/uploads\/2014\/11\/milkrom.png\" alt=\"\" width=\"231\" height=\"100\" \/><\/p>\n<p>&#8220;MILKROM&#8221; Bir Nesil Plastik Markas\u0131d\u0131r.<\/p>\n\t\t\t<\/div>\n\t\t\t<\/div>\n\n[\/vc_column][vc_column width=&#8221;1\/3&#8243;]\t\n\t<div class=\"\">\n\t\t\t\t\t<div class=\"services-offer service-icon-svg\">\n\t\t\t\t\t\t\t\t\t<span class=\"svg-icon flat-filled\" id=\"filled-\"><\/span>\n\t\t\t\t\t\t\t\t<h5>SIMBAT<\/h5>\n\t\t\t\t<p><img loading=\"lazy\" decoding=\"async\" class=\"alignnone size-full wp-image-2038\" src=\"http:\/\/www.nesilplastik.com.tr\/wp-content\/uploads\/2014\/11\/simbat_fruit_yoghurt.png\" alt=\"\" width=\"231\" height=\"100\" \/><\/p>\n<p>&#8220;Simbat&#8221; Bir Nesil Plastik Markas\u0131d\u0131r.<\/p>\n\t\t\t<\/div>\n\t\t\t<\/div>\n\n[\/vc_column][\/vc_row][vc_row content_placement=&#8221;middle&#8221; css_animation=&#8221;right-to-left&#8221; extra_id=&#8221;contact&#8221; ses_title=&#8221;ILETI\u015eIM&#8221; ses_sub_title=&#8221;MANDIRANIZ \u0130\u00c7\u0130N EN KAL\u0130TEL\u0130 \u00dcR\u00dcNLER\u0130 B\u0130Z \u00dcRET\u0130R\u0130Z.&#8221; css=&#8221;.vc_custom_1653382895732{padding-bottom: 0px !important;}&#8221;][vc_column]\n<div class=\"wpcf7 no-js\" id=\"wpcf7-f1921-o1\" lang=\"tr-TR\" dir=\"ltr\" data-wpcf7-id=\"1921\">\n<div class=\"screen-reader-response\"><p role=\"status\" aria-live=\"polite\" aria-atomic=\"true\"><\/p> <ul><\/ul><\/div>\n<form action=\"\/tr\/wp-json\/wp\/v2\/pages\/275#wpcf7-f1921-o1\" method=\"post\" class=\"wpcf7-form init\" aria-label=\"\u0130leti\u015fim Formu\" novalidate=\"novalidate\" data-status=\"init\">\n<fieldset class=\"hidden-fields-container\"><input type=\"hidden\" name=\"_wpcf7\" value=\"1921\" \/><input type=\"hidden\" name=\"_wpcf7_version\" value=\"6.1.5\" \/><input type=\"hidden\" name=\"_wpcf7_locale\" value=\"tr_TR\" \/><input type=\"hidden\" name=\"_wpcf7_unit_tag\" value=\"wpcf7-f1921-o1\" \/><input type=\"hidden\" name=\"_wpcf7_container_post\" value=\"0\" \/><input type=\"hidden\" name=\"_wpcf7_posted_data_hash\" value=\"\" \/>\n<\/fieldset>\n<p><label> Ad\u0131n\u0131z & Soyad\u0131n\u0131z (gerekli)<br \/>\n<span class=\"wpcf7-form-control-wrap\" data-name=\"your-name\"><input size=\"40\" maxlength=\"400\" class=\"wpcf7-form-control wpcf7-text wpcf7-validates-as-required\" aria-required=\"true\" aria-invalid=\"false\" value=\"\" type=\"text\" name=\"your-name\" \/><\/span> <\/label>\n<\/p>\n<p><label> \u015eirketiniz (gerekli)<br \/>\n<span class=\"wpcf7-form-control-wrap\" data-name=\"company\"><input size=\"40\" maxlength=\"400\" class=\"wpcf7-form-control wpcf7-text wpcf7-validates-as-required\" aria-required=\"true\" aria-invalid=\"false\" value=\"\" type=\"text\" name=\"company\" \/><\/span> <\/label>\n<\/p>\n<p><label> Epostan\u0131z (gerekli)<br \/>\n<span class=\"wpcf7-form-control-wrap\" data-name=\"your-email\"><input size=\"40\" maxlength=\"400\" class=\"wpcf7-form-control wpcf7-email wpcf7-validates-as-required wpcf7-text wpcf7-validates-as-email\" aria-required=\"true\" aria-invalid=\"false\" value=\"\" type=\"email\" name=\"your-email\" \/><\/span> <\/label>\n<\/p>\n<p><label> Telefon Numaran\u0131z (gerekli)<br \/>\n<span class=\"wpcf7-form-control-wrap\" data-name=\"your-tel\"><input size=\"40\" maxlength=\"400\" class=\"wpcf7-form-control wpcf7-tel wpcf7-validates-as-required wpcf7-text wpcf7-validates-as-tel\" aria-required=\"true\" aria-invalid=\"false\" value=\"\" type=\"tel\" name=\"your-tel\" \/><\/span> <\/label>\n<\/p>\n<p><label> \u0130letiniz<br \/>\n<span class=\"wpcf7-form-control-wrap\" data-name=\"your-message\"><textarea cols=\"40\" rows=\"10\" maxlength=\"2000\" class=\"wpcf7-form-control wpcf7-textarea\" aria-invalid=\"false\" name=\"your-message\"><\/textarea><\/span> <\/label>\n<\/p>\n<p><input class=\"wpcf7-form-control wpcf7-submit has-spinner\" type=\"submit\" value=\"G\u00f6nder\" \/>\n<\/p><div class=\"wpcf7-response-output\" aria-hidden=\"true\"><\/div>\n<\/form>\n<\/div>\n[\/vc_column][\/vc_row][vc_row css_animation=&#8221;zoomInDown&#8221; extra_id=&#8221;iletisim&#8221;][vc_column width=&#8221;1\/2&#8243;]\t\n\t<div class=\"contact-wrap\">\n\t\t<p><i class=\"fa fa-phone\"><\/i><span>Telefon<\/span> <br \/>\nTel 1: +90 332 342 72 21<br \/>\nTel 2: +90 332 342 04 15 (pbx)<br \/>\nFax: +90 332 342 72 45<\/p>\t\n\t<\/div>\n\n[\/vc_column][vc_column width=&#8221;1\/2&#8243;]\t\n\t<div class=\"contact-wrap\">\n\t\t<p><i class=\"fa fa-map-marker\"><\/i><span>NESIL PLASTIK<\/span> <br \/>\nPlaskon Plastik\u00e7iler Sit. Fevzi \u00c7akmak Mah. 10454 Sok. No : 16<br \/>\nKaratay \/ KONYA \/ T\u00dcRK\u0130YE<br \/>\nEmail: bilgi@nesilplastik.com.tr<\/p>\t\n\t<\/div>\n\n[\/vc_column][\/vc_row][vc_row fullwidth=&#8221;yes&#8221; css=&#8221;.vc_custom_1612417075739{padding-bottom: 60px !important;}&#8221;][vc_column][vc_raw_html]JTNDaWZyYW1lJTIwc3JjJTNEJTIyaHR0cHMlM0ElMkYlMkZ3d3cuZ29vZ2xlLmNvbSUyRm1hcHMlMkZlbWJlZCUzRnBiJTNEJTIxMW0xNCUyMTFtOCUyMTFtMyUyMTFkMzkzLjUxODAyODQ5NjI4MDElMjEyZDMyLjUyNjMxNzQlMjEzZDM3LjkwMzY5MTQlMjEzbTIlMjExaTEwMjQlMjEyaTc2OCUyMTRmMTMuMSUyMTNtMyUyMTFtMiUyMTFzMHgxNGQwOGZlNTg1M2U2Y2FiJTI1M0EweDk2NDYyYThjNjBjNzcyYTglMjEyc05lc2lsJTI1MjBQbGFzdGlrJTIxNWUwJTIxM20yJTIxMXN0ciUyMTJzdHIlMjE0djE2MTIzNTM2MzM2MzglMjE1bTIlMjExc3RyJTIxMnN0ciUyMiUyMHdpZHRoJTNEJTIyNjAwJTIyJTIwaGVpZ2h0JTNEJTIyNDUwJTIyJTIwZnJhbWVib3JkZXIlM0QlMjIwJTIyJTIwc3R5bGUlM0QlMjJib3JkZXIlM0EwJTNCJTIyJTIwYWxsb3dmdWxsc2NyZWVuJTNEJTIyJTIyJTIwYXJpYS1oaWRkZW4lM0QlMjJmYWxzZSUyMiUyMHRhYmluZGV4JTNEJTIyMCUyMiUzRSUzQyUyRmlmcmFtZSUzRQ==[\/vc_raw_html][\/vc_column][\/vc_row]<\/p>\n<\/section>","protected":false},"excerpt":{"rendered":"<p>[vc_row][vc_column][\/vc_column][\/vc_row][vc_row][vc_column][\/vc_column][\/vc_row][vc_row][vc_column][\/vc_column][\/vc_row][vc_row][vc_column][\/vc_column][\/vc_row][vc_row][vc_column][\/vc_column][\/vc_row][vc_row css_animation=&#8221;rollIn&#8221; extra_id=&#8221;#home&#8221; fullwidth=&#8221;yes&#8221;][vc_column][rev_slider_vc alias=&#8221;home-slider&#8221;][\/vc_column][\/vc_row][vc_row extra_id=&#8221;hakkimizda&#8221; css=&#8221;.vc_custom_1497294773050{margin-bottom: -15px !important;}&#8221;][vc_column][vc_column_text css_animation=&#8221;rotateInUpLeft&#8221;] YAKLA\u015eAN FUARLAR [\/vc_column_text][\/vc_column][\/vc_row][vc_row extra_id=&#8221;hakkimizda&#8221; css=&#8221;.vc_custom_1497294773050{margin-bottom: -15px !important;}&#8221;][vc_column width=&#8221;1\/2&#8243;][vc_column_text][\/vc_column_text][\/vc_column][vc_column width=&#8221;1\/2&#8243;][vc_column_text][\/vc_column_text][\/vc_column][\/vc_row][vc_row css_animation=&#8221;none&#8221; extra_id=&#8221;hakkimizda&#8221; css=&#8221;.vc_custom_1653382777100{margin-bottom: -15px !important;}&#8221;][vc_column][vc_column_text css_animation=&#8221;bounceInDown&#8221;] Hakk\u0131m\u0131zda &nbsp; Sekt\u00f6rdeki faaliyetlerimiz ve hedeflerimiz hakk\u0131nda \u00d6zellikle beyaz peynir, feta peyniri, sert-yar\u0131sert peynir kal\u0131plar\u0131 \u00fcretmekteyiz. Peynir \u00fcretim s\u00fcrecini \u00e7ok h\u0131zland\u0131racak ar-ge \u00e7al\u0131\u015fmalar\u0131n\u0131, y\u0131llardan beri yapmaktay\u0131z. Uzun s\u00fcren ara\u015ft\u0131rmalar\u0131m\u0131z neticesinde, [&hellip;]<\/p>\n","protected":false},"author":2,"featured_media":0,"parent":0,"menu_order":0,"comment_status":"closed","ping_status":"closed","template":"page-templates\/template-canvas.php","meta":{"footnotes":""},"class_list":["post-275","page","type-page","status-publish","hentry"],"_links":{"self":[{"href":"https:\/\/nesilplastik.com.tr\/tr\/wp-json\/wp\/v2\/pages\/275","targetHints":{"allow":["GET"]}}],"collection":[{"href":"https:\/\/nesilplastik.com.tr\/tr\/wp-json\/wp\/v2\/pages"}],"about":[{"href":"https:\/\/nesilplastik.com.tr\/tr\/wp-json\/wp\/v2\/types\/page"}],"author":[{"embeddable":true,"href":"https:\/\/nesilplastik.com.tr\/tr\/wp-json\/wp\/v2\/users\/2"}],"replies":[{"embeddable":true,"href":"https:\/\/nesilplastik.com.tr\/tr\/wp-json\/wp\/v2\/comments?post=275"}],"version-history":[{"count":4,"href":"https:\/\/nesilplastik.com.tr\/tr\/wp-json\/wp\/v2\/pages\/275\/revisions"}],"predecessor-version":[{"id":4190,"href":"https:\/\/nesilplastik.com.tr\/tr\/wp-json\/wp\/v2\/pages\/275\/revisions\/4190"}],"wp:attachment":[{"href":"https:\/\/nesilplastik.com.tr\/tr\/wp-json\/wp\/v2\/media?parent=275"}],"curies":[{"name":"wp","href":"https:\/\/api.w.org\/{rel}","templated":true}]}}