
{"id":2748,"date":"2017-05-31T01:06:57","date_gmt":"2017-05-30T22:06:57","guid":{"rendered":"http:\/\/nesilplastik.com.tr\/tr\/?page_id=2748"},"modified":"2021-06-14T14:29:03","modified_gmt":"2021-06-14T11:29:03","slug":"blok-tip-peynir-kaliplari-200-750-gr-hava-bosluksuz","status":"publish","type":"page","link":"https:\/\/nesilplastik.com.tr\/tr\/blok-model-kaliplar\/blok-tip-peynir-kaliplari-200-750-gr-hava-bosluksuz\/","title":{"rendered":"Blok Tip Peynir Kal\u0131plar\u0131 (200-750gr)"},"content":{"rendered":"<section class=\"wpb-content-wrapper\"><p>[vc_row][vc_column][\/vc_column][\/vc_row][vc_row][vc_column][\/vc_column][\/vc_row][vc_row][vc_column][\/vc_column][\/vc_row][vc_row][vc_column][\/vc_column][\/vc_row][vc_row][vc_column][\/vc_column][\/vc_row][vc_row][vc_column][\/vc_column][\/vc_row][vc_row][vc_column width=&#8221;1\/3&#8243;][vc_column_text]<img loading=\"lazy\" decoding=\"async\" class=\"alignnone size-full wp-image-3332\" src=\"https:\/\/nesilplastik.com.tr\/tr\/wp-content\/uploads\/2017\/08\/250_gr_block_type_cheese_mold_without_air_space.png\" alt=\"\" width=\"300\" height=\"300\" srcset=\"https:\/\/nesilplastik.com.tr\/tr\/wp-content\/uploads\/2017\/08\/250_gr_block_type_cheese_mold_without_air_space.png 300w, https:\/\/nesilplastik.com.tr\/tr\/wp-content\/uploads\/2017\/08\/250_gr_block_type_cheese_mold_without_air_space-150x150.png 150w, https:\/\/nesilplastik.com.tr\/tr\/wp-content\/uploads\/2017\/08\/250_gr_block_type_cheese_mold_without_air_space-768x768.png 768w, https:\/\/nesilplastik.com.tr\/tr\/wp-content\/uploads\/2017\/08\/250_gr_block_type_cheese_mold_without_air_space-1024x1024.png 1024w\" sizes=\"auto, (max-width: 300px) 100vw, 300px\" \/>[\/vc_column_text][\/vc_column][vc_column width=&#8221;1\/3&#8243;][vc_column_text]<img loading=\"lazy\" decoding=\"async\" class=\"alignnone size-full wp-image-3333\" src=\"https:\/\/nesilplastik.com.tr\/tr\/wp-content\/uploads\/2017\/08\/400_gr_block_type_cheese_mold_with_air_space.png\" alt=\"\" width=\"300\" height=\"300\" srcset=\"https:\/\/nesilplastik.com.tr\/tr\/wp-content\/uploads\/2017\/08\/400_gr_block_type_cheese_mold_with_air_space.png 300w, https:\/\/nesilplastik.com.tr\/tr\/wp-content\/uploads\/2017\/08\/400_gr_block_type_cheese_mold_with_air_space-150x150.png 150w, https:\/\/nesilplastik.com.tr\/tr\/wp-content\/uploads\/2017\/08\/400_gr_block_type_cheese_mold_with_air_space-768x768.png 768w, https:\/\/nesilplastik.com.tr\/tr\/wp-content\/uploads\/2017\/08\/400_gr_block_type_cheese_mold_with_air_space-1024x1024.png 1024w\" sizes=\"auto, (max-width: 300px) 100vw, 300px\" \/>[\/vc_column_text][\/vc_column][vc_column width=&#8221;1\/3&#8243;][vc_column_text]<\/p>\n<section class=\"wpb_row bg-fixed\">\n<div class=\"container\">\n<div class=\"rows\">\n<div class=\"wpb_column vc_column_container four columns\">\n<div class=\"ak_column-inner \">\n<div class=\"wpb_wrapper \">\n<div class=\"wpb_text_column wpb_content_element \">\n<div class=\"wpb_wrapper\">\n<p>Blok Tip Peynir Kal\u0131plar\u0131 Hava Bo\u015fluksuz (200-750gr)<\/p>\n<\/div>\n<\/div>\n<\/div>\n<\/div>\n<\/div>\n<\/div>\n<\/div>\n<\/section>\n<p>[\/vc_column_text][\/vc_column][\/vc_row][vc_row][vc_column width=&#8221;1\/3&#8243;][vc_column_text]<img loading=\"lazy\" decoding=\"async\" class=\"alignnone size-full wp-image-3334\" src=\"https:\/\/nesilplastik.com.tr\/tr\/wp-content\/uploads\/2017\/08\/400_gr_block_type_cheese_mold_without_air_space.png\" alt=\"\" width=\"300\" height=\"300\" srcset=\"https:\/\/nesilplastik.com.tr\/tr\/wp-content\/uploads\/2017\/08\/400_gr_block_type_cheese_mold_without_air_space.png 300w, https:\/\/nesilplastik.com.tr\/tr\/wp-content\/uploads\/2017\/08\/400_gr_block_type_cheese_mold_without_air_space-150x150.png 150w, https:\/\/nesilplastik.com.tr\/tr\/wp-content\/uploads\/2017\/08\/400_gr_block_type_cheese_mold_without_air_space-768x768.png 768w, https:\/\/nesilplastik.com.tr\/tr\/wp-content\/uploads\/2017\/08\/400_gr_block_type_cheese_mold_without_air_space-1024x1024.png 1024w\" sizes=\"auto, (max-width: 300px) 100vw, 300px\" \/>[\/vc_column_text][\/vc_column][vc_column width=&#8221;1\/3&#8243;][vc_column_text]<img loading=\"lazy\" decoding=\"async\" class=\"alignnone size-full wp-image-3335\" src=\"https:\/\/nesilplastik.com.tr\/tr\/wp-content\/uploads\/2017\/08\/500_gr_block_type_cheese_mold_with_air_space.png\" alt=\"\" width=\"300\" height=\"300\" srcset=\"https:\/\/nesilplastik.com.tr\/tr\/wp-content\/uploads\/2017\/08\/500_gr_block_type_cheese_mold_with_air_space.png 300w, https:\/\/nesilplastik.com.tr\/tr\/wp-content\/uploads\/2017\/08\/500_gr_block_type_cheese_mold_with_air_space-150x150.png 150w, https:\/\/nesilplastik.com.tr\/tr\/wp-content\/uploads\/2017\/08\/500_gr_block_type_cheese_mold_with_air_space-768x768.png 768w, https:\/\/nesilplastik.com.tr\/tr\/wp-content\/uploads\/2017\/08\/500_gr_block_type_cheese_mold_with_air_space-1024x1024.png 1024w\" sizes=\"auto, (max-width: 300px) 100vw, 300px\" \/>[\/vc_column_text][\/vc_column][vc_column width=&#8221;1\/3&#8243;][vc_column_text]<img loading=\"lazy\" decoding=\"async\" class=\"alignnone size-full wp-image-3336\" src=\"https:\/\/nesilplastik.com.tr\/tr\/wp-content\/uploads\/2017\/08\/500_gr_block_type_cheese_mold_without_air_space.png\" alt=\"\" width=\"300\" height=\"300\" srcset=\"https:\/\/nesilplastik.com.tr\/tr\/wp-content\/uploads\/2017\/08\/500_gr_block_type_cheese_mold_without_air_space.png 300w, https:\/\/nesilplastik.com.tr\/tr\/wp-content\/uploads\/2017\/08\/500_gr_block_type_cheese_mold_without_air_space-150x150.png 150w, https:\/\/nesilplastik.com.tr\/tr\/wp-content\/uploads\/2017\/08\/500_gr_block_type_cheese_mold_without_air_space-768x768.png 768w, https:\/\/nesilplastik.com.tr\/tr\/wp-content\/uploads\/2017\/08\/500_gr_block_type_cheese_mold_without_air_space-1024x1024.png 1024w\" sizes=\"auto, (max-width: 300px) 100vw, 300px\" \/>[\/vc_column_text][\/vc_column][\/vc_row][vc_row][vc_column width=&#8221;1\/3&#8243;][vc_column_text]<img loading=\"lazy\" decoding=\"async\" class=\"alignnone size-full wp-image-3337\" src=\"https:\/\/nesilplastik.com.tr\/tr\/wp-content\/uploads\/2017\/08\/700_gr_block_type_cheese_mold_with_air_space.png\" alt=\"\" width=\"300\" height=\"300\" srcset=\"https:\/\/nesilplastik.com.tr\/tr\/wp-content\/uploads\/2017\/08\/700_gr_block_type_cheese_mold_with_air_space.png 300w, https:\/\/nesilplastik.com.tr\/tr\/wp-content\/uploads\/2017\/08\/700_gr_block_type_cheese_mold_with_air_space-150x150.png 150w, https:\/\/nesilplastik.com.tr\/tr\/wp-content\/uploads\/2017\/08\/700_gr_block_type_cheese_mold_with_air_space-768x768.png 768w, https:\/\/nesilplastik.com.tr\/tr\/wp-content\/uploads\/2017\/08\/700_gr_block_type_cheese_mold_with_air_space-1024x1024.png 1024w\" sizes=\"auto, (max-width: 300px) 100vw, 300px\" \/>[\/vc_column_text][\/vc_column][vc_column width=&#8221;1\/3&#8243;][vc_column_text]<img loading=\"lazy\" decoding=\"async\" class=\"alignnone size-full wp-image-3338\" src=\"https:\/\/nesilplastik.com.tr\/tr\/wp-content\/uploads\/2017\/08\/700_gr_block_type_cheese_mold_without_air_space.png\" alt=\"\" width=\"300\" height=\"300\" srcset=\"https:\/\/nesilplastik.com.tr\/tr\/wp-content\/uploads\/2017\/08\/700_gr_block_type_cheese_mold_without_air_space.png 300w, https:\/\/nesilplastik.com.tr\/tr\/wp-content\/uploads\/2017\/08\/700_gr_block_type_cheese_mold_without_air_space-150x150.png 150w, https:\/\/nesilplastik.com.tr\/tr\/wp-content\/uploads\/2017\/08\/700_gr_block_type_cheese_mold_without_air_space-768x768.png 768w, https:\/\/nesilplastik.com.tr\/tr\/wp-content\/uploads\/2017\/08\/700_gr_block_type_cheese_mold_without_air_space-1024x1024.png 1024w\" sizes=\"auto, (max-width: 300px) 100vw, 300px\" \/>[\/vc_column_text][\/vc_column][vc_column width=&#8221;1\/3&#8243;][vc_column_text]<img loading=\"lazy\" decoding=\"async\" class=\"alignnone size-full wp-image-3339\" src=\"https:\/\/nesilplastik.com.tr\/tr\/wp-content\/uploads\/2017\/08\/250_gr_block_type_cheese_mold_with_air_space.png\" alt=\"\" width=\"300\" height=\"300\" srcset=\"https:\/\/nesilplastik.com.tr\/tr\/wp-content\/uploads\/2017\/08\/250_gr_block_type_cheese_mold_with_air_space.png 300w, https:\/\/nesilplastik.com.tr\/tr\/wp-content\/uploads\/2017\/08\/250_gr_block_type_cheese_mold_with_air_space-150x150.png 150w, https:\/\/nesilplastik.com.tr\/tr\/wp-content\/uploads\/2017\/08\/250_gr_block_type_cheese_mold_with_air_space-768x768.png 768w, https:\/\/nesilplastik.com.tr\/tr\/wp-content\/uploads\/2017\/08\/250_gr_block_type_cheese_mold_with_air_space-1024x1024.png 1024w\" sizes=\"auto, (max-width: 300px) 100vw, 300px\" \/>[\/vc_column_text][\/vc_column][\/vc_row][vc_row][vc_column width=&#8221;1\/3&#8243;][vc_column_text]<img loading=\"lazy\" decoding=\"async\" class=\"alignnone size-full wp-image-3340\" src=\"https:\/\/nesilplastik.com.tr\/tr\/wp-content\/uploads\/2017\/08\/750_gr_block_type_cheese_mold_with_air_space.png\" alt=\"\" width=\"300\" height=\"300\" srcset=\"https:\/\/nesilplastik.com.tr\/tr\/wp-content\/uploads\/2017\/08\/750_gr_block_type_cheese_mold_with_air_space.png 300w, https:\/\/nesilplastik.com.tr\/tr\/wp-content\/uploads\/2017\/08\/750_gr_block_type_cheese_mold_with_air_space-150x150.png 150w, https:\/\/nesilplastik.com.tr\/tr\/wp-content\/uploads\/2017\/08\/750_gr_block_type_cheese_mold_with_air_space-768x768.png 768w, https:\/\/nesilplastik.com.tr\/tr\/wp-content\/uploads\/2017\/08\/750_gr_block_type_cheese_mold_with_air_space-1024x1024.png 1024w\" sizes=\"auto, (max-width: 300px) 100vw, 300px\" \/>[\/vc_column_text][\/vc_column][vc_column width=&#8221;1\/3&#8243;][\/vc_column][vc_column width=&#8221;1\/3&#8243;][\/vc_column][\/vc_row][vc_row][vc_column][vc_tta_tabs][vc_tta_section title=&#8221;Table&#8221; tab_id=&#8221;table&#8221;][vc_column_text]<\/p>\n<table width=\"253\">\n<tbody>\n<tr>\n<td width=\"64\"><strong><span style=\"color: #ff0000;\">KOD<\/span><\/strong><\/td>\n<td width=\"93\"><strong><span style=\"color: #ff0000;\">GRAMAJ<\/span><\/strong><\/td>\n<td width=\"96\"><strong><span style=\"color: #ff0000;\">EBAT<\/span><\/strong><\/td>\n<\/tr>\n<tr>\n<td>MKB01<\/td>\n<td>200 gr.<\/td>\n<td>110X65X40<\/td>\n<\/tr>\n<tr>\n<td>MKB02<\/td>\n<td>250 gr.<\/td>\n<td>110X65X58<\/td>\n<\/tr>\n<tr>\n<td>MKB03<\/td>\n<td>350 gr.<\/td>\n<td>200X70X53<\/td>\n<\/tr>\n<tr>\n<td>MKB04<\/td>\n<td>250 gr.<\/td>\n<td>175X78X60<\/td>\n<\/tr>\n<tr>\n<td>MKB05<\/td>\n<td>250 gr.<\/td>\n<td>177X80X60<\/td>\n<\/tr>\n<tr>\n<td>MKB06<\/td>\n<td>250 gr.<\/td>\n<td>140X90X55<\/td>\n<\/tr>\n<tr>\n<td>MKB07<\/td>\n<td>250 gr.<\/td>\n<td>160X80X60<\/td>\n<\/tr>\n<tr>\n<td>MKB08<\/td>\n<td>250 gr.<\/td>\n<td>210X80X45<\/td>\n<\/tr>\n<tr>\n<td>MKB09<\/td>\n<td>250 gr.<\/td>\n<td>180X90X45<\/td>\n<\/tr>\n<tr>\n<td>MKB10<\/td>\n<td>250 gr.<\/td>\n<td>184X95X72<\/td>\n<\/tr>\n<tr>\n<td>MKB11<\/td>\n<td>350 gr.<\/td>\n<td>195X80X72<\/td>\n<\/tr>\n<tr>\n<td>MKB12<\/td>\n<td>400 gr.<\/td>\n<td>185X85X65<\/td>\n<\/tr>\n<tr>\n<td>MKB13<\/td>\n<td>400 gr.<\/td>\n<td>195X85X70<\/td>\n<\/tr>\n<tr>\n<td>MKB14<\/td>\n<td>400 gr.<\/td>\n<td>160X80X80<\/td>\n<\/tr>\n<tr>\n<td>MKB15<\/td>\n<td>500 gr.<\/td>\n<td>190X85X65<\/td>\n<\/tr>\n<tr>\n<td>MKB16<\/td>\n<td>500 gr.<\/td>\n<td>190X80X70<\/td>\n<\/tr>\n<tr>\n<td>MKB17<\/td>\n<td>500 gr.<\/td>\n<td>195X78X72<\/td>\n<\/tr>\n<tr>\n<td>MKB18<\/td>\n<td>500 gr.<\/td>\n<td>180X80X70<\/td>\n<\/tr>\n<tr>\n<td>MKB19<\/td>\n<td>500 gr.<\/td>\n<td>190X80X72<\/td>\n<\/tr>\n<tr>\n<td>MKB20<\/td>\n<td>500 gr.<\/td>\n<td>180X90X70<\/td>\n<\/tr>\n<tr>\n<td>MKB21<\/td>\n<td>500 gr.<\/td>\n<td>195X80X72<\/td>\n<\/tr>\n<tr>\n<td>MKB22<\/td>\n<td>500 gr.<\/td>\n<td>190X80X65<\/td>\n<\/tr>\n<tr>\n<td>MKB23<\/td>\n<td>500 gr.<\/td>\n<td>185X80X70<\/td>\n<\/tr>\n<tr>\n<td>MKB24<\/td>\n<td>500 gr.<\/td>\n<td>185X73X80<\/td>\n<\/tr>\n<tr>\n<td>MKB25<\/td>\n<td>500 gr.<\/td>\n<td>300X80X85<\/td>\n<\/tr>\n<tr>\n<td>MKB26<\/td>\n<td>500 gr.<\/td>\n<td>295X80X85<\/td>\n<\/tr>\n<tr>\n<td>MKB27<\/td>\n<td>500 gr.<\/td>\n<td>295X77X90<\/td>\n<\/tr>\n<tr>\n<td>MKB28<\/td>\n<td>500 gr.<\/td>\n<td>305X85X85<\/td>\n<\/tr>\n<tr>\n<td>MKB29<\/td>\n<td>500 gr.<\/td>\n<td>290X85X85<\/td>\n<\/tr>\n<tr>\n<td>MKB30<\/td>\n<td>500 gr.<\/td>\n<td>300X85X85<\/td>\n<\/tr>\n<tr>\n<td>MKB31<\/td>\n<td>500 gr.<\/td>\n<td>140X90X55<\/td>\n<\/tr>\n<tr>\n<td>MKB32<\/td>\n<td>700 gr.<\/td>\n<td>160X80X60<\/td>\n<\/tr>\n<tr>\n<td>MKB33<\/td>\n<td>700 gr.<\/td>\n<td>210X80X45<\/td>\n<\/tr>\n<tr>\n<td>MKB34<\/td>\n<td>700 gr.<\/td>\n<td>180X90X45<\/td>\n<\/tr>\n<tr>\n<td>MKB35<\/td>\n<td>700 gr.<\/td>\n<td>184X95X72<\/td>\n<\/tr>\n<tr>\n<td>MKB36<\/td>\n<td>700 gr.<\/td>\n<td>195X80X72<\/td>\n<\/tr>\n<tr>\n<td>MKB37<\/td>\n<td>700 gr.<\/td>\n<td>185X85X65<\/td>\n<\/tr>\n<tr>\n<td>MKB38<\/td>\n<td>750 gr.<\/td>\n<td>195X85X70<\/td>\n<\/tr>\n<tr>\n<td>MKB39<\/td>\n<td>750 gr.<\/td>\n<td>160X80X80<\/td>\n<\/tr>\n<tr>\n<td>MKB40<\/td>\n<td>750 gr.<\/td>\n<td>190X85X65<\/td>\n<\/tr>\n<tr>\n<td>MKB41<\/td>\n<td>750\/500 gr.<\/td>\n<td>190X80X70<\/td>\n<\/tr>\n<tr>\n<td>MKB42<\/td>\n<td>750 gr.<\/td>\n<td>195X78X72<\/td>\n<\/tr>\n<tr>\n<td>MKB43<\/td>\n<td>750 gr.<\/td>\n<td>180X80X70<\/td>\n<\/tr>\n<tr>\n<td>MKB44<\/td>\n<td>750 gr.<\/td>\n<td>190X80X72<\/td>\n<\/tr>\n<tr>\n<td>MKB45<\/td>\n<td>750 gr.<\/td>\n<td>180X90X70<\/td>\n<\/tr>\n<tr>\n<td>MKB46<\/td>\n<td>750 gr.<\/td>\n<td>195X80X72<\/td>\n<\/tr>\n<tr>\n<td>MKB47<\/td>\n<td>750 gr.<\/td>\n<td>190X80X65<\/td>\n<\/tr>\n<tr>\n<td>MKB48<\/td>\n<td>750 gr.<\/td>\n<td>185X80X70<\/td>\n<\/tr>\n<tr>\n<td>MKB49<\/td>\n<td>750 gr.<\/td>\n<td>185X73X80<\/td>\n<\/tr>\n<tr>\n<td>MKB50<\/td>\n<td>750 gr.<\/td>\n<td>300X80X85<\/td>\n<\/tr>\n<tr>\n<td>MKB51<\/td>\n<td>750 gr.<\/td>\n<td>295X80X85<\/td>\n<\/tr>\n<tr>\n<td>MKB52<\/td>\n<td>750 gr.<\/td>\n<td>295X77X90<\/td>\n<\/tr>\n<tr>\n<td>MKB53<\/td>\n<td>750 gr.<\/td>\n<td>305X85X85<\/td>\n<\/tr>\n<tr>\n<td>MKB54<\/td>\n<td>500 gr.<\/td>\n<td>290X85X85<\/td>\n<\/tr>\n<\/tbody>\n<\/table>\n<p>[\/vc_column_text][\/vc_tta_section][vc_tta_section title=&#8221;Images&#8221; tab_id=&#8221;images&#8221;][vc_single_image image=&#8221;2718&#8243; onclick=&#8221;link_image&#8221;][\/vc_tta_section][\/vc_tta_tabs][\/vc_column][\/vc_row]<\/p>\n<\/section>","protected":false},"excerpt":{"rendered":"<p>[vc_row][vc_column][\/vc_column][\/vc_row][vc_row][vc_column][\/vc_column][\/vc_row][vc_row][vc_column][\/vc_column][\/vc_row][vc_row][vc_column][\/vc_column][\/vc_row][vc_row][vc_column][\/vc_column][\/vc_row][vc_row][vc_column][\/vc_column][\/vc_row][vc_row][vc_column width=&#8221;1\/3&#8243;][vc_column_text][\/vc_column_text][\/vc_column][vc_column width=&#8221;1\/3&#8243;][vc_column_text][\/vc_column_text][\/vc_column][vc_column width=&#8221;1\/3&#8243;][vc_column_text] Blok Tip Peynir Kal\u0131plar\u0131 Hava Bo\u015fluksuz (200-750gr) [\/vc_column_text][\/vc_column][\/vc_row][vc_row][vc_column width=&#8221;1\/3&#8243;][vc_column_text][\/vc_column_text][\/vc_column][vc_column width=&#8221;1\/3&#8243;][vc_column_text][\/vc_column_text][\/vc_column][vc_column width=&#8221;1\/3&#8243;][vc_column_text][\/vc_column_text][\/vc_column][\/vc_row][vc_row][vc_column width=&#8221;1\/3&#8243;][vc_column_text][\/vc_column_text][\/vc_column][vc_column width=&#8221;1\/3&#8243;][vc_column_text][\/vc_column_text][\/vc_column][vc_column width=&#8221;1\/3&#8243;][vc_column_text][\/vc_column_text][\/vc_column][\/vc_row][vc_row][vc_column width=&#8221;1\/3&#8243;][vc_column_text][\/vc_column_text][\/vc_column][vc_column width=&#8221;1\/3&#8243;][\/vc_column][vc_column width=&#8221;1\/3&#8243;][\/vc_column][\/vc_row][vc_row][vc_column][vc_tta_tabs][vc_tta_section title=&#8221;Table&#8221; tab_id=&#8221;table&#8221;][vc_column_text] KOD GRAMAJ EBAT MKB01 200 gr. 110X65X40 MKB02 250 gr. 110X65X58 MKB03 350 gr. 200X70X53 MKB04 250 gr. 175X78X60 MKB05 250 gr. 177X80X60 MKB06 250 gr. 140X90X55 MKB07 250 gr. 160X80X60 MKB08 [&hellip;]<\/p>\n","protected":false},"author":2,"featured_media":0,"parent":475,"menu_order":0,"comment_status":"closed","ping_status":"closed","template":"page-templates\/template-canvas.php","meta":{"footnotes":""},"class_list":["post-2748","page","type-page","status-publish","hentry"],"_links":{"self":[{"href":"https:\/\/nesilplastik.com.tr\/tr\/wp-json\/wp\/v2\/pages\/2748","targetHints":{"allow":["GET"]}}],"collection":[{"href":"https:\/\/nesilplastik.com.tr\/tr\/wp-json\/wp\/v2\/pages"}],"about":[{"href":"https:\/\/nesilplastik.com.tr\/tr\/wp-json\/wp\/v2\/types\/page"}],"author":[{"embeddable":true,"href":"https:\/\/nesilplastik.com.tr\/tr\/wp-json\/wp\/v2\/users\/2"}],"replies":[{"embeddable":true,"href":"https:\/\/nesilplastik.com.tr\/tr\/wp-json\/wp\/v2\/comments?post=2748"}],"version-history":[{"count":0,"href":"https:\/\/nesilplastik.com.tr\/tr\/wp-json\/wp\/v2\/pages\/2748\/revisions"}],"up":[{"embeddable":true,"href":"https:\/\/nesilplastik.com.tr\/tr\/wp-json\/wp\/v2\/pages\/475"}],"wp:attachment":[{"href":"https:\/\/nesilplastik.com.tr\/tr\/wp-json\/wp\/v2\/media?parent=2748"}],"curies":[{"name":"wp","href":"https:\/\/api.w.org\/{rel}","templated":true}]}}