
{"id":270,"date":"2014-11-12T05:10:38","date_gmt":"2014-11-12T05:10:38","guid":{"rendered":"http:\/\/demo.oceanthemes.net\/ananke\/?page_id=270"},"modified":"2021-03-01T09:55:26","modified_gmt":"2021-03-01T06:55:26","slug":"nesil-plastik-tarihce","status":"publish","type":"page","link":"https:\/\/nesilplastik.com.tr\/tr\/nesil-plastik-tarihce\/","title":{"rendered":"K\u0131sa Tarih\u00e7e"},"content":{"rendered":"<section class=\"wpb-content-wrapper\"><p>[vc_row][vc_column][\/vc_column][\/vc_row][vc_row][vc_column][\/vc_column][\/vc_row][vc_row][vc_column][\/vc_column][\/vc_row][vc_row][vc_column][\/vc_column][\/vc_row][vc_row][vc_column][\/vc_column][\/vc_row][vc_row][vc_column][\/vc_column][\/vc_row][vc_row][vc_column width=&#8221;1\/2&#8243;][vc_single_image image=&#8221;2446&#8243; img_size=&#8221;full&#8221;][\/vc_column][vc_column width=&#8221;1\/2&#8243;][vc_column_text]<strong>Sekt\u00f6rde Faaliyet ve Hedeflerimiz<\/strong><\/p>\n<div>\u015eirketimiz, 2001 y\u0131l\u0131nda ilk olarak mand\u0131ra \u00fcr\u00fcnlerinin sat\u0131\u015f\u0131 ile faaliyetlerine ba\u015flam\u0131\u015ft\u0131r. S\u00fct sekt\u00f6r\u00fc ile ilgili olarak, peynir mayas\u0131, peynir k\u00fclt\u00fcr\u00fc distrib\u00fct\u00f6rl\u00fc\u011f\u00fc yan\u0131 s\u0131ra temizleme kimyasallar\u0131 ve laboratuvar malzeme sat\u0131\u015flar\u0131 ile 2006 y\u0131l\u0131na kadar faaliyetlerine devam etmi\u015ftir. 2006 y\u0131l\u0131nda firma ismi ve a\u00e7\u0131l\u0131m\u0131n\u0131 \u201cNesil Plastik\u201d olarak de\u011fi\u015ftirerek yine s\u00fct sekt\u00f6r\u00fc ile ilgili peynir kal\u0131plama sistemleri \u00fcretimine ba\u015flayarak,\u00a0sekt\u00f6r\u00fcnde \u00f6nc\u00fc bir firma olmay\u0131 k\u0131sa zamanda ba\u015farm\u0131\u015ft\u0131r.<\/div>\n<div><\/div>\n<div>\u0130lk olarak 2006 y\u0131llar\u0131 sonlar\u0131na do\u011fru ka\u015far peynir kal\u0131plar\u0131 \u00fcretimine girerek \u00fcr\u00fcnlerin sekt\u00f6r\u00fcnde kabul g\u00f6rmesini sa\u011flam\u0131\u015f ve sonras\u0131nda \u00fcr\u00fcn yelpazesini geni\u015fletmi\u015ftir. Ka\u015far peynir kal\u0131plar\u0131 tekli kullan\u0131mlar\u0131nda 400 \u00fcn \u00fczerinde farkl\u0131 gramajda ve <a href=\"https:\/\/nesilplastik.com.tr\/tr\/ozel-tip-kaliplar\/\" target=\"_blank\" rel=\"noopener noreferrer\">farkl\u0131 geometrik \u015fekillerde peynir kal\u0131plar\u0131<\/a>\u00a0\u00fcretmeyi ba\u015farm\u0131\u015ft\u0131r. Bu \u00fcr\u00fcn gam\u0131na ilave olarak ka\u015far peynirlerinin ve beyaz peynirler \u00fcretim prosesinde ar-ge \u00e7al\u0131\u015fmalar\u0131na h\u0131z vererek <a href=\"https:\/\/nesilplastik.com.tr\/tr\/coklu-kaliplar\/\" target=\"_blank\" rel=\"noopener noreferrer\">\u00e7oklu halde kal\u0131p<\/a> \u00fcretmeyi de ba\u015farm\u0131\u015f ve sekt\u00f6r\u00fcnde uygulamal\u0131 olarak \u00fcretim sahalar\u0131nda denemeler yapm\u0131\u015f ve yeni sistemde daha az i\u015f\u00e7ilik ve maliyetle \u00fcretim yap\u0131labilece\u011fini net bir \u015fekilde g\u00f6stermi\u015ftir. 5 y\u0131l i\u00e7erisinde Beyaz peynir ve ka\u015far peyniri \u00fcretim metotlar\u0131yla al\u00e2kal\u0131 devlet destekleri kapsam\u0131nda 3 ar-ge projesi alm\u0131\u015f ve sekt\u00f6r\u00fcnde teknoloji \u00fcreten bir firma haline gelmeyi ba\u015farm\u0131\u015ft\u0131r.<\/div>\n<div><\/div>\n<div>Ka\u015far peyniri \u00fcretim ve beyaz peynir \u00fcretim proseslerinde paslanmaz el de\u011fmeden farkl\u0131 \u00fcretim tonajlar\u0131nda kal\u0131pl\u0131 \u00fcretim teknolojisinde el de\u011fmeden \u00fcretim yap\u0131labilmesini sa\u011flam\u0131\u015f ve <strong>sekt\u00f6r\u00fcnde \u00f6nc\u00fc olma ilkesi<\/strong> ile olumlu ele\u015ftiriler alm\u0131\u015ft\u0131r.<\/div>\n<p>[\/vc_column_text][\/vc_column][\/vc_row][vc_row][vc_column width=&#8221;1\/2&#8243;][vc_column_text]\u00c7\u00f6z\u00fcm ve m\u00fc\u015fteri odakl\u0131 projelerde taleplere rahat cevap verebilen uzman ekibi ile 2500 metre karelik \u00fcretim tesisinde her t\u00fcrl\u00fc teknoloji geli\u015ftirmeye devam ederek, sekt\u00f6r\u00fcnde ar-ge \u00e7al\u0131\u015fmalar\u0131na devam ederek hem kendi \u00fcretim alt yap\u0131 teknolojisini geli\u015ftirerek hemde sekt\u00f6r\u00fcn\u00fcn teknolojisini geli\u015ftirmeye devam ederek s\u00fct \u00fcr\u00fcnleri \u00fcretici firmalar\u0131n proje odakl\u0131 \u00e7al\u0131\u015fmalar\u0131na h\u0131z vererek \u00fcretim ve ticari faaliyetlerini nitelikli bir \u015fekilde devam edecektir.[\/vc_column_text][\/vc_column][vc_column width=&#8221;1\/2&#8243;][vc_column_text]<img loading=\"lazy\" decoding=\"async\" class=\"alignnone size-full wp-image-3067\" src=\"http:\/\/nesilplastik.com.tr\/tr\/wp-content\/uploads\/2014\/11\/nesil_cephe_kucuk_1.jpg\" alt=\"\" width=\"768\" height=\"434\" \/>[\/vc_column_text][\/vc_column][\/vc_row]<\/p>\n<\/section>","protected":false},"excerpt":{"rendered":"<p>[vc_row][vc_column][\/vc_column][\/vc_row][vc_row][vc_column][\/vc_column][\/vc_row][vc_row][vc_column][\/vc_column][\/vc_row][vc_row][vc_column][\/vc_column][\/vc_row][vc_row][vc_column][\/vc_column][\/vc_row][vc_row][vc_column][\/vc_column][\/vc_row][vc_row][vc_column width=&#8221;1\/2&#8243;][vc_single_image image=&#8221;2446&#8243; img_size=&#8221;full&#8221;][\/vc_column][vc_column width=&#8221;1\/2&#8243;][vc_column_text]Sekt\u00f6rde Faaliyet ve Hedeflerimiz \u015eirketimiz, 2001 y\u0131l\u0131nda ilk olarak mand\u0131ra \u00fcr\u00fcnlerinin sat\u0131\u015f\u0131 ile faaliyetlerine ba\u015flam\u0131\u015ft\u0131r. S\u00fct sekt\u00f6r\u00fc ile ilgili olarak, peynir mayas\u0131, peynir k\u00fclt\u00fcr\u00fc distrib\u00fct\u00f6rl\u00fc\u011f\u00fc yan\u0131 s\u0131ra temizleme kimyasallar\u0131 ve laboratuvar malzeme sat\u0131\u015flar\u0131 ile 2006 y\u0131l\u0131na kadar faaliyetlerine devam etmi\u015ftir. 2006 y\u0131l\u0131nda firma ismi ve a\u00e7\u0131l\u0131m\u0131n\u0131 \u201cNesil Plastik\u201d olarak de\u011fi\u015ftirerek yine [&hellip;]<\/p>\n","protected":false},"author":2,"featured_media":0,"parent":0,"menu_order":0,"comment_status":"open","ping_status":"open","template":"page-templates\/template-canvas.php","meta":{"footnotes":""},"class_list":["post-270","page","type-page","status-publish","hentry"],"_links":{"self":[{"href":"https:\/\/nesilplastik.com.tr\/tr\/wp-json\/wp\/v2\/pages\/270","targetHints":{"allow":["GET"]}}],"collection":[{"href":"https:\/\/nesilplastik.com.tr\/tr\/wp-json\/wp\/v2\/pages"}],"about":[{"href":"https:\/\/nesilplastik.com.tr\/tr\/wp-json\/wp\/v2\/types\/page"}],"author":[{"embeddable":true,"href":"https:\/\/nesilplastik.com.tr\/tr\/wp-json\/wp\/v2\/users\/2"}],"replies":[{"embeddable":true,"href":"https:\/\/nesilplastik.com.tr\/tr\/wp-json\/wp\/v2\/comments?post=270"}],"version-history":[{"count":0,"href":"https:\/\/nesilplastik.com.tr\/tr\/wp-json\/wp\/v2\/pages\/270\/revisions"}],"wp:attachment":[{"href":"https:\/\/nesilplastik.com.tr\/tr\/wp-json\/wp\/v2\/media?parent=270"}],"curies":[{"name":"wp","href":"https:\/\/api.w.org\/{rel}","templated":true}]}}