
{"id":2696,"date":"2017-05-30T14:32:23","date_gmt":"2017-05-30T11:32:23","guid":{"rendered":"http:\/\/nesilplastik.com.tr\/tr\/?page_id=2696"},"modified":"2021-06-01T16:49:15","modified_gmt":"2021-06-01T13:49:15","slug":"kelle-tip-peynir-kaliplari-9000-14000-gr-hava-bosluksuz","status":"publish","type":"page","link":"https:\/\/nesilplastik.com.tr\/tr\/kelle-tip-kaliplar\/kelle-tip-peynir-kaliplari-9000-14000-gr-hava-bosluksuz\/","title":{"rendered":"Kelle Tip Peynir Kal\u0131plar\u0131 (9000-14000 gr) Hava Bosluksuz"},"content":{"rendered":"<section class=\"wpb-content-wrapper\"><p>[vc_row][vc_column][\/vc_column][\/vc_row][vc_row][vc_column][\/vc_column][\/vc_row][vc_row][vc_column][\/vc_column][\/vc_row][vc_row][vc_column][\/vc_column][\/vc_row][vc_row][vc_column][\/vc_column][\/vc_row][vc_row][vc_column][\/vc_column][\/vc_row][vc_row][vc_column width=&#8221;1\/2&#8243;][vc_column_text]<img loading=\"lazy\" decoding=\"async\" class=\"alignnone size-full wp-image-2697\" src=\"http:\/\/nesilplastik.com.tr\/tr\/wp-content\/uploads\/2017\/08\/10000_gr_head_type_mold_with_air_space.png\" alt=\"\" width=\"300\" height=\"300\" \/>[\/vc_column_text][\/vc_column][vc_column width=&#8221;1\/2&#8243;][vc_column_text]Kelle Tipi Peynir Kal\u0131b\u0131 (9000-14000 gr.) Hava Bo\u015fluksuz[\/vc_column_text][\/vc_column][\/vc_row][vc_row][vc_column][vc_tta_tabs][vc_tta_section title=&#8221;Table&#8221; tab_id=&#8221;table&#8221;][vc_column_text]<\/p>\n<table width=\"225\">\n<tbody>\n<tr>\n<td width=\"64\"><span style=\"color: #ff0000;\"><strong>KOD<\/strong><\/span><\/td>\n<td width=\"97\"><span style=\"color: #ff0000;\"><strong>GRAMAJ<\/strong><\/span><\/td>\n<td width=\"64\"><span style=\"color: #ff0000;\"><strong>EBAT<\/strong><\/span><\/td>\n<\/tr>\n<tr>\n<td>MKKL29<\/td>\n<td>9000 gr.<\/td>\n<td>300X135<\/td>\n<\/tr>\n<tr>\n<td>MKKL38<\/td>\n<td>9000 gr.<\/td>\n<td>300X120<\/td>\n<\/tr>\n<tr>\n<td>MKKL39<\/td>\n<td>9000 gr.<\/td>\n<td>300X130<\/td>\n<\/tr>\n<tr>\n<td>MKKL40<\/td>\n<td>9000 gr.<\/td>\n<td>275X150<\/td>\n<\/tr>\n<tr>\n<td>MKKL41<\/td>\n<td>10000 gr.<\/td>\n<td>300X140<\/td>\n<\/tr>\n<tr>\n<td>MKKL42<\/td>\n<td>10000 gr.<\/td>\n<td>300X150<\/td>\n<\/tr>\n<tr>\n<td>MKKL43<\/td>\n<td>10000 gr.<\/td>\n<td>300X180<\/td>\n<\/tr>\n<tr>\n<td>MKKL44<\/td>\n<td>10000 gr.<\/td>\n<td>300X165<\/td>\n<\/tr>\n<tr>\n<td>MKKL47<\/td>\n<td>12000 gr.<\/td>\n<td>275X190<\/td>\n<\/tr>\n<tr>\n<td>MKKL48<\/td>\n<td>12000 gr.<\/td>\n<td>300X180<\/td>\n<\/tr>\n<tr>\n<td>MKKL49<\/td>\n<td>12000 gr.<\/td>\n<td>300X160<\/td>\n<\/tr>\n<tr>\n<td>MKKL50<\/td>\n<td>12000 gr.<\/td>\n<td>300X150<\/td>\n<\/tr>\n<tr>\n<td>MKKL51<\/td>\n<td>9000 gr.<\/td>\n<td>300X125<\/td>\n<\/tr>\n<tr>\n<td>MKKL52<\/td>\n<td>14000 gr.<\/td>\n<td>300X180<\/td>\n<\/tr>\n<\/tbody>\n<\/table>\n<p>[\/vc_column_text][\/vc_tta_section][vc_tta_section title=&#8221;Images&#8221; tab_id=&#8221;images&#8221;][vc_single_image image=&#8221;2698&#8243; onclick=&#8221;link_image&#8221;][\/vc_tta_section][\/vc_tta_tabs][\/vc_column][\/vc_row]<\/p>\n<\/section>","protected":false},"excerpt":{"rendered":"<p>[vc_row][vc_column][\/vc_column][\/vc_row][vc_row][vc_column][\/vc_column][\/vc_row][vc_row][vc_column][\/vc_column][\/vc_row][vc_row][vc_column][\/vc_column][\/vc_row][vc_row][vc_column][\/vc_column][\/vc_row][vc_row][vc_column][\/vc_column][\/vc_row][vc_row][vc_column width=&#8221;1\/2&#8243;][vc_column_text][\/vc_column_text][\/vc_column][vc_column width=&#8221;1\/2&#8243;][vc_column_text]Kelle Tipi Peynir Kal\u0131b\u0131 (9000-14000 gr.) Hava Bo\u015fluksuz[\/vc_column_text][\/vc_column][\/vc_row][vc_row][vc_column][vc_tta_tabs][vc_tta_section title=&#8221;Table&#8221; tab_id=&#8221;table&#8221;][vc_column_text] KOD GRAMAJ EBAT MKKL29 9000 gr. 300X135 MKKL38 9000 gr. 300X120 MKKL39 9000 gr. 300X130 MKKL40 9000 gr. 275X150 MKKL41 10000 gr. 300X140 MKKL42 10000 gr. 300X150 MKKL43 10000 gr. 300X180 MKKL44 10000 gr. 300X165 MKKL47 12000 gr. 275X190 MKKL48 12000 gr. 300X180 [&hellip;]<\/p>\n","protected":false},"author":2,"featured_media":0,"parent":509,"menu_order":0,"comment_status":"closed","ping_status":"closed","template":"page-templates\/template-canvas.php","meta":{"footnotes":""},"class_list":["post-2696","page","type-page","status-publish","hentry"],"_links":{"self":[{"href":"https:\/\/nesilplastik.com.tr\/tr\/wp-json\/wp\/v2\/pages\/2696","targetHints":{"allow":["GET"]}}],"collection":[{"href":"https:\/\/nesilplastik.com.tr\/tr\/wp-json\/wp\/v2\/pages"}],"about":[{"href":"https:\/\/nesilplastik.com.tr\/tr\/wp-json\/wp\/v2\/types\/page"}],"author":[{"embeddable":true,"href":"https:\/\/nesilplastik.com.tr\/tr\/wp-json\/wp\/v2\/users\/2"}],"replies":[{"embeddable":true,"href":"https:\/\/nesilplastik.com.tr\/tr\/wp-json\/wp\/v2\/comments?post=2696"}],"version-history":[{"count":0,"href":"https:\/\/nesilplastik.com.tr\/tr\/wp-json\/wp\/v2\/pages\/2696\/revisions"}],"up":[{"embeddable":true,"href":"https:\/\/nesilplastik.com.tr\/tr\/wp-json\/wp\/v2\/pages\/509"}],"wp:attachment":[{"href":"https:\/\/nesilplastik.com.tr\/tr\/wp-json\/wp\/v2\/media?parent=2696"}],"curies":[{"name":"wp","href":"https:\/\/api.w.org\/{rel}","templated":true}]}}