
{"id":2673,"date":"2017-05-25T17:22:51","date_gmt":"2017-05-25T14:22:51","guid":{"rendered":"http:\/\/nesilplastik.com.tr\/tr\/?page_id=2673"},"modified":"2021-06-01T15:54:02","modified_gmt":"2021-06-01T12:54:02","slug":"5000-8000-gr-kelle-tip-peynir-kaliplari-hava-bosluksuz","status":"publish","type":"page","link":"https:\/\/nesilplastik.com.tr\/tr\/kelle-tip-kaliplar\/5000-8000-gr-kelle-tip-peynir-kaliplari-hava-bosluksuz\/","title":{"rendered":"Kelle Tip Peynir Kal\u0131plar\u0131 (5000-8000 gr.) Hava Bosluksuz"},"content":{"rendered":"<section class=\"wpb-content-wrapper\"><p>[vc_row][vc_column][\/vc_column][\/vc_row][vc_row][vc_column][\/vc_column][\/vc_row][vc_row][vc_column][\/vc_column][\/vc_row][vc_row][vc_column][\/vc_column][\/vc_row][vc_row][vc_column][\/vc_column][\/vc_row][vc_row][vc_column][\/vc_column][\/vc_row][vc_row][vc_column width=&#8221;1\/2&#8243;][vc_column_text]<img loading=\"lazy\" decoding=\"async\" class=\"alignnone size-full wp-image-2667\" src=\"http:\/\/nesilplastik.com.tr\/tr\/wp-content\/uploads\/2017\/08\/5000_gr_head_type_mold_with_air_space.png\" alt=\"\" width=\"300\" height=\"300\" \/>[\/vc_column_text][\/vc_column][vc_column width=&#8221;1\/2&#8243;][vc_column_text]Kelle Tipi Peynir Kal\u0131b\u0131 (5000-8000gr.) Hava Bo\u015fluksuz[\/vc_column_text][\/vc_column][\/vc_row][vc_row][vc_column][vc_tta_tabs][vc_tta_section title=&#8221;Table&#8221; tab_id=&#8221;table&#8221;][vc_column_text]<\/p>\n<table width=\"225\">\n<tbody>\n<tr>\n<td width=\"64\"><span style=\"color: #ff0000;\"><strong>KOD<\/strong><\/span><\/td>\n<td width=\"97\"><span style=\"color: #ff0000;\"><strong>GRAMAJ<\/strong><\/span><\/td>\n<td width=\"64\"><span style=\"color: #ff0000;\"><strong>EBAT<\/strong><\/span><\/td>\n<\/tr>\n<tr>\n<td>MKKL26<\/td>\n<td>6000 gr.<\/td>\n<td>300X90<\/td>\n<\/tr>\n<tr>\n<td>MKKL27<\/td>\n<td>6000 gr.<\/td>\n<td>275X105<\/td>\n<\/tr>\n<tr>\n<td>MKKL28<\/td>\n<td>7000 gr.<\/td>\n<td>275X120<\/td>\n<\/tr>\n<tr>\n<td>MKKL30<\/td>\n<td>6000 gr.<\/td>\n<td>275X100<\/td>\n<\/tr>\n<tr>\n<td>MKKL31<\/td>\n<td>5000 gr.<\/td>\n<td>230X120<\/td>\n<\/tr>\n<tr>\n<td>MKKL32<\/td>\n<td>5000 gr.<\/td>\n<td>230X80<\/td>\n<\/tr>\n<tr>\n<td>MKKL33<\/td>\n<td>5000 gr.<\/td>\n<td>230X60<\/td>\n<\/tr>\n<tr>\n<td>MKKL34<\/td>\n<td>5000 gr.<\/td>\n<td>300X55<\/td>\n<\/tr>\n<tr>\n<td>MKKL35<\/td>\n<td>6000 gr.<\/td>\n<td>300X80<\/td>\n<\/tr>\n<tr>\n<td>MKKL36<\/td>\n<td>8000 gr.<\/td>\n<td>300X115<\/td>\n<\/tr>\n<tr>\n<td>MKKL37<\/td>\n<td>6000 gr.<\/td>\n<td>300X85<\/td>\n<\/tr>\n<tr>\n<td>MKKL45<\/td>\n<td>8000 gr.<\/td>\n<td>275X150<\/td>\n<\/tr>\n<tr>\n<td>MKKL46<\/td>\n<td>8000 gr.<\/td>\n<td>275X140<\/td>\n<\/tr>\n<\/tbody>\n<\/table>\n<p>[\/vc_column_text][\/vc_tta_section][vc_tta_section title=&#8221;Images&#8221; tab_id=&#8221;images&#8221;][vc_single_image image=&#8221;2677&#8243; onclick=&#8221;link_image&#8221;][\/vc_tta_section][\/vc_tta_tabs][\/vc_column][\/vc_row]<\/p>\n<\/section>","protected":false},"excerpt":{"rendered":"<p>[vc_row][vc_column][\/vc_column][\/vc_row][vc_row][vc_column][\/vc_column][\/vc_row][vc_row][vc_column][\/vc_column][\/vc_row][vc_row][vc_column][\/vc_column][\/vc_row][vc_row][vc_column][\/vc_column][\/vc_row][vc_row][vc_column][\/vc_column][\/vc_row][vc_row][vc_column width=&#8221;1\/2&#8243;][vc_column_text][\/vc_column_text][\/vc_column][vc_column width=&#8221;1\/2&#8243;][vc_column_text]Kelle Tipi Peynir Kal\u0131b\u0131 (5000-8000gr.) Hava Bo\u015fluksuz[\/vc_column_text][\/vc_column][\/vc_row][vc_row][vc_column][vc_tta_tabs][vc_tta_section title=&#8221;Table&#8221; tab_id=&#8221;table&#8221;][vc_column_text] KOD GRAMAJ EBAT MKKL26 6000 gr. 300X90 MKKL27 6000 gr. 275X105 MKKL28 7000 gr. 275X120 MKKL30 6000 gr. 275X100 MKKL31 5000 gr. 230X120 MKKL32 5000 gr. 230X80 MKKL33 5000 gr. 230X60 MKKL34 5000 gr. 300X55 MKKL35 6000 gr. 300X80 MKKL36 8000 gr. 300X115 MKKL37 [&hellip;]<\/p>\n","protected":false},"author":2,"featured_media":0,"parent":509,"menu_order":0,"comment_status":"closed","ping_status":"closed","template":"page-templates\/template-canvas.php","meta":{"footnotes":""},"class_list":["post-2673","page","type-page","status-publish","hentry"],"_links":{"self":[{"href":"https:\/\/nesilplastik.com.tr\/tr\/wp-json\/wp\/v2\/pages\/2673","targetHints":{"allow":["GET"]}}],"collection":[{"href":"https:\/\/nesilplastik.com.tr\/tr\/wp-json\/wp\/v2\/pages"}],"about":[{"href":"https:\/\/nesilplastik.com.tr\/tr\/wp-json\/wp\/v2\/types\/page"}],"author":[{"embeddable":true,"href":"https:\/\/nesilplastik.com.tr\/tr\/wp-json\/wp\/v2\/users\/2"}],"replies":[{"embeddable":true,"href":"https:\/\/nesilplastik.com.tr\/tr\/wp-json\/wp\/v2\/comments?post=2673"}],"version-history":[{"count":0,"href":"https:\/\/nesilplastik.com.tr\/tr\/wp-json\/wp\/v2\/pages\/2673\/revisions"}],"up":[{"embeddable":true,"href":"https:\/\/nesilplastik.com.tr\/tr\/wp-json\/wp\/v2\/pages\/509"}],"wp:attachment":[{"href":"https:\/\/nesilplastik.com.tr\/tr\/wp-json\/wp\/v2\/media?parent=2673"}],"curies":[{"name":"wp","href":"https:\/\/api.w.org\/{rel}","templated":true}]}}