
{"id":2641,"date":"2017-05-25T15:58:36","date_gmt":"2017-05-25T12:58:36","guid":{"rendered":"http:\/\/nesilplastik.com.tr\/tr\/?page_id=2641"},"modified":"2021-06-01T15:54:25","modified_gmt":"2021-06-01T12:54:25","slug":"2000-4000gr-kelle-tip-peynir-kaliplari-hava-bosluksuz","status":"publish","type":"page","link":"https:\/\/nesilplastik.com.tr\/tr\/kelle-tip-kaliplar\/2000-4000gr-kelle-tip-peynir-kaliplari-hava-bosluksuz\/","title":{"rendered":"Kelle Tip Peynir Kal\u0131plar\u0131 (2000-4000 gr.) Hava Bosluksuz"},"content":{"rendered":"<section class=\"wpb-content-wrapper\"><p>[vc_row][vc_column][\/vc_column][\/vc_row][vc_row][vc_column][\/vc_column][\/vc_row][vc_row][vc_column][\/vc_column][\/vc_row][vc_row][vc_column][\/vc_column][\/vc_row][vc_row][vc_column][\/vc_column][\/vc_row][vc_row][vc_column][\/vc_column][\/vc_row][vc_row][vc_column width=&#8221;1\/2&#8243;][vc_column_text]<img loading=\"lazy\" decoding=\"async\" class=\"alignnone size-full wp-image-2642\" src=\"http:\/\/nesilplastik.com.tr\/tr\/wp-content\/uploads\/2017\/08\/2000_gr_head_type_mold_with_air_space.png\" alt=\"\" width=\"400\" height=\"381\" \/>[\/vc_column_text][\/vc_column][vc_column width=&#8221;1\/2&#8243;][vc_column_text]Kelle Tipi Peynir Kal\u0131b\u0131 (2000-4000 gr.) Hava Bo\u015fluksuz[\/vc_column_text][\/vc_column][\/vc_row][vc_row][vc_column][vc_tta_tabs][vc_tta_section title=&#8221;Table&#8221; tab_id=&#8221;table&#8221;][vc_column_text]<\/p>\n<table width=\"225\">\n<tbody>\n<tr>\n<td width=\"64\"><span style=\"color: #ff0000;\"><strong>KOD<\/strong><\/span><\/td>\n<td width=\"97\"><span style=\"color: #ff0000;\"><strong>GRAMAJ<\/strong><\/span><\/td>\n<td width=\"64\"><span style=\"color: #ff0000;\"><strong>EBAT<\/strong><\/span><\/td>\n<\/tr>\n<tr>\n<td>MKKL12<\/td>\n<td>2000 gr.<\/td>\n<td>275X30<\/td>\n<\/tr>\n<tr>\n<td>MKKL13<\/td>\n<td>2000 gr.<\/td>\n<td>158X25<\/td>\n<\/tr>\n<tr>\n<td>MKKL14<\/td>\n<td>2000 gr.<\/td>\n<td>158X100<\/td>\n<\/tr>\n<tr>\n<td>MKKL15<\/td>\n<td>2000 gr.<\/td>\n<td>160X30<\/td>\n<\/tr>\n<tr>\n<td>MKKL16<\/td>\n<td>2000 gr.<\/td>\n<td>160X100<\/td>\n<\/tr>\n<tr>\n<td>MKKL17<\/td>\n<td>2000 gr.<\/td>\n<td>180X100<\/td>\n<\/tr>\n<tr>\n<td>MKKL18<\/td>\n<td>2250 gr.<\/td>\n<td>170X100<\/td>\n<\/tr>\n<tr>\n<td>MKKL19<\/td>\n<td>4000 gr.<\/td>\n<td>275X70<\/td>\n<\/tr>\n<tr>\n<td>MKKL20<\/td>\n<td>3000 gr.<\/td>\n<td>275X55<\/td>\n<\/tr>\n<tr>\n<td>MKKL21<\/td>\n<td>3500 gr.<\/td>\n<td>300X50<\/td>\n<\/tr>\n<tr>\n<td>MKKL22<\/td>\n<td>3000 gr.<\/td>\n<td>230X75<\/td>\n<\/tr>\n<tr>\n<td>MKKL23<\/td>\n<td>3000 gr.<\/td>\n<td>200X100<\/td>\n<\/tr>\n<tr>\n<td>MKKL24<\/td>\n<td>4000 gr.<\/td>\n<td>300X60<\/td>\n<\/tr>\n<tr>\n<td>MKKL25<\/td>\n<td>4000 gr.<\/td>\n<td>300X58<\/td>\n<\/tr>\n<\/tbody>\n<\/table>\n<p>[\/vc_column_text][\/vc_tta_section][vc_tta_section title=&#8221;Images&#8221; tab_id=&#8221;images&#8221;][vc_single_image image=&#8221;2643&#8243; onclick=&#8221;link_image&#8221;][\/vc_tta_section][\/vc_tta_tabs][\/vc_column][\/vc_row]<\/p>\n<\/section>","protected":false},"excerpt":{"rendered":"<p>[vc_row][vc_column][\/vc_column][\/vc_row][vc_row][vc_column][\/vc_column][\/vc_row][vc_row][vc_column][\/vc_column][\/vc_row][vc_row][vc_column][\/vc_column][\/vc_row][vc_row][vc_column][\/vc_column][\/vc_row][vc_row][vc_column][\/vc_column][\/vc_row][vc_row][vc_column width=&#8221;1\/2&#8243;][vc_column_text][\/vc_column_text][\/vc_column][vc_column width=&#8221;1\/2&#8243;][vc_column_text]Kelle Tipi Peynir Kal\u0131b\u0131 (2000-4000 gr.) Hava Bo\u015fluksuz[\/vc_column_text][\/vc_column][\/vc_row][vc_row][vc_column][vc_tta_tabs][vc_tta_section title=&#8221;Table&#8221; tab_id=&#8221;table&#8221;][vc_column_text] KOD GRAMAJ EBAT MKKL12 2000 gr. 275X30 MKKL13 2000 gr. 158X25 MKKL14 2000 gr. 158X100 MKKL15 2000 gr. 160X30 MKKL16 2000 gr. 160X100 MKKL17 2000 gr. 180X100 MKKL18 2250 gr. 170X100 MKKL19 4000 gr. 275X70 MKKL20 3000 gr. 275X55 MKKL21 3500 gr. 300X50 [&hellip;]<\/p>\n","protected":false},"author":2,"featured_media":0,"parent":509,"menu_order":0,"comment_status":"closed","ping_status":"closed","template":"page-templates\/template-canvas.php","meta":{"footnotes":""},"class_list":["post-2641","page","type-page","status-publish","hentry"],"_links":{"self":[{"href":"https:\/\/nesilplastik.com.tr\/tr\/wp-json\/wp\/v2\/pages\/2641","targetHints":{"allow":["GET"]}}],"collection":[{"href":"https:\/\/nesilplastik.com.tr\/tr\/wp-json\/wp\/v2\/pages"}],"about":[{"href":"https:\/\/nesilplastik.com.tr\/tr\/wp-json\/wp\/v2\/types\/page"}],"author":[{"embeddable":true,"href":"https:\/\/nesilplastik.com.tr\/tr\/wp-json\/wp\/v2\/users\/2"}],"replies":[{"embeddable":true,"href":"https:\/\/nesilplastik.com.tr\/tr\/wp-json\/wp\/v2\/comments?post=2641"}],"version-history":[{"count":0,"href":"https:\/\/nesilplastik.com.tr\/tr\/wp-json\/wp\/v2\/pages\/2641\/revisions"}],"up":[{"embeddable":true,"href":"https:\/\/nesilplastik.com.tr\/tr\/wp-json\/wp\/v2\/pages\/509"}],"wp:attachment":[{"href":"https:\/\/nesilplastik.com.tr\/tr\/wp-json\/wp\/v2\/media?parent=2641"}],"curies":[{"name":"wp","href":"https:\/\/api.w.org\/{rel}","templated":true}]}}