
{"id":2607,"date":"2017-05-24T11:07:44","date_gmt":"2017-05-24T08:07:44","guid":{"rendered":"http:\/\/nesilplastik.com.tr\/tr\/?page_id=2607"},"modified":"2021-06-15T10:56:42","modified_gmt":"2021-06-15T07:56:42","slug":"500-gr-gram-piknik-tip-peynir-kaliplari-hava-bosluklu","status":"publish","type":"page","link":"https:\/\/nesilplastik.com.tr\/tr\/piknik-tip-kaliplar\/500-gr-gram-piknik-tip-peynir-kaliplari-hava-bosluklu\/","title":{"rendered":"Piknik Tip Peynir Kal\u0131plar\u0131 (500gr) Hava Bo\u015fluklu"},"content":{"rendered":"<section class=\"wpb-content-wrapper\"><p>[vc_row][vc_column][\/vc_column][\/vc_row][vc_row][vc_column][\/vc_column][\/vc_row][vc_row][vc_column][\/vc_column][\/vc_row][vc_row][vc_column][\/vc_column][\/vc_row][vc_row][vc_column][\/vc_column][\/vc_row][vc_row][vc_column][\/vc_column][\/vc_row][vc_row][vc_column][vc_column_text]<img loading=\"lazy\" decoding=\"async\" class=\"alignnone size-full wp-image-2614\" src=\"http:\/\/nesilplastik.com.tr\/tr\/wp-content\/uploads\/2017\/05\/500gr-cheese-mold.png\" alt=\"\" width=\"1024\" height=\"459\" srcset=\"https:\/\/nesilplastik.com.tr\/tr\/wp-content\/uploads\/2017\/05\/500gr-cheese-mold.png 1024w, https:\/\/nesilplastik.com.tr\/tr\/wp-content\/uploads\/2017\/05\/500gr-cheese-mold-768x344.png 768w\" sizes=\"auto, (max-width: 1024px) 100vw, 1024px\" \/>[\/vc_column_text][\/vc_column][\/vc_row][vc_row][vc_column][vc_tta_tabs][vc_tta_section title=&#8221;Tablo&#8221; tab_id=&#8221;tablo&#8221;][vc_column_text]<\/p>\n<table width=\"232\">\n<tbody>\n<tr>\n<td width=\"64\"><strong><span style=\"color: #ff0000;\">KOD<\/span><\/strong><\/td>\n<td width=\"104\"><span style=\"color: #ff0000;\"><strong>GRAMAJ<\/strong><\/span><\/td>\n<td width=\"64\"><strong><span style=\"color: #ff0000;\">EBAT<\/span><\/strong><\/td>\n<\/tr>\n<tr>\n<td width=\"64\">MKP19<\/td>\n<td width=\"104\">500 gr<\/td>\n<td width=\"64\">90X75<\/td>\n<\/tr>\n<tr>\n<td width=\"64\">MKP20<\/td>\n<td width=\"104\">500 gr<\/td>\n<td width=\"64\">100X60<\/td>\n<\/tr>\n<tr>\n<td width=\"64\">MKP21<\/td>\n<td width=\"104\">500 gr<\/td>\n<td width=\"64\">100X55<\/td>\n<\/tr>\n<tr>\n<td width=\"64\">MKP22<\/td>\n<td width=\"104\">500 gr<\/td>\n<td width=\"64\">100X72<\/td>\n<\/tr>\n<tr>\n<td width=\"64\">MKP23<\/td>\n<td width=\"104\">500 gr.<\/td>\n<td width=\"64\">103X73<\/td>\n<\/tr>\n<tr>\n<td width=\"64\">MKP24<\/td>\n<td width=\"104\">500 gr<\/td>\n<td width=\"64\">105X60<\/td>\n<\/tr>\n<tr>\n<td width=\"64\">MKP25<\/td>\n<td width=\"104\">500 gr<\/td>\n<td width=\"64\">122X45<\/td>\n<\/tr>\n<tr>\n<td width=\"64\">MKP26<\/td>\n<td width=\"104\">500 gr<\/td>\n<td width=\"64\">96X72<\/td>\n<\/tr>\n<tr>\n<td width=\"64\">MKP27<\/td>\n<td width=\"104\">500 gr<\/td>\n<td width=\"64\">110X55<\/td>\n<\/tr>\n<tr>\n<td width=\"64\">MKP28<\/td>\n<td width=\"104\">500 gr<\/td>\n<td width=\"64\">120X50<\/td>\n<\/tr>\n<tr>\n<td width=\"64\">MKP29<\/td>\n<td width=\"104\">500 gr<\/td>\n<td width=\"64\">125X45<\/td>\n<\/tr>\n<tr>\n<td width=\"64\">MKP30<\/td>\n<td width=\"104\">500 gr<\/td>\n<td width=\"64\">130X45<\/td>\n<\/tr>\n<tr>\n<td width=\"64\">MKP31<\/td>\n<td width=\"104\">500 gr<\/td>\n<td width=\"64\">108X55<\/td>\n<\/tr>\n<tr>\n<td width=\"64\">MKP32<\/td>\n<td width=\"104\">500 gr<\/td>\n<td width=\"64\">109X55<\/td>\n<\/tr>\n<tr>\n<td width=\"64\">MKP33<\/td>\n<td width=\"104\">500 gr<\/td>\n<td width=\"64\">133X45<\/td>\n<\/tr>\n<tr>\n<td width=\"64\">MKP34<\/td>\n<td width=\"104\">500 gr<\/td>\n<td width=\"64\">135X37<\/td>\n<\/tr>\n<tr>\n<td width=\"64\">MKP35<\/td>\n<td width=\"104\">500 gr<\/td>\n<td width=\"64\">96X60<\/td>\n<\/tr>\n<tr>\n<td width=\"64\">MKP36<\/td>\n<td width=\"104\">500 gr<\/td>\n<td width=\"64\">105X72<\/td>\n<\/tr>\n<tr>\n<td width=\"64\">MKP37<\/td>\n<td width=\"104\">500 gr<\/td>\n<td width=\"64\">92X75<\/td>\n<\/tr>\n<tr>\n<td width=\"64\">MKP38<\/td>\n<td width=\"104\">500 gr.<\/td>\n<td width=\"64\">108X50<\/td>\n<\/tr>\n<tr>\n<td width=\"64\">MKP39<\/td>\n<td width=\"104\">500 gr<\/td>\n<td width=\"64\">109X50<\/td>\n<\/tr>\n<tr>\n<td width=\"64\">MKP40<\/td>\n<td width=\"104\">500 gr<\/td>\n<td width=\"64\">110X50<\/td>\n<\/tr>\n<tr>\n<td width=\"64\">MKP41<\/td>\n<td width=\"104\">500 gr<\/td>\n<td width=\"64\">114X50<\/td>\n<\/tr>\n<tr>\n<td width=\"64\">MKP42<\/td>\n<td width=\"104\">500 gr<\/td>\n<td width=\"64\">111X55<\/td>\n<\/tr>\n<tr>\n<td width=\"64\">MKP43<\/td>\n<td width=\"104\">500 gr<\/td>\n<td width=\"64\">102X72<\/td>\n<\/tr>\n<tr>\n<td width=\"64\">MKP44<\/td>\n<td width=\"104\">500 gr<\/td>\n<td width=\"64\">105X65<\/td>\n<\/tr>\n<tr>\n<td width=\"64\">MKP45<\/td>\n<td width=\"104\">500 gr<\/td>\n<td width=\"64\">102X65<\/td>\n<\/tr>\n<tr>\n<td width=\"64\">MKP46<\/td>\n<td width=\"104\">500 gr<\/td>\n<td width=\"64\">135X45<\/td>\n<\/tr>\n<tr>\n<td width=\"64\">MKP47<\/td>\n<td width=\"104\">500 gr<\/td>\n<td width=\"64\">97X70<\/td>\n<\/tr>\n<tr>\n<td width=\"64\">MKP48<\/td>\n<td width=\"104\">500 gr<\/td>\n<td width=\"64\">118X48<\/td>\n<\/tr>\n<\/tbody>\n<\/table>\n<p>[\/vc_column_text][\/vc_tta_section][vc_tta_section title=&#8221;Resim&#8221; tab_id=&#8221;resim&#8221;][vc_single_image image=&#8221;2618&#8243; onclick=&#8221;link_image&#8221;][\/vc_tta_section][\/vc_tta_tabs][\/vc_column][\/vc_row]<\/p>\n<\/section>","protected":false},"excerpt":{"rendered":"<p>[vc_row][vc_column][\/vc_column][\/vc_row][vc_row][vc_column][\/vc_column][\/vc_row][vc_row][vc_column][\/vc_column][\/vc_row][vc_row][vc_column][\/vc_column][\/vc_row][vc_row][vc_column][\/vc_column][\/vc_row][vc_row][vc_column][\/vc_column][\/vc_row][vc_row][vc_column][vc_column_text][\/vc_column_text][\/vc_column][\/vc_row][vc_row][vc_column][vc_tta_tabs][vc_tta_section title=&#8221;Tablo&#8221; tab_id=&#8221;tablo&#8221;][vc_column_text] KOD GRAMAJ EBAT MKP19 500 gr 90X75 MKP20 500 gr 100X60 MKP21 500 gr 100X55 MKP22 500 gr 100X72 MKP23 500 gr. 103X73 MKP24 500 gr 105X60 MKP25 500 gr 122X45 MKP26 500 gr 96X72 MKP27 500 gr 110X55 MKP28 500 gr 120X50 MKP29 500 gr 125X45 MKP30 500 gr 130X45 MKP31 [&hellip;]<\/p>\n","protected":false},"author":2,"featured_media":0,"parent":514,"menu_order":0,"comment_status":"closed","ping_status":"closed","template":"page-templates\/template-canvas.php","meta":{"footnotes":""},"class_list":["post-2607","page","type-page","status-publish","hentry"],"_links":{"self":[{"href":"https:\/\/nesilplastik.com.tr\/tr\/wp-json\/wp\/v2\/pages\/2607","targetHints":{"allow":["GET"]}}],"collection":[{"href":"https:\/\/nesilplastik.com.tr\/tr\/wp-json\/wp\/v2\/pages"}],"about":[{"href":"https:\/\/nesilplastik.com.tr\/tr\/wp-json\/wp\/v2\/types\/page"}],"author":[{"embeddable":true,"href":"https:\/\/nesilplastik.com.tr\/tr\/wp-json\/wp\/v2\/users\/2"}],"replies":[{"embeddable":true,"href":"https:\/\/nesilplastik.com.tr\/tr\/wp-json\/wp\/v2\/comments?post=2607"}],"version-history":[{"count":0,"href":"https:\/\/nesilplastik.com.tr\/tr\/wp-json\/wp\/v2\/pages\/2607\/revisions"}],"up":[{"embeddable":true,"href":"https:\/\/nesilplastik.com.tr\/tr\/wp-json\/wp\/v2\/pages\/514"}],"wp:attachment":[{"href":"https:\/\/nesilplastik.com.tr\/tr\/wp-json\/wp\/v2\/media?parent=2607"}],"curies":[{"name":"wp","href":"https:\/\/api.w.org\/{rel}","templated":true}]}}