
{"id":2601,"date":"2017-05-23T17:48:13","date_gmt":"2017-05-23T14:48:13","guid":{"rendered":"http:\/\/nesilplastik.com.tr\/tr\/?page_id=2601"},"modified":"2021-06-15T10:56:36","modified_gmt":"2021-06-15T07:56:36","slug":"350-400-gr-gram-piknik-tip-peynir-kaliplari-hava-bosluklu","status":"publish","type":"page","link":"https:\/\/nesilplastik.com.tr\/tr\/piknik-tip-kaliplar\/350-400-gr-gram-piknik-tip-peynir-kaliplari-hava-bosluklu\/","title":{"rendered":"Piknik Tip Peynir Kal\u0131plar\u0131 (350-400gr) Hava Bo\u015fluklu"},"content":{"rendered":"<section class=\"wpb-content-wrapper\"><p>[vc_row][vc_column][\/vc_column][\/vc_row][vc_row][vc_column][\/vc_column][\/vc_row][vc_row][vc_column][\/vc_column][\/vc_row][vc_row][vc_column][\/vc_column][\/vc_row][vc_row][vc_column][\/vc_column][\/vc_row][vc_row][vc_column][\/vc_column][\/vc_row][vc_row][vc_column][vc_column_text]<img loading=\"lazy\" decoding=\"async\" class=\"alignnone size-full wp-image-2598\" src=\"http:\/\/nesilplastik.com.tr\/tr\/wp-content\/uploads\/2017\/05\/125-250gr-cheese-mold.png\" alt=\"\" width=\"1024\" height=\"500\" srcset=\"https:\/\/nesilplastik.com.tr\/tr\/wp-content\/uploads\/2017\/05\/125-250gr-cheese-mold.png 1024w, https:\/\/nesilplastik.com.tr\/tr\/wp-content\/uploads\/2017\/05\/125-250gr-cheese-mold-768x375.png 768w\" sizes=\"auto, (max-width: 1024px) 100vw, 1024px\" \/>[\/vc_column_text][\/vc_column][\/vc_row][vc_row][vc_column][vc_tta_tabs][vc_tta_section title=&#8221;Tablo&#8221; tab_id=&#8221;tablo&#8221;][vc_column_text]<\/p>\n<table width=\"263\">\n<tbody>\n<tr>\n<td width=\"84\"><strong><span style=\"color: #ff0000;\">KOD<\/span><\/strong><\/td>\n<td width=\"111\"><strong><span style=\"color: #ff0000;\">GRAMAJ<\/span><\/strong><\/td>\n<td width=\"68\"><strong><span style=\"color: #ff0000;\">EBAT<\/span><\/strong><\/td>\n<\/tr>\n<tr>\n<td width=\"84\">MKP12<\/td>\n<td width=\"111\">350 gr<\/td>\n<td width=\"68\">100X42<\/td>\n<\/tr>\n<tr>\n<td width=\"84\">MKP13<\/td>\n<td width=\"111\">400 gr<\/td>\n<td width=\"68\">100X60<\/td>\n<\/tr>\n<tr>\n<td width=\"84\">MKP14<\/td>\n<td width=\"111\">400 gr<\/td>\n<td width=\"68\">90X70<\/td>\n<\/tr>\n<tr>\n<td width=\"84\">MKP15<\/td>\n<td width=\"111\">400 gr<\/td>\n<td width=\"68\">95X60<\/td>\n<\/tr>\n<tr>\n<td width=\"84\">MKP16<\/td>\n<td width=\"111\">400 gr.<\/td>\n<td width=\"68\">90X55<\/td>\n<\/tr>\n<tr>\n<td width=\"84\">MKP17<\/td>\n<td width=\"111\">400 gr<\/td>\n<td width=\"68\">92X55<\/td>\n<\/tr>\n<tr>\n<td width=\"84\">MKP18<\/td>\n<td width=\"111\">400 gr.<\/td>\n<td width=\"68\">102X50<\/td>\n<\/tr>\n<\/tbody>\n<\/table>\n<p>[\/vc_column_text][\/vc_tta_section][vc_tta_section title=&#8221;Resim&#8221; tab_id=&#8221;resim&#8221;][vc_single_image image=&#8221;2604&#8243; onclick=&#8221;link_image&#8221;][\/vc_tta_section][\/vc_tta_tabs][\/vc_column][\/vc_row]<\/p>\n<\/section>","protected":false},"excerpt":{"rendered":"<p>[vc_row][vc_column][\/vc_column][\/vc_row][vc_row][vc_column][\/vc_column][\/vc_row][vc_row][vc_column][\/vc_column][\/vc_row][vc_row][vc_column][\/vc_column][\/vc_row][vc_row][vc_column][\/vc_column][\/vc_row][vc_row][vc_column][\/vc_column][\/vc_row][vc_row][vc_column][vc_column_text][\/vc_column_text][\/vc_column][\/vc_row][vc_row][vc_column][vc_tta_tabs][vc_tta_section title=&#8221;Tablo&#8221; tab_id=&#8221;tablo&#8221;][vc_column_text] KOD GRAMAJ EBAT MKP12 350 gr 100X42 MKP13 400 gr 100X60 MKP14 400 gr 90X70 MKP15 400 gr 95X60 MKP16 400 gr. 90X55 MKP17 400 gr 92X55 MKP18 400 gr. 102X50 [\/vc_column_text][\/vc_tta_section][vc_tta_section title=&#8221;Resim&#8221; tab_id=&#8221;resim&#8221;][vc_single_image image=&#8221;2604&#8243; onclick=&#8221;link_image&#8221;][\/vc_tta_section][\/vc_tta_tabs][\/vc_column][\/vc_row]<\/p>\n","protected":false},"author":2,"featured_media":0,"parent":514,"menu_order":0,"comment_status":"closed","ping_status":"closed","template":"page-templates\/template-canvas.php","meta":{"footnotes":""},"class_list":["post-2601","page","type-page","status-publish","hentry"],"_links":{"self":[{"href":"https:\/\/nesilplastik.com.tr\/tr\/wp-json\/wp\/v2\/pages\/2601","targetHints":{"allow":["GET"]}}],"collection":[{"href":"https:\/\/nesilplastik.com.tr\/tr\/wp-json\/wp\/v2\/pages"}],"about":[{"href":"https:\/\/nesilplastik.com.tr\/tr\/wp-json\/wp\/v2\/types\/page"}],"author":[{"embeddable":true,"href":"https:\/\/nesilplastik.com.tr\/tr\/wp-json\/wp\/v2\/users\/2"}],"replies":[{"embeddable":true,"href":"https:\/\/nesilplastik.com.tr\/tr\/wp-json\/wp\/v2\/comments?post=2601"}],"version-history":[{"count":0,"href":"https:\/\/nesilplastik.com.tr\/tr\/wp-json\/wp\/v2\/pages\/2601\/revisions"}],"up":[{"embeddable":true,"href":"https:\/\/nesilplastik.com.tr\/tr\/wp-json\/wp\/v2\/pages\/514"}],"wp:attachment":[{"href":"https:\/\/nesilplastik.com.tr\/tr\/wp-json\/wp\/v2\/media?parent=2601"}],"curies":[{"name":"wp","href":"https:\/\/api.w.org\/{rel}","templated":true}]}}