
{"id":2577,"date":"2017-05-22T17:59:29","date_gmt":"2017-05-22T14:59:29","guid":{"rendered":"http:\/\/nesilplastik.com.tr\/tr\/?page_id=2577"},"modified":"2021-06-15T10:56:24","modified_gmt":"2021-06-15T07:56:24","slug":"250-gr-piknik-tip-peynir-kaliplari-hava-bosluklu","status":"publish","type":"page","link":"https:\/\/nesilplastik.com.tr\/tr\/piknik-tip-kaliplar\/250-gr-piknik-tip-peynir-kaliplari-hava-bosluklu\/","title":{"rendered":"Piknik Tip Peynir Kal\u0131plar\u0131 (250gr) Hava Bo\u015fluklu"},"content":{"rendered":"<section class=\"wpb-content-wrapper\"><p>[vc_row][vc_column][\/vc_column][\/vc_row][vc_row][vc_column][\/vc_column][\/vc_row][vc_row][vc_column][\/vc_column][\/vc_row][vc_row][vc_column][\/vc_column][\/vc_row][vc_row][vc_column][\/vc_column][\/vc_row][vc_row][vc_column][\/vc_column][\/vc_row][vc_row][vc_column][\/vc_column][\/vc_row][vc_row css=&#8221;.vc_custom_1495546874377{background-color: rgba(255,255,255,0.01) !important;*background-color: rgb(255,255,255) !important;}&#8221;][vc_column][vc_column_text]<img loading=\"lazy\" decoding=\"async\" class=\"alignnone size-full wp-image-2598\" src=\"http:\/\/nesilplastik.com.tr\/tr\/wp-content\/uploads\/2017\/05\/125-250gr-cheese-mold.png\" alt=\"\" width=\"1024\" height=\"500\" srcset=\"https:\/\/nesilplastik.com.tr\/tr\/wp-content\/uploads\/2017\/05\/125-250gr-cheese-mold.png 1024w, https:\/\/nesilplastik.com.tr\/tr\/wp-content\/uploads\/2017\/05\/125-250gr-cheese-mold-768x375.png 768w\" sizes=\"auto, (max-width: 1024px) 100vw, 1024px\" \/>[\/vc_column_text][\/vc_column][\/vc_row][vc_row][vc_column][vc_tta_tabs][vc_tta_section title=&#8221;Tablo&#8221; tab_id=&#8221;tablo&#8221;][vc_column_text]<\/p>\n<table width=\"263\">\n<tbody>\n<tr>\n<td width=\"84\"><strong><span style=\"color: #ff0000;\">KOD<\/span><\/strong><\/td>\n<td width=\"111\"><strong><span style=\"color: #ff0000;\">GRAMAJ<\/span><\/strong><\/td>\n<td width=\"68\"><strong><span style=\"color: #ff0000;\">EBAT<\/span><\/strong><\/td>\n<\/tr>\n<tr>\n<td width=\"84\">MKP01<\/td>\n<td width=\"111\">250 gr.<\/td>\n<td width=\"68\">80X55<\/td>\n<\/tr>\n<tr>\n<td width=\"84\">MKP02<\/td>\n<td width=\"111\">250 gr.<\/td>\n<td width=\"68\">105X35<\/td>\n<\/tr>\n<tr>\n<td width=\"84\">MKP03<\/td>\n<td width=\"111\">250 gr.<\/td>\n<td width=\"68\">100X35<\/td>\n<\/tr>\n<tr>\n<td width=\"84\">MKP04<\/td>\n<td width=\"111\">250 gr<\/td>\n<td width=\"68\">111X30<\/td>\n<\/tr>\n<tr>\n<td width=\"84\">MKP05<\/td>\n<td width=\"111\">250 gr<\/td>\n<td width=\"68\">108X30<\/td>\n<\/tr>\n<tr>\n<td width=\"84\">MKP06<\/td>\n<td width=\"111\">250 gr<\/td>\n<td width=\"68\">100X35<\/td>\n<\/tr>\n<tr>\n<td width=\"84\">MKP07<\/td>\n<td width=\"111\">250 gr.<\/td>\n<td width=\"68\">100X40<\/td>\n<\/tr>\n<tr>\n<td width=\"84\">MKP08<\/td>\n<td width=\"111\">250 gr<\/td>\n<td width=\"68\">82X49<\/td>\n<\/tr>\n<tr>\n<td width=\"84\">MKP09<\/td>\n<td width=\"111\">250 gr.<\/td>\n<td width=\"68\">97X60<\/td>\n<\/tr>\n<tr>\n<td width=\"84\">MKP10<\/td>\n<td width=\"111\">250 gr<\/td>\n<td width=\"68\">78X50<\/td>\n<\/tr>\n<tr>\n<td width=\"84\">MKP11<\/td>\n<td width=\"111\">250 gr.<\/td>\n<td width=\"68\">80X50<\/td>\n<\/tr>\n<\/tbody>\n<\/table>\n<p>[\/vc_column_text][\/vc_tta_section][vc_tta_section title=&#8221;Resim&#8221; tab_id=&#8221;resim&#8221;][vc_single_image image=&#8221;2588&#8243; onclick=&#8221;link_image&#8221;][\/vc_tta_section][\/vc_tta_tabs][\/vc_column][\/vc_row]<\/p>\n<\/section>","protected":false},"excerpt":{"rendered":"<p>[vc_row][vc_column][\/vc_column][\/vc_row][vc_row][vc_column][\/vc_column][\/vc_row][vc_row][vc_column][\/vc_column][\/vc_row][vc_row][vc_column][\/vc_column][\/vc_row][vc_row][vc_column][\/vc_column][\/vc_row][vc_row][vc_column][\/vc_column][\/vc_row][vc_row][vc_column][\/vc_column][\/vc_row][vc_row css=&#8221;.vc_custom_1495546874377{background-color: rgba(255,255,255,0.01) !important;*background-color: rgb(255,255,255) !important;}&#8221;][vc_column][vc_column_text][\/vc_column_text][\/vc_column][\/vc_row][vc_row][vc_column][vc_tta_tabs][vc_tta_section title=&#8221;Tablo&#8221; tab_id=&#8221;tablo&#8221;][vc_column_text] KOD GRAMAJ EBAT MKP01 250 gr. 80X55 MKP02 250 gr. 105X35 MKP03 250 gr. 100X35 MKP04 250 gr 111X30 MKP05 250 gr 108X30 MKP06 250 gr 100X35 MKP07 250 gr. 100X40 MKP08 250 gr 82X49 MKP09 250 gr. 97X60 MKP10 250 gr 78X50 MKP11 250 gr. 80X50 [&hellip;]<\/p>\n","protected":false},"author":2,"featured_media":0,"parent":514,"menu_order":0,"comment_status":"closed","ping_status":"closed","template":"page-templates\/template-canvas.php","meta":{"footnotes":""},"class_list":["post-2577","page","type-page","status-publish","hentry"],"_links":{"self":[{"href":"https:\/\/nesilplastik.com.tr\/tr\/wp-json\/wp\/v2\/pages\/2577","targetHints":{"allow":["GET"]}}],"collection":[{"href":"https:\/\/nesilplastik.com.tr\/tr\/wp-json\/wp\/v2\/pages"}],"about":[{"href":"https:\/\/nesilplastik.com.tr\/tr\/wp-json\/wp\/v2\/types\/page"}],"author":[{"embeddable":true,"href":"https:\/\/nesilplastik.com.tr\/tr\/wp-json\/wp\/v2\/users\/2"}],"replies":[{"embeddable":true,"href":"https:\/\/nesilplastik.com.tr\/tr\/wp-json\/wp\/v2\/comments?post=2577"}],"version-history":[{"count":0,"href":"https:\/\/nesilplastik.com.tr\/tr\/wp-json\/wp\/v2\/pages\/2577\/revisions"}],"up":[{"embeddable":true,"href":"https:\/\/nesilplastik.com.tr\/tr\/wp-json\/wp\/v2\/pages\/514"}],"wp:attachment":[{"href":"https:\/\/nesilplastik.com.tr\/tr\/wp-json\/wp\/v2\/media?parent=2577"}],"curies":[{"name":"wp","href":"https:\/\/api.w.org\/{rel}","templated":true}]}}