
{"id":2363,"date":"2017-04-25T16:10:04","date_gmt":"2017-04-25T13:10:04","guid":{"rendered":"http:\/\/www.turkiyetest.com\/nesilplastik\/?page_id=2363"},"modified":"2021-03-24T09:05:54","modified_gmt":"2021-03-24T06:05:54","slug":"makine","status":"publish","type":"page","link":"https:\/\/nesilplastik.com.tr\/tr\/makine\/","title":{"rendered":"MAK\u0130NE"},"content":{"rendered":"<section class=\"wpb-content-wrapper\"><p>[vc_row][vc_column][\/vc_column][\/vc_row][vc_row][vc_column][\/vc_column][\/vc_row][vc_row][vc_column][\/vc_column][\/vc_row][vc_row][vc_column][\/vc_column][\/vc_row][vc_row][vc_column][\/vc_column][\/vc_row][vc_row][vc_column][\/vc_column][\/vc_row][vc_row][vc_column width=&#8221;1\/2&#8243;][vc_column_text]<img loading=\"lazy\" decoding=\"async\" class=\"alignnone size-full wp-image-2029\" src=\"https:\/\/nesilplastik.com.tr\/tr\/wp-content\/uploads\/2014\/11\/machine_design_and_producing_2-1.png\" alt=\"\" width=\"647\" height=\"470\" srcset=\"https:\/\/nesilplastik.com.tr\/tr\/wp-content\/uploads\/2014\/11\/machine_design_and_producing_2-1.png 647w, https:\/\/nesilplastik.com.tr\/tr\/wp-content\/uploads\/2014\/11\/machine_design_and_producing_2-1-768x557.png 768w\" sizes=\"auto, (max-width: 647px) 100vw, 647px\" \/>[\/vc_column_text][\/vc_column][vc_column width=&#8221;1\/2&#8243;][vc_column_text]<\/p>\n<p align=\"justify\"><span class=\"rsltpdm mtlist\">Nesil Plastik, peynir kesme ve kal\u0131plama makinelerinin \u00f6zel \u00fcreticisi. Kullan\u0131lan malzemeler aras\u0131nda paslanmaz \u00e7elik, plastik ve kau\u00e7uk bulunur. \u00c7e\u015fitli \u00fcr\u00fcnler aras\u0131nda paspas kay\u0131\u015flar\u0131, tanklar, presler, kesiciler, ocaklar, konvey\u00f6rler, doldurucular ve otomatik tuzlu su sistemleri bulunur. \u00d6zellikler aras\u0131nda pn\u00f6matik, hidrolik veya elektrikle \u00e7al\u0131\u015fan yer al\u0131r. Yetenekler aras\u0131nda tasar\u0131m, hat d\u00fczeni, kurulum, saha hizmetleri, yenileme ve test yer al\u0131r.<\/span><\/p>\n<p>[\/vc_column_text][\/vc_column][\/vc_row]<\/p>\n<\/section>","protected":false},"excerpt":{"rendered":"<p>[vc_row][vc_column][\/vc_column][\/vc_row][vc_row][vc_column][\/vc_column][\/vc_row][vc_row][vc_column][\/vc_column][\/vc_row][vc_row][vc_column][\/vc_column][\/vc_row][vc_row][vc_column][\/vc_column][\/vc_row][vc_row][vc_column][\/vc_column][\/vc_row][vc_row][vc_column width=&#8221;1\/2&#8243;][vc_column_text][\/vc_column_text][\/vc_column][vc_column width=&#8221;1\/2&#8243;][vc_column_text] Nesil Plastik, peynir kesme ve kal\u0131plama makinelerinin \u00f6zel \u00fcreticisi. Kullan\u0131lan malzemeler aras\u0131nda paslanmaz \u00e7elik, plastik ve kau\u00e7uk bulunur. \u00c7e\u015fitli \u00fcr\u00fcnler aras\u0131nda paspas kay\u0131\u015flar\u0131, tanklar, presler, kesiciler, ocaklar, konvey\u00f6rler, doldurucular ve otomatik tuzlu su sistemleri bulunur. \u00d6zellikler aras\u0131nda pn\u00f6matik, hidrolik veya elektrikle \u00e7al\u0131\u015fan yer al\u0131r. Yetenekler aras\u0131nda tasar\u0131m, hat d\u00fczeni, kurulum, saha hizmetleri, [&hellip;]<\/p>\n","protected":false},"author":2,"featured_media":0,"parent":0,"menu_order":0,"comment_status":"closed","ping_status":"closed","template":"page-templates\/template-canvas.php","meta":{"footnotes":""},"class_list":["post-2363","page","type-page","status-publish","hentry"],"_links":{"self":[{"href":"https:\/\/nesilplastik.com.tr\/tr\/wp-json\/wp\/v2\/pages\/2363","targetHints":{"allow":["GET"]}}],"collection":[{"href":"https:\/\/nesilplastik.com.tr\/tr\/wp-json\/wp\/v2\/pages"}],"about":[{"href":"https:\/\/nesilplastik.com.tr\/tr\/wp-json\/wp\/v2\/types\/page"}],"author":[{"embeddable":true,"href":"https:\/\/nesilplastik.com.tr\/tr\/wp-json\/wp\/v2\/users\/2"}],"replies":[{"embeddable":true,"href":"https:\/\/nesilplastik.com.tr\/tr\/wp-json\/wp\/v2\/comments?post=2363"}],"version-history":[{"count":0,"href":"https:\/\/nesilplastik.com.tr\/tr\/wp-json\/wp\/v2\/pages\/2363\/revisions"}],"wp:attachment":[{"href":"https:\/\/nesilplastik.com.tr\/tr\/wp-json\/wp\/v2\/media?parent=2363"}],"curies":[{"name":"wp","href":"https:\/\/api.w.org\/{rel}","templated":true}]}}