
{"id":2345,"date":"2017-04-25T15:32:17","date_gmt":"2017-04-25T12:32:17","guid":{"rendered":"http:\/\/www.turkiyetest.com\/nesilplastik\/?page_id=2345"},"modified":"2017-07-10T18:13:33","modified_gmt":"2017-07-10T15:13:33","slug":"nesil-plastik-tasarim-hizmetleri","status":"publish","type":"page","link":"https:\/\/nesilplastik.com.tr\/tr\/nesil-plastik-tasarim-hizmetleri\/","title":{"rendered":"TASARIM H\u0130ZMETLER\u0130"},"content":{"rendered":"<section class=\"wpb-content-wrapper\"><p>[vc_row][vc_column][\/vc_column][\/vc_row][vc_row][vc_column][\/vc_column][\/vc_row][vc_row][vc_column][\/vc_column][\/vc_row][vc_row][vc_column][\/vc_column][\/vc_row][vc_row][vc_column][\/vc_column][\/vc_row][vc_row][vc_column][\/vc_column][\/vc_row][vc_row][vc_column width=&#8221;1\/2&#8243;][vc_column_text]<img loading=\"lazy\" decoding=\"async\" class=\"alignnone size-full wp-image-2375\" src=\"http:\/\/nesilplastik.com.tr\/tr\/wp-content\/uploads\/2017\/04\/designing_cheese_mold-1-1.jpg\" alt=\"\" width=\"400\" height=\"477\" \/>[\/vc_column_text][\/vc_column][vc_column width=&#8221;1\/2&#8243;][vc_column_text]<\/p>\n<p align=\"justify\"><strong>PEYN\u0130R KALIBI TASARIMI<\/strong><\/p>\n<p align=\"justify\">Nesil Plastik ba\u015fta yumu\u015fak ve sert &#8211; yar\u0131 sert peynir kal\u0131plar\u0131n\u0131n, piknik tip peynir kal\u0131plar\u0131n\u0131n, blok kal\u0131plar\u0131n, \u00f6zel tip kal\u0131plar\u0131n ve peynir \u00fcretimi i\u00e7in gereken aksesuarlar\u0131n (has\u0131rlar, tepsiler, vatsalar, vb.) Tasar\u0131m\u0131 ve imalat\u0131nda uzmanla\u015fm\u0131\u015f, g\u00fc\u00e7l\u00fc bir ekipten olu\u015fan bir firmad\u0131r.<br \/>\nNesil Plastik olarak bizler, peynir \u00fcreticisi m\u00fc\u015fterilerine d\u00fcnya \u00e7ap\u0131nda hizmet vermekteyiz. Sizlere, \u00e7ok farkl\u0131 \u00e7\u00f6z\u00fcmler \u00fcretti\u011fimiz, \u00fcr\u00fcn yelpazemizi kontrol edin ve daha fazla bilgi i\u00e7in bizimle ileti\u015fime ge\u00e7in.<\/p>\n<p>[\/vc_column_text][\/vc_column][\/vc_row]<\/p>\n<\/section>","protected":false},"excerpt":{"rendered":"<p>[vc_row][vc_column][\/vc_column][\/vc_row][vc_row][vc_column][\/vc_column][\/vc_row][vc_row][vc_column][\/vc_column][\/vc_row][vc_row][vc_column][\/vc_column][\/vc_row][vc_row][vc_column][\/vc_column][\/vc_row][vc_row][vc_column][\/vc_column][\/vc_row][vc_row][vc_column width=&#8221;1\/2&#8243;][vc_column_text][\/vc_column_text][\/vc_column][vc_column width=&#8221;1\/2&#8243;][vc_column_text] PEYN\u0130R KALIBI TASARIMI Nesil Plastik ba\u015fta yumu\u015fak ve sert &#8211; yar\u0131 sert peynir kal\u0131plar\u0131n\u0131n, piknik tip peynir kal\u0131plar\u0131n\u0131n, blok kal\u0131plar\u0131n, \u00f6zel tip kal\u0131plar\u0131n ve peynir \u00fcretimi i\u00e7in gereken aksesuarlar\u0131n (has\u0131rlar, tepsiler, vatsalar, vb.) Tasar\u0131m\u0131 ve imalat\u0131nda uzmanla\u015fm\u0131\u015f, g\u00fc\u00e7l\u00fc bir ekipten olu\u015fan bir firmad\u0131r. Nesil Plastik olarak bizler, peynir \u00fcreticisi m\u00fc\u015fterilerine d\u00fcnya \u00e7ap\u0131nda [&hellip;]<\/p>\n","protected":false},"author":2,"featured_media":0,"parent":0,"menu_order":0,"comment_status":"closed","ping_status":"closed","template":"page-templates\/template-canvas.php","meta":{"footnotes":""},"class_list":["post-2345","page","type-page","status-publish","hentry"],"_links":{"self":[{"href":"https:\/\/nesilplastik.com.tr\/tr\/wp-json\/wp\/v2\/pages\/2345","targetHints":{"allow":["GET"]}}],"collection":[{"href":"https:\/\/nesilplastik.com.tr\/tr\/wp-json\/wp\/v2\/pages"}],"about":[{"href":"https:\/\/nesilplastik.com.tr\/tr\/wp-json\/wp\/v2\/types\/page"}],"author":[{"embeddable":true,"href":"https:\/\/nesilplastik.com.tr\/tr\/wp-json\/wp\/v2\/users\/2"}],"replies":[{"embeddable":true,"href":"https:\/\/nesilplastik.com.tr\/tr\/wp-json\/wp\/v2\/comments?post=2345"}],"version-history":[{"count":0,"href":"https:\/\/nesilplastik.com.tr\/tr\/wp-json\/wp\/v2\/pages\/2345\/revisions"}],"wp:attachment":[{"href":"https:\/\/nesilplastik.com.tr\/tr\/wp-json\/wp\/v2\/media?parent=2345"}],"curies":[{"name":"wp","href":"https:\/\/api.w.org\/{rel}","templated":true}]}}