
{"id":2329,"date":"2017-04-25T15:03:33","date_gmt":"2017-04-25T12:03:33","guid":{"rendered":"http:\/\/www.turkiyetest.com\/nesilplastik\/?page_id=2329"},"modified":"2021-05-27T15:54:01","modified_gmt":"2021-05-27T12:54:01","slug":"aparatlar","status":"publish","type":"page","link":"https:\/\/nesilplastik.com.tr\/tr\/aparatlar\/","title":{"rendered":"Aparatlar"},"content":{"rendered":"<section class=\"wpb-content-wrapper\"><p>[vc_row][vc_column][\/vc_column][\/vc_row][vc_row][vc_column][\/vc_column][\/vc_row][vc_row][vc_column][\/vc_column][\/vc_row][vc_row][vc_column][\/vc_column][\/vc_row][vc_row][vc_column][\/vc_column][\/vc_row][vc_row][vc_column][\/vc_column][\/vc_row][vc_row][vc_column width=&#8221;1\/2&#8243;][vc_column_text]<img loading=\"lazy\" decoding=\"async\" class=\"alignnone size-full wp-image-2332\" src=\"http:\/\/nesilplastik.com.tr\/tr\/wp-content\/uploads\/2017\/04\/cheese_mold_apparatus_nesil_plastic-1.jpg\" alt=\"\" width=\"480\" height=\"270\" srcset=\"https:\/\/nesilplastik.com.tr\/tr\/wp-content\/uploads\/2017\/04\/cheese_mold_apparatus_nesil_plastic-1.jpg 480w, https:\/\/nesilplastik.com.tr\/tr\/wp-content\/uploads\/2017\/04\/cheese_mold_apparatus_nesil_plastic-1-768x432.jpg 768w\" sizes=\"auto, (max-width: 480px) 100vw, 480px\" \/>[\/vc_column_text][\/vc_column][vc_column width=&#8221;1\/2&#8243;][\/vc_column][\/vc_row][vc_row][vc_column width=&#8221;1\/4&#8243;][vc_column_text]<img loading=\"lazy\" decoding=\"async\" class=\"alignnone wp-image-2338\" src=\"http:\/\/www.nesilplastik.com.tr\/tr\/wp-content\/uploads\/2017\/04\/cheese_stacked_mold_trolleyi.png\" alt=\"\" width=\"180\" height=\"180\" \/><\/p>\n<p>Peynir Kal\u0131p Ta\u015f\u0131ma Arabas\u0131[\/vc_column_text][\/vc_column][vc_column width=&#8221;1\/4&#8243;][vc_column_text]<img loading=\"lazy\" decoding=\"async\" class=\"alignnone wp-image-2341\" src=\"http:\/\/www.nesilplastik.com.tr\/tr\/wp-content\/uploads\/2017\/04\/cheese_mold_trolley.png\" alt=\"\" width=\"180\" height=\"180\" \/><\/p>\n<p>Peynir Kal\u0131p Ta\u015f\u0131y\u0131c\u0131[\/vc_column_text][\/vc_column][vc_column width=&#8221;1\/4&#8243;][vc_column_text]<img loading=\"lazy\" decoding=\"async\" class=\"alignnone wp-image-2342\" src=\"http:\/\/www.nesilplastik.com.tr\/tr\/wp-content\/uploads\/2017\/04\/cheese_mold_trolley_spring.png\" alt=\"\" width=\"180\" height=\"180\" \/><\/p>\n<p>Peynir Kal\u0131p Araba Yay\u0131[\/vc_column_text][\/vc_column][vc_column width=&#8221;1\/4&#8243;][vc_column_text]<img loading=\"lazy\" decoding=\"async\" class=\"alignnone wp-image-3653\" src=\"https:\/\/nesilplastik.com.tr\/tr\/wp-content\/uploads\/2021\/02\/Dolum-Kilavuzu-1.png\" alt=\"\" width=\"297\" height=\"180\" srcset=\"https:\/\/nesilplastik.com.tr\/tr\/wp-content\/uploads\/2021\/02\/Dolum-Kilavuzu-1.png 495w, https:\/\/nesilplastik.com.tr\/tr\/wp-content\/uploads\/2021\/02\/Dolum-Kilavuzu-1-768x465.png 768w\" sizes=\"auto, (max-width: 297px) 100vw, 297px\" \/><\/p>\n<p>Peynir Dolum K\u0131lavuzu &#8211; Kollu Tip (Yuvarlak)[\/vc_column_text][\/vc_column][\/vc_row][vc_row][vc_column width=&#8221;1\/4&#8243;][vc_column_text]<img loading=\"lazy\" decoding=\"async\" class=\"alignnone wp-image-3654\" src=\"https:\/\/nesilplastik.com.tr\/tr\/wp-content\/uploads\/2021\/02\/Dolum-Kilavuzu-2.png\" alt=\"\" width=\"302\" height=\"180\" srcset=\"https:\/\/nesilplastik.com.tr\/tr\/wp-content\/uploads\/2021\/02\/Dolum-Kilavuzu-2.png 503w, https:\/\/nesilplastik.com.tr\/tr\/wp-content\/uploads\/2021\/02\/Dolum-Kilavuzu-2-768x458.png 768w\" sizes=\"auto, (max-width: 302px) 100vw, 302px\" \/><\/p>\n<p>Peynir Dolum K\u0131lavuzu &#8211; Kollu Tip (Kare)[\/vc_column_text][\/vc_column][vc_column width=&#8221;1\/4&#8243;][\/vc_column][vc_column width=&#8221;1\/4&#8243;][\/vc_column][vc_column width=&#8221;1\/4&#8243;][\/vc_column][\/vc_row]<\/p>\n<\/section>","protected":false},"excerpt":{"rendered":"<p>[vc_row][vc_column][\/vc_column][\/vc_row][vc_row][vc_column][\/vc_column][\/vc_row][vc_row][vc_column][\/vc_column][\/vc_row][vc_row][vc_column][\/vc_column][\/vc_row][vc_row][vc_column][\/vc_column][\/vc_row][vc_row][vc_column][\/vc_column][\/vc_row][vc_row][vc_column width=&#8221;1\/2&#8243;][vc_column_text][\/vc_column_text][\/vc_column][vc_column width=&#8221;1\/2&#8243;][\/vc_column][\/vc_row][vc_row][vc_column width=&#8221;1\/4&#8243;][vc_column_text] Peynir Kal\u0131p Ta\u015f\u0131ma Arabas\u0131[\/vc_column_text][\/vc_column][vc_column width=&#8221;1\/4&#8243;][vc_column_text] Peynir Kal\u0131p Ta\u015f\u0131y\u0131c\u0131[\/vc_column_text][\/vc_column][vc_column width=&#8221;1\/4&#8243;][vc_column_text] Peynir Kal\u0131p Araba Yay\u0131[\/vc_column_text][\/vc_column][vc_column width=&#8221;1\/4&#8243;][vc_column_text] Peynir Dolum K\u0131lavuzu &#8211; Kollu Tip (Yuvarlak)[\/vc_column_text][\/vc_column][\/vc_row][vc_row][vc_column width=&#8221;1\/4&#8243;][vc_column_text] Peynir Dolum K\u0131lavuzu &#8211; Kollu Tip (Kare)[\/vc_column_text][\/vc_column][vc_column width=&#8221;1\/4&#8243;][\/vc_column][vc_column width=&#8221;1\/4&#8243;][\/vc_column][vc_column width=&#8221;1\/4&#8243;][\/vc_column][\/vc_row]<\/p>\n","protected":false},"author":2,"featured_media":0,"parent":0,"menu_order":0,"comment_status":"closed","ping_status":"closed","template":"page-templates\/template-canvas.php","meta":{"footnotes":""},"class_list":["post-2329","page","type-page","status-publish","hentry"],"_links":{"self":[{"href":"https:\/\/nesilplastik.com.tr\/tr\/wp-json\/wp\/v2\/pages\/2329","targetHints":{"allow":["GET"]}}],"collection":[{"href":"https:\/\/nesilplastik.com.tr\/tr\/wp-json\/wp\/v2\/pages"}],"about":[{"href":"https:\/\/nesilplastik.com.tr\/tr\/wp-json\/wp\/v2\/types\/page"}],"author":[{"embeddable":true,"href":"https:\/\/nesilplastik.com.tr\/tr\/wp-json\/wp\/v2\/users\/2"}],"replies":[{"embeddable":true,"href":"https:\/\/nesilplastik.com.tr\/tr\/wp-json\/wp\/v2\/comments?post=2329"}],"version-history":[{"count":0,"href":"https:\/\/nesilplastik.com.tr\/tr\/wp-json\/wp\/v2\/pages\/2329\/revisions"}],"wp:attachment":[{"href":"https:\/\/nesilplastik.com.tr\/tr\/wp-json\/wp\/v2\/media?parent=2329"}],"curies":[{"name":"wp","href":"https:\/\/api.w.org\/{rel}","templated":true}]}}