
{"id":2263,"date":"2017-04-25T10:06:13","date_gmt":"2017-04-25T07:06:13","guid":{"rendered":"http:\/\/www.turkiyetest.com\/nesilplastik\/?page_id=2263"},"modified":"2022-05-30T10:09:50","modified_gmt":"2022-05-30T07:09:50","slug":"coklu-kaliplar","status":"publish","type":"page","link":"https:\/\/nesilplastik.com.tr\/tr\/coklu-kaliplar\/","title":{"rendered":"\u00c7oklu Kal\u0131plar"},"content":{"rendered":"<section class=\"wpb-content-wrapper\"><p>[vc_row][vc_column][\/vc_column][\/vc_row][vc_row][vc_column][\/vc_column][\/vc_row][vc_row][vc_column][\/vc_column][\/vc_row][vc_row][vc_column][\/vc_column][\/vc_row][vc_row][vc_column][\/vc_column][\/vc_row][vc_row][vc_column][\/vc_column][\/vc_row][vc_row][vc_column width=&#8221;1\/2&#8243;][vc_column_text]<img loading=\"lazy\" decoding=\"async\" class=\"alignnone size-full wp-image-2932\" src=\"https:\/\/nesilplastik.com.tr\/tr\/wp-content\/uploads\/2017\/06\/multiple_cheese_stack_White_Cheese_Stacking_Mold_with_Seperator.jpg\" alt=\"\" width=\"640\" height=\"320\" srcset=\"https:\/\/nesilplastik.com.tr\/tr\/wp-content\/uploads\/2017\/06\/multiple_cheese_stack_White_Cheese_Stacking_Mold_with_Seperator.jpg 640w, https:\/\/nesilplastik.com.tr\/tr\/wp-content\/uploads\/2017\/06\/multiple_cheese_stack_White_Cheese_Stacking_Mold_with_Seperator-768x384.jpg 768w\" sizes=\"auto, (max-width: 640px) 100vw, 640px\" \/><\/p>\n<h4><\/h4>\n<p>&nbsp;<\/p>\n<p>[\/vc_column_text][\/vc_column][vc_column width=&#8221;1\/2&#8243;][vc_column_text]\u00c7oklu Peynir Kal\u0131plar\u0131[\/vc_column_text][\/vc_column][\/vc_row][vc_row][vc_column][vc_column_text]<\/p>\n<h4><strong>Beyaz Peynir Modelleri<\/strong><\/h4>\n<p>[\/vc_column_text][\/vc_column][\/vc_row][vc_row][vc_column width=&#8221;1\/4&#8243;][vc_column_text]<a href=\"http:\/\/nesilplastik.com.tr\/tr\/coklu-kaliplar\/750-gr-coklu-olgunlastirma-ve-suzdurme-kasesi\/\" target=\"_blank\" rel=\"noopener noreferrer\"><img loading=\"lazy\" decoding=\"async\" class=\"alignnone wp-image-2268\" src=\"http:\/\/www.nesilplastik.com.tr\/tr\/wp-content\/uploads\/2017\/08\/multiple_agitator.png\" alt=\"\" width=\"180\" height=\"180\" \/><\/a><\/p>\n<p><a href=\"http:\/\/nesilplastik.com.tr\/tr\/coklu-kaliplar\/750-gr-coklu-olgunlastirma-ve-suzdurme-kasesi\/\" target=\"_blank\" rel=\"noopener noreferrer\">\u00c7oklu Dinlendirme ve S\u00fczd\u00fcrme Kasesi<\/a>[\/vc_column_text][\/vc_column][vc_column width=&#8221;1\/4&#8243;][vc_column_text]<a href=\"http:\/\/nesilplastik.com.tr\/tr\/coklu-kaliplar\/250-400-750-gr-coklu-sistem-teleme-ara-yukseltici-suzdurme-kalibi\/\" target=\"_blank\" rel=\"noopener noreferrer\"><img loading=\"lazy\" decoding=\"async\" class=\"alignnone wp-image-2269\" src=\"http:\/\/www.nesilplastik.com.tr\/tr\/wp-content\/uploads\/2017\/08\/White-Cheese-Stacking-Mold-Square-Seperator.png\" alt=\"\" width=\"180\" height=\"180\" \/><\/a><\/p>\n<p><a href=\"http:\/\/nesilplastik.com.tr\/tr\/coklu-kaliplar\/250-400-750-gr-coklu-sistem-teleme-ara-yukseltici-suzdurme-kalibi\/\" target=\"_blank\" rel=\"noopener noreferrer\">\u00c7oklu Sistem Teleme Ara Y\u00fckseltici S\u00fczd\u00fcrme Kal\u0131b\u0131<\/a>[\/vc_column_text][\/vc_column][vc_column width=&#8221;1\/4&#8243;][vc_column_text]<a href=\"http:\/\/nesilplastik.com.tr\/tr\/coklu-kaliplar\/beyaz-peynir-coklu-uretim-sistem-kalibi\/\" target=\"_blank\" rel=\"noopener noreferrer\"><img loading=\"lazy\" decoding=\"async\" class=\"alignnone wp-image-2270\" src=\"http:\/\/www.nesilplastik.com.tr\/tr\/wp-content\/uploads\/2017\/08\/white_feta_cheese_stacking_mold_1.png\" alt=\"\" width=\"180\" height=\"180\" \/><\/a><\/p>\n<p><a href=\"http:\/\/nesilplastik.com.tr\/tr\/coklu-kaliplar\/beyaz-peynir-coklu-uretim-sistem-kalibi\/\" target=\"_blank\" rel=\"noopener noreferrer\">Beyaz Peynir \u00c7oklu \u00dcretim Sistem Kal\u0131b\u0131 (Kare Tip) K\u0131sa Kenardan \u00a0Merkezlemeli<\/a>[\/vc_column_text][\/vc_column][vc_column width=&#8221;1\/4&#8243;][vc_column_text]<a href=\"http:\/\/nesilplastik.com.tr\/tr\/coklu-kaliplar\/beyaz-peynir-coklu-uretim-sistem-kalibi-kendinden-merkezlemeli\/\" target=\"_blank\" rel=\"noopener noreferrer\"><img loading=\"lazy\" decoding=\"async\" class=\"alignnone wp-image-2271\" src=\"http:\/\/www.nesilplastik.com.tr\/tr\/wp-content\/uploads\/2017\/08\/white_feta_cheese_stacking_mold_2.png\" alt=\"\" width=\"180\" height=\"180\" \/><\/a><\/p>\n<p><a href=\"http:\/\/nesilplastik.com.tr\/tr\/coklu-kaliplar\/beyaz-peynir-coklu-uretim-sistem-kalibi-kendinden-merkezlemeli\/\" target=\"_blank\" rel=\"noopener noreferrer\">Beyaz Peynir \u00c7oklu \u00dcretim Sistem Kal\u0131b\u0131 Kendinden Merkezlemeli<\/a>[\/vc_column_text][\/vc_column][\/vc_row][vc_row][vc_column width=&#8221;1\/4&#8243;][vc_column_text]<a href=\"http:\/\/nesilplastik.com.tr\/tr\/coklu-kaliplar\/beyaz-peynir-coklu-kalibi-yuvarlak-200-gr-kisa-kenardan-merkezlemeli\/\" target=\"_blank\" rel=\"noopener noreferrer\"><img loading=\"lazy\" decoding=\"async\" class=\"alignnone wp-image-2274\" src=\"http:\/\/www.nesilplastik.com.tr\/tr\/wp-content\/uploads\/2017\/08\/white_feta_cheese_stacking_mold_circular_1.png\" alt=\"\" width=\"180\" height=\"180\" \/><\/a><\/p>\n<p><a href=\"http:\/\/nesilplastik.com.tr\/tr\/coklu-kaliplar\/beyaz-peynir-coklu-kalibi-yuvarlak-200-gr-kisa-kenardan-ve-kendinden-merkezlemeli-kalip-tipleri\/\" target=\"_blank\" rel=\"noopener noreferrer\">\u00c7oklu\u00a0<\/a><a href=\"http:\/\/nesilplastik.com.tr\/tr\/coklu-kaliplar\/beyaz-peynir-coklu-kalibi-yuvarlak-200-gr-kisa-kenardan-merkezlemeli\/\" target=\"_blank\" rel=\"noopener noreferrer\">Beyaz Peynir Kal\u0131b\u0131 (Yuvarlak) 200 gr.<br \/>\nK\u0131sa Kenardan Merkezlemeli<\/a>[\/vc_column_text][\/vc_column][vc_column width=&#8221;1\/4&#8243;][vc_column_text]<a href=\"http:\/\/nesilplastik.com.tr\/tr\/coklu-kaliplar\/beyaz-peynir-coklu-kalibi-yuvarlak-200-gr-kisa-kenardan-ve-kendinden-merkezlemeli-kalip-tipleri\/\" target=\"_blank\" rel=\"noopener noreferrer\"><img loading=\"lazy\" decoding=\"async\" class=\"alignnone wp-image-2275\" src=\"http:\/\/www.nesilplastik.com.tr\/tr\/wp-content\/uploads\/2017\/08\/white_feta_cheese_stacking_mold_circular_2.png\" alt=\"\" width=\"180\" height=\"180\" \/><\/a><\/p>\n<p><a href=\"http:\/\/nesilplastik.com.tr\/tr\/coklu-kaliplar\/beyaz-peynir-coklu-kalibi-yuvarlak-200-gr-kisa-kenardan-ve-kendinden-merkezlemeli-kalip-tipleri\/\" target=\"_blank\" rel=\"noopener noreferrer\">\u00c7oklu Beyaz Peynir Kal\u0131b\u0131 (Yuvarlak) 250gr. Kendinden Merkezlemeli<\/a>[\/vc_column_text][\/vc_column][vc_column width=&#8221;1\/4&#8243;][vc_column_text]<a href=\"https:\/\/nesilplastik.com.tr\/tr\/coklu-kaliplar\/feta-peyniri-coklu-kaliplari\/\"><img loading=\"lazy\" decoding=\"async\" class=\"alignnone wp-image-3617\" src=\"https:\/\/nesilplastik.com.tr\/tr\/wp-content\/uploads\/2021\/02\/Feta-Peynir-Coklu-Kalibi.png\" alt=\"\" width=\"274\" height=\"180\" srcset=\"https:\/\/nesilplastik.com.tr\/tr\/wp-content\/uploads\/2021\/02\/Feta-Peynir-Coklu-Kalibi.png 456w, https:\/\/nesilplastik.com.tr\/tr\/wp-content\/uploads\/2021\/02\/Feta-Peynir-Coklu-Kalibi-768x505.png 768w\" sizes=\"auto, (max-width: 274px) 100vw, 274px\" \/><\/a><\/p>\n<p><a href=\"https:\/\/nesilplastik.com.tr\/tr\/coklu-kaliplar\/feta-peyniri-coklu-kaliplari\/\">Feta Peyniri \u00c7oklu Kal\u0131plar\u0131<\/a>[\/vc_column_text][\/vc_column][vc_column width=&#8221;1\/4&#8243;][vc_column_text]<a href=\"https:\/\/nesilplastik.com.tr\/tr\/coklu-kaliplar\/akkawi-peyniri-blok-kalibi-kenardan-merkezlemeli\/\"><img loading=\"lazy\" decoding=\"async\" class=\"alignnone wp-image-3640\" src=\"https:\/\/nesilplastik.com.tr\/tr\/wp-content\/uploads\/2021\/02\/BEZLI_AKKAWI_COKLU_URUN_WEB_.jpg\" alt=\"\" width=\"167\" height=\"180\" srcset=\"https:\/\/nesilplastik.com.tr\/tr\/wp-content\/uploads\/2021\/02\/BEZLI_AKKAWI_COKLU_URUN_WEB_.jpg 594w, https:\/\/nesilplastik.com.tr\/tr\/wp-content\/uploads\/2021\/02\/BEZLI_AKKAWI_COKLU_URUN_WEB_-768x827.jpg 768w\" sizes=\"auto, (max-width: 167px) 100vw, 167px\" \/><\/a><\/p>\n<p><a href=\"https:\/\/nesilplastik.com.tr\/tr\/coklu-kaliplar\/akkawi-peyniri-blok-kalibi-kenardan-merkezlemeli\/\">Akkawi Peyniri Blok Kal\u0131b\u0131 Kenardan Merkezlemeli<\/a>[\/vc_column_text][\/vc_column][\/vc_row][vc_row][vc_column width=&#8221;1\/4&#8243;][vc_column_text]<a href=\"https:\/\/nesilplastik.com.tr\/tr\/coklu-kaliplar\/keci-peyniri-coklu-kalibi\/\"><img loading=\"lazy\" decoding=\"async\" class=\"alignnone size-full wp-image-3939\" src=\"https:\/\/nesilplastik.com.tr\/tr\/wp-content\/uploads\/2021\/06\/Keci-Peyniri-Coklu-Kaliplari.jpg\" alt=\"\" width=\"180\" height=\"180\" srcset=\"https:\/\/nesilplastik.com.tr\/tr\/wp-content\/uploads\/2021\/06\/Keci-Peyniri-Coklu-Kaliplari.jpg 180w, https:\/\/nesilplastik.com.tr\/tr\/wp-content\/uploads\/2021\/06\/Keci-Peyniri-Coklu-Kaliplari-300x300.jpg 300w, https:\/\/nesilplastik.com.tr\/tr\/wp-content\/uploads\/2021\/06\/Keci-Peyniri-Coklu-Kaliplari-1024x1024.jpg 1024w, https:\/\/nesilplastik.com.tr\/tr\/wp-content\/uploads\/2021\/06\/Keci-Peyniri-Coklu-Kaliplari-150x150.jpg 150w, https:\/\/nesilplastik.com.tr\/tr\/wp-content\/uploads\/2021\/06\/Keci-Peyniri-Coklu-Kaliplari-768x768.jpg 768w, https:\/\/nesilplastik.com.tr\/tr\/wp-content\/uploads\/2021\/06\/Keci-Peyniri-Coklu-Kaliplari-1536x1536.jpg 1536w, https:\/\/nesilplastik.com.tr\/tr\/wp-content\/uploads\/2021\/06\/Keci-Peyniri-Coklu-Kaliplari-2048x2048.jpg 2048w\" sizes=\"auto, (max-width: 180px) 100vw, 180px\" \/><\/a><\/p>\n<p><a href=\"https:\/\/nesilplastik.com.tr\/tr\/coklu-kaliplar\/keci-peyniri-coklu-kalibi\/\">Ke\u00e7i Peyniri \u00c7oklu Kal\u0131plar\u0131<\/a>[\/vc_column_text][\/vc_column][vc_column width=&#8221;1\/4&#8243;][\/vc_column][vc_column width=&#8221;1\/4&#8243;][\/vc_column][vc_column width=&#8221;1\/4&#8243;][\/vc_column][\/vc_row][vc_row][vc_column][vc_column_text]<\/p>\n<h4><strong>Ka\u015far Peynir Modelleri<\/strong><\/h4>\n<p>[\/vc_column_text][\/vc_column][\/vc_row][vc_row][vc_column width=&#8221;1\/4&#8243;][vc_column_text]<a href=\"https:\/\/nesilplastik.com.tr\/tr\/coklu-kaliplar\/sert-yarisert-peynir-kalibi-blok-tip-kasar-700-gr\/\"><img loading=\"lazy\" decoding=\"async\" class=\"alignnone size-full wp-image-2964\" src=\"https:\/\/nesilplastik.com.tr\/tr\/wp-content\/uploads\/2017\/06\/hard_semihard_cheese_block_mold_1.png\" alt=\"\" width=\"300\" height=\"300\" srcset=\"https:\/\/nesilplastik.com.tr\/tr\/wp-content\/uploads\/2017\/06\/hard_semihard_cheese_block_mold_1.png 300w, https:\/\/nesilplastik.com.tr\/tr\/wp-content\/uploads\/2017\/06\/hard_semihard_cheese_block_mold_1-150x150.png 150w, https:\/\/nesilplastik.com.tr\/tr\/wp-content\/uploads\/2017\/06\/hard_semihard_cheese_block_mold_1-768x768.png 768w, https:\/\/nesilplastik.com.tr\/tr\/wp-content\/uploads\/2017\/06\/hard_semihard_cheese_block_mold_1-1024x1024.png 1024w\" sizes=\"auto, (max-width: 300px) 100vw, 300px\" \/><\/a><\/p>\n<p><a href=\"https:\/\/nesilplastik.com.tr\/tr\/coklu-kaliplar\/sert-yarisert-peynir-kalibi-blok-tip-kasar-700-gr\/\">Sert-Yar\u0131sert Peynir Kal\u0131b\u0131 Blok Tip \u00a0(Ka\u015far-700 gr.)<\/a>[\/vc_column_text][\/vc_column][vc_column width=&#8221;1\/4&#8243;][vc_column_text]<img loading=\"lazy\" decoding=\"async\" class=\"alignnone size-full wp-image-2964\" src=\"https:\/\/nesilplastik.com.tr\/tr\/wp-content\/uploads\/2017\/06\/hard_semihard_cheese_block_mold_1.png\" alt=\"\" width=\"300\" height=\"300\" srcset=\"https:\/\/nesilplastik.com.tr\/tr\/wp-content\/uploads\/2017\/06\/hard_semihard_cheese_block_mold_1.png 300w, https:\/\/nesilplastik.com.tr\/tr\/wp-content\/uploads\/2017\/06\/hard_semihard_cheese_block_mold_1-150x150.png 150w, https:\/\/nesilplastik.com.tr\/tr\/wp-content\/uploads\/2017\/06\/hard_semihard_cheese_block_mold_1-768x768.png 768w, https:\/\/nesilplastik.com.tr\/tr\/wp-content\/uploads\/2017\/06\/hard_semihard_cheese_block_mold_1-1024x1024.png 1024w\" sizes=\"auto, (max-width: 300px) 100vw, 300px\" \/><\/p>\n<p><a href=\"http:\/\/nesilplastik.com.tr\/tr\/coklu-kaliplar\/sert-yarisert-peynir-kalibi-blok-tip-kasar-1000-gr\/\" target=\"_blank\" rel=\"noopener\">Sert-Yar\u0131sert Peynir Kal\u0131b\u0131 Blok Tip (Ka\u015far-1000 gr.)<\/a>[\/vc_column_text][\/vc_column][vc_column width=&#8221;1\/4&#8243;][vc_column_text]<img loading=\"lazy\" decoding=\"async\" class=\"alignnone size-full wp-image-2965\" src=\"https:\/\/nesilplastik.com.tr\/tr\/wp-content\/uploads\/2017\/06\/hard_semihard_cheese_block_mold_2.png\" alt=\"\" width=\"300\" height=\"300\" srcset=\"https:\/\/nesilplastik.com.tr\/tr\/wp-content\/uploads\/2017\/06\/hard_semihard_cheese_block_mold_2.png 300w, https:\/\/nesilplastik.com.tr\/tr\/wp-content\/uploads\/2017\/06\/hard_semihard_cheese_block_mold_2-150x150.png 150w, https:\/\/nesilplastik.com.tr\/tr\/wp-content\/uploads\/2017\/06\/hard_semihard_cheese_block_mold_2-768x768.png 768w, https:\/\/nesilplastik.com.tr\/tr\/wp-content\/uploads\/2017\/06\/hard_semihard_cheese_block_mold_2-1024x1024.png 1024w\" sizes=\"auto, (max-width: 300px) 100vw, 300px\" \/><\/p>\n<p><a href=\"http:\/\/nesilplastik.com.tr\/tr\/coklu-kaliplar\/sert-yarisert-peynir-kalibi-blok-tip-kasar-2000-gr\/\" target=\"_blank\" rel=\"noopener\">Sert-Yar\u0131sert Peynir Kal\u0131b\u0131 Blok Tip \u00a0(Ka\u015far-2000 gr.)<\/a>[\/vc_column_text][\/vc_column][vc_column width=&#8221;1\/4&#8243;][vc_column_text]<img loading=\"lazy\" decoding=\"async\" class=\"alignnone size-full wp-image-2972\" src=\"https:\/\/nesilplastik.com.tr\/tr\/wp-content\/uploads\/2017\/06\/hard_semihard_cheese_picnic_type_mold_1.png\" alt=\"\" width=\"300\" height=\"300\" srcset=\"https:\/\/nesilplastik.com.tr\/tr\/wp-content\/uploads\/2017\/06\/hard_semihard_cheese_picnic_type_mold_1.png 300w, https:\/\/nesilplastik.com.tr\/tr\/wp-content\/uploads\/2017\/06\/hard_semihard_cheese_picnic_type_mold_1-150x150.png 150w, https:\/\/nesilplastik.com.tr\/tr\/wp-content\/uploads\/2017\/06\/hard_semihard_cheese_picnic_type_mold_1-768x768.png 768w, https:\/\/nesilplastik.com.tr\/tr\/wp-content\/uploads\/2017\/06\/hard_semihard_cheese_picnic_type_mold_1-1024x1024.png 1024w\" sizes=\"auto, (max-width: 300px) 100vw, 300px\" \/><\/p>\n<p><a href=\"http:\/\/nesilplastik.com.tr\/tr\/coklu-kaliplar\/piknik-tip-sert-yarisert-peynir-kaliplari\/\" target=\"_blank\" rel=\"noopener\">Piknik Tip Sert-Yar\u0131sert Peynir Kal\u0131b\u0131 500 gr. (Yuvarlak &#8211; Ka\u015far)<\/a>[\/vc_column_text][\/vc_column][\/vc_row][vc_row][vc_column width=&#8221;1\/4&#8243;][vc_column_text]<a href=\"https:\/\/nesilplastik.com.tr\/tr\/coklu-kaliplar\/hava-gecisli-kasar-peynir-coklu-kaliplar\/\" target=\"_blank\" rel=\"noopener\"><img loading=\"lazy\" decoding=\"async\" class=\"alignnone wp-image-3573\" src=\"https:\/\/nesilplastik.com.tr\/tr\/wp-content\/uploads\/2021\/02\/Hava-Gecisli-Kasar-Peynir-Coklu-Kaliplari.png\" alt=\"\" width=\"350\" height=\"226\" srcset=\"https:\/\/nesilplastik.com.tr\/tr\/wp-content\/uploads\/2021\/02\/Hava-Gecisli-Kasar-Peynir-Coklu-Kaliplari.png 464w, https:\/\/nesilplastik.com.tr\/tr\/wp-content\/uploads\/2021\/02\/Hava-Gecisli-Kasar-Peynir-Coklu-Kaliplari-768x496.png 768w\" sizes=\"auto, (max-width: 350px) 100vw, 350px\" \/><\/a><\/p>\n<p>&nbsp;<\/p>\n<p><a href=\"https:\/\/nesilplastik.com.tr\/tr\/coklu-kaliplar\/hava-gecisli-kasar-peynir-coklu-kaliplar\/\" target=\"_blank\" rel=\"noopener\">Hava Ge\u00e7i\u015fli Ka\u015far Peynir \u00c7oklu Kal\u0131plar\u0131<\/a>[\/vc_column_text][\/vc_column][vc_column width=&#8221;1\/4&#8243;][vc_column_text]<a href=\"https:\/\/nesilplastik.com.tr\/tr\/coklu-kaliplar\/piknik-form-hava-bosluklu\/\"><img loading=\"lazy\" decoding=\"async\" class=\"alignnone wp-image-3580\" src=\"https:\/\/nesilplastik.com.tr\/tr\/wp-content\/uploads\/2021\/02\/Piknik-Form-Hava-Bosluklu.png\" alt=\"\" width=\"350\" height=\"229\" srcset=\"https:\/\/nesilplastik.com.tr\/tr\/wp-content\/uploads\/2021\/02\/Piknik-Form-Hava-Bosluklu.png 458w, https:\/\/nesilplastik.com.tr\/tr\/wp-content\/uploads\/2021\/02\/Piknik-Form-Hava-Bosluklu-768x503.png 768w\" sizes=\"auto, (max-width: 350px) 100vw, 350px\" \/><\/a><\/p>\n<p>&nbsp;<\/p>\n<p><a href=\"https:\/\/nesilplastik.com.tr\/tr\/coklu-kaliplar\/piknik-form-hava-bosluklu\/\" target=\"_blank\" rel=\"noopener\">Piknik Form Hava Bo\u015fluklu<\/a>[\/vc_column_text][\/vc_column][vc_column width=&#8221;1\/4&#8243;][\/vc_column][vc_column width=&#8221;1\/4&#8243;][\/vc_column][\/vc_row][vc_row][vc_column][vc_column_text]<\/p>\n<h4><strong>Camembert Peynir Modelleri<\/strong><\/h4>\n<p>[\/vc_column_text][\/vc_column][\/vc_row][vc_row][vc_column width=&#8221;1\/4&#8243;][vc_column_text]<a href=\"http:\/\/nesilplastik.com.tr\/tr\/coklu-kaliplar\/peynir-dinlendirme-suzdurme-platesi\"><img loading=\"lazy\" decoding=\"async\" class=\"alignnone wp-image-3570\" src=\"https:\/\/nesilplastik.com.tr\/tr\/wp-content\/uploads\/2021\/02\/Peynir-Dinlendirme-Suzdurme-Platesi.png\" alt=\"\" width=\"426\" height=\"250\" srcset=\"https:\/\/nesilplastik.com.tr\/tr\/wp-content\/uploads\/2021\/02\/Peynir-Dinlendirme-Suzdurme-Platesi.png 511w, https:\/\/nesilplastik.com.tr\/tr\/wp-content\/uploads\/2021\/02\/Peynir-Dinlendirme-Suzdurme-Platesi-768x450.png 768w\" sizes=\"auto, (max-width: 426px) 100vw, 426px\" \/><\/a><\/p>\n<p><a href=\"http:\/\/nesilplastik.com.tr\/tr\/coklu-kaliplar\/peynir-dinlendirme-suzdurme-platesi\" target=\"_blank\" rel=\"noopener\">Peynir Dinlendirme S\u00fczd\u00fcrme Platesi<\/a>[\/vc_column_text][\/vc_column][vc_column width=&#8221;1\/4&#8243;][vc_column_text]<a href=\"https:\/\/nesilplastik.com.tr\/tr\/coklu-kaliplar\/peynir-dinlendirme-suzdurme-seperatoru\/\" target=\"_blank\" rel=\"noopener\"><img loading=\"lazy\" decoding=\"async\" class=\"alignnone wp-image-3571\" src=\"https:\/\/nesilplastik.com.tr\/tr\/wp-content\/uploads\/2021\/02\/Dinlendirme-Suzdurme-Seperatoru.png\" alt=\"\" width=\"461\" height=\"250\" srcset=\"https:\/\/nesilplastik.com.tr\/tr\/wp-content\/uploads\/2021\/02\/Dinlendirme-Suzdurme-Seperatoru.png 553w, https:\/\/nesilplastik.com.tr\/tr\/wp-content\/uploads\/2021\/02\/Dinlendirme-Suzdurme-Seperatoru-768x416.png 768w\" sizes=\"auto, (max-width: 461px) 100vw, 461px\" \/><\/a><\/p>\n<p><a href=\"https:\/\/nesilplastik.com.tr\/tr\/coklu-kaliplar\/peynir-dinlendirme-suzdurme-seperatoru\/\" target=\"_blank\" rel=\"noopener\">Dinlendirme S\u00fczd\u00fcrme Seperat\u00f6r\u00fc<\/a>[\/vc_column_text][\/vc_column][vc_column width=&#8221;1\/4&#8243;][\/vc_column][\/vc_row][vc_column width=&#8221;1\/4&#8243;][\/vc_column]<\/p>\n<\/section>","protected":false},"excerpt":{"rendered":"<p>[vc_row][vc_column][\/vc_column][\/vc_row][vc_row][vc_column][\/vc_column][\/vc_row][vc_row][vc_column][\/vc_column][\/vc_row][vc_row][vc_column][\/vc_column][\/vc_row][vc_row][vc_column][\/vc_column][\/vc_row][vc_row][vc_column][\/vc_column][\/vc_row][vc_row][vc_column width=&#8221;1\/2&#8243;][vc_column_text] &nbsp; [\/vc_column_text][\/vc_column][vc_column width=&#8221;1\/2&#8243;][vc_column_text]\u00c7oklu Peynir Kal\u0131plar\u0131[\/vc_column_text][\/vc_column][\/vc_row][vc_row][vc_column][vc_column_text] Beyaz Peynir Modelleri [\/vc_column_text][\/vc_column][\/vc_row][vc_row][vc_column width=&#8221;1\/4&#8243;][vc_column_text] \u00c7oklu Dinlendirme ve S\u00fczd\u00fcrme Kasesi[\/vc_column_text][\/vc_column][vc_column width=&#8221;1\/4&#8243;][vc_column_text] \u00c7oklu Sistem Teleme Ara Y\u00fckseltici S\u00fczd\u00fcrme Kal\u0131b\u0131[\/vc_column_text][\/vc_column][vc_column width=&#8221;1\/4&#8243;][vc_column_text] Beyaz Peynir \u00c7oklu \u00dcretim Sistem Kal\u0131b\u0131 (Kare Tip) K\u0131sa Kenardan \u00a0Merkezlemeli[\/vc_column_text][\/vc_column][vc_column width=&#8221;1\/4&#8243;][vc_column_text] Beyaz Peynir \u00c7oklu \u00dcretim Sistem Kal\u0131b\u0131 Kendinden Merkezlemeli[\/vc_column_text][\/vc_column][\/vc_row][vc_row][vc_column width=&#8221;1\/4&#8243;][vc_column_text] \u00c7oklu\u00a0Beyaz Peynir Kal\u0131b\u0131 (Yuvarlak) 200 gr. K\u0131sa Kenardan [&hellip;]<\/p>\n","protected":false},"author":2,"featured_media":0,"parent":0,"menu_order":0,"comment_status":"closed","ping_status":"closed","template":"page-templates\/template-canvas.php","meta":{"footnotes":""},"class_list":["post-2263","page","type-page","status-publish","hentry"],"_links":{"self":[{"href":"https:\/\/nesilplastik.com.tr\/tr\/wp-json\/wp\/v2\/pages\/2263","targetHints":{"allow":["GET"]}}],"collection":[{"href":"https:\/\/nesilplastik.com.tr\/tr\/wp-json\/wp\/v2\/pages"}],"about":[{"href":"https:\/\/nesilplastik.com.tr\/tr\/wp-json\/wp\/v2\/types\/page"}],"author":[{"embeddable":true,"href":"https:\/\/nesilplastik.com.tr\/tr\/wp-json\/wp\/v2\/users\/2"}],"replies":[{"embeddable":true,"href":"https:\/\/nesilplastik.com.tr\/tr\/wp-json\/wp\/v2\/comments?post=2263"}],"version-history":[{"count":0,"href":"https:\/\/nesilplastik.com.tr\/tr\/wp-json\/wp\/v2\/pages\/2263\/revisions"}],"wp:attachment":[{"href":"https:\/\/nesilplastik.com.tr\/tr\/wp-json\/wp\/v2\/media?parent=2263"}],"curies":[{"name":"wp","href":"https:\/\/api.w.org\/{rel}","templated":true}]}}